{"id":744944,"date":"2025-08-28T02:08:13","date_gmt":"2025-08-27T23:08:13","guid":{"rendered":"https:\/\/roveyayinevi.com.tr\/index.php\/urun\/is-ahlaki\/"},"modified":"2026-04-16T02:56:47","modified_gmt":"2026-04-15T23:56:47","slug":"is-ahlaki","status":"publish","type":"product","link":"https:\/\/roveyayinevi.com.tr\/index.php\/urun\/is-ahlaki\/","title":{"rendered":"\u0130\u015f Ahlak\u0131"},"content":{"rendered":"<p>1.      B\u00f6l\u00fcm AHLAK KAVRAMI ve AHLAK\u0130 TEOR\u0130LER   2.      B\u00f6l\u00fcm \u0130\u015e AHLAKI KAVRAMI ve TAR\u0130HSEL GEL\u0130\u015e\u0130M\u0130   3.      B\u00f6l\u00fcm ET\u0130K KODLAR   4.      B\u00f6l\u00fcm AHLAK\u0130 KARAR VERME S\u00dcREC\u0130 ve AHLAK\u0130 KARAR VERME MODELLER\u0130   5.      B\u00f6l\u00fcm \u0130\u015e AHLAKINA UYGUN OLAN DAVRANI\u015eLAR   6.      B\u00f6l\u00fcm \u0130\u015e AHLAKINA UYGUN OLMAYAN DAVRANI\u015eLAR   <\/p>\n","protected":false},"excerpt":{"rendered":"<p>1. B\u00f6l\u00fcm AHLAK KAVRAMI ve AHLAK\u0130 TEOR\u0130LER 2. B\u00f6l\u00fcm \u0130\u015e AHLAKI KAVRAMI ve TAR\u0130HSEL GEL\u0130\u015e\u0130M\u0130 3. B\u00f6l\u00fcm ET\u0130K KODLAR 4. B\u00f6l\u00fcm AHLAK\u0130 KARAR VERME S\u00dcREC\u0130 ve<span class=\"excerpt-hellip\"> [\u2026]<\/span><\/p>\n","protected":false},"featured_media":0,"template":"","meta":{"_monsterinsights_skip_tracking":false,"_monsterinsights_sitenote_active":false,"_monsterinsights_sitenote_note":"","_monsterinsights_sitenote_category":0},"product_brand":[],"product_cat":[20333,13043],"product_tag":[],"class_list":{"0":"post-744944","1":"product","2":"type-product","3":"status-publish","5":"product_cat-diger-ekonomi","6":"product_cat-ekonomi","7":"pa_cilt-ciltsiz","8":"pa_tur-kitap","9":"pa_yayinevi-gazi-kitabevi","10":"pa_yazar-abdurrahman-calik","12":"first","13":"instock","14":"sale","15":"shipping-taxable","16":"purchasable","17":"product-type-simple"},"_links":{"self":[{"href":"https:\/\/roveyayinevi.com.tr\/index.php\/wp-json\/wp\/v2\/product\/744944","targetHints":{"allow":["GET"]}}],"collection":[{"href":"https:\/\/roveyayinevi.com.tr\/index.php\/wp-json\/wp\/v2\/product"}],"about":[{"href":"https:\/\/roveyayinevi.com.tr\/index.php\/wp-json\/wp\/v2\/types\/product"}],"wp:attachment":[{"href":"https:\/\/roveyayinevi.com.tr\/index.php\/wp-json\/wp\/v2\/media?parent=744944"}],"wp:term":[{"taxonomy":"product_brand","embeddable":true,"href":"https:\/\/roveyayinevi.com.tr\/index.php\/wp-json\/wp\/v2\/product_brand?post=744944"},{"taxonomy":"product_cat","embeddable":true,"href":"https:\/\/roveyayinevi.com.tr\/index.php\/wp-json\/wp\/v2\/product_cat?post=744944"},{"taxonomy":"product_tag","embeddable":true,"href":"https:\/\/roveyayinevi.com.tr\/index.php\/wp-json\/wp\/v2\/product_tag?post=744944"}],"curies":[{"name":"wp","href":"https:\/\/api.w.org\/{rel}","templated":true}]}}