{"id":744942,"date":"2025-08-28T02:08:11","date_gmt":"2025-08-27T23:08:11","guid":{"rendered":"https:\/\/roveyayinevi.com.tr\/index.php\/urun\/fransa-ve-turkiye-nin-beden-egitimi-ve-spor-ogretmeni-yetistirme-ders-programlarinin-karsilastirilmasi\/"},"modified":"2026-04-16T02:56:47","modified_gmt":"2026-04-15T23:56:47","slug":"fransa-ve-turkiye-nin-beden-egitimi-ve-spor-ogretmeni-yetistirme-ders-programlarinin-karsilastirilmasi","status":"publish","type":"product","link":"https:\/\/roveyayinevi.com.tr\/index.php\/urun\/fransa-ve-turkiye-nin-beden-egitimi-ve-spor-ogretmeni-yetistirme-ders-programlarinin-karsilastirilmasi\/","title":{"rendered":"Fransa ve T\u00fcrkiye&#8217; nin Beden E\u011fitimi ve Spor \u00d6\u011fretmeni Yeti\u015ftirme Ders Programlar\u0131n\u0131n Kar\u015f\u0131la\u015ft\u0131r\u0131lmas\u0131"},"content":{"rendered":"<p>KAVRAMSAL \u00c7ER\u00c7EVE Kar\u015f\u0131la\u015ft\u0131rmal\u0131 E\u011fitim Kar\u015f\u0131la\u015ft\u0131rmal\u0131 E\u011fitimin Ama\u00e7lar\u0131 Kar\u015f\u0131la\u015ft\u0131rmal\u0131 E\u011fitim Alan\u0131n\u0131n Tarihsel Geli\u015fimi D\u00fcnyada ve T\u00fcrkiye\u2019de Beden E\u011fitimi ve Spor Alan\u0131nda Kar\u015f\u0131la\u015ft\u0131rmal\u0131 E\u011fitim   FRANSA Frans\u0131z E\u011fitim Sisteminin Ama\u00e7 ve Politikalar\u0131 Fransa\u2019n\u0131n Spor Politikas\u0131 Fransa\u2019da Beden E\u011fitimi ve Sporun Geli\u015fimi Frans\u0131z E\u011fitim Sistemi Fransa\u2019da Y\u00fcksek\u00f6\u011fretim Sistemi Fransa\u2019da Y\u00fcksek\u00f6\u011fretimin Yap\u0131s\u0131 Fransa\u2019da \u00dcniversiteye Giri\u015f Sistemi Fransa\u2019da \u00d6\u011fretmen Yeti\u015ftirme Sistemi Fransa\u2019da Beden E\u011fitimi ve Spor \u00d6\u011fretmeni Yeti\u015ftirilmesi   T\u00dcRK\u0130YE T\u00fcrk E\u011fitim Sisteminin Ama\u00e7 ve Politikalar\u0131 T\u00fcrkiye\u2019de Spor Politikalar\u0131 T\u00fcrkiye\u2019de Beden E\u011fitimi ve Sporun Geli\u015fimi T\u00fcrk E\u011fitim Sistemi T\u00fcrkiye\u2019de Y\u00fcksek\u00f6\u011fretim Sistemi T\u00fcrkiye\u2019de Y\u00fcksek\u00f6\u011fretime Giri\u015f T\u00fcrkiye\u2019de \u00d6\u011fretmen Yeti\u015ftirme Sistemi T\u00fcrkiye\u2019de Beden E\u011fitimi ve Spor \u00d6\u011fretmeni Yeti\u015ftirilmesi   Y\u00d6NTEM Ara\u015ft\u0131rman\u0131n Modeli Verilerin Toplanmas\u0131 Verilerin Analizi Evren ve \u00d6rneklem   BULGULAR Fransa ve T\u00fcrkiye\u2019nin Beden E\u011fitimi \u00d6\u011fretmeni Yeti\u015ftirme Sistemine \u0130li\u015fkin Bulgular Tu\u0308rkiye\u2019de Beden E\u011fitimi ve Spor \u00d6\u011fretmeni Yeti\u015ftirme Program\u0131 Fransa\u2019da Beden E\u011fitimi ve Spor \u00d6\u011fretmeni Yeti\u015ftirme Programlar\u0131 Nantes \u00dcniversitesi Montpellier \u00dcniversitesi Savoie Mont Blanc \u00dcniversitesi   <\/p>\n","protected":false},"excerpt":{"rendered":"<p>KAVRAMSAL \u00c7ER\u00c7EVE Kar\u015f\u0131la\u015ft\u0131rmal\u0131 E\u011fitim Kar\u015f\u0131la\u015ft\u0131rmal\u0131 E\u011fitimin Ama\u00e7lar\u0131 Kar\u015f\u0131la\u015ft\u0131rmal\u0131 E\u011fitim Alan\u0131n\u0131n Tarihsel Geli\u015fimi D\u00fcnyada ve T\u00fcrkiye\u2019de Beden E\u011fitimi ve Spor Alan\u0131nda Kar\u015f\u0131la\u015ft\u0131rmal\u0131 E\u011fitim FRANSA Frans\u0131z E\u011fitim Sisteminin<span class=\"excerpt-hellip\"> [\u2026]<\/span><\/p>\n","protected":false},"featured_media":0,"template":"","meta":{"_monsterinsights_skip_tracking":false,"_monsterinsights_sitenote_active":false,"_monsterinsights_sitenote_note":"","_monsterinsights_sitenote_category":0},"product_brand":[],"product_cat":[12573,12566],"product_tag":[],"class_list":{"0":"post-744942","1":"product","2":"type-product","3":"status-publish","5":"product_cat-akademik-kitaplar","6":"product_cat-egitim","7":"pa_cilt-ciltsiz","8":"pa_tur-kitap","9":"pa_yayinevi-gazi-kitabevi","10":"pa_yazar-hulya-andre-mehmet-guclu","12":"first","13":"instock","14":"sale","15":"shipping-taxable","16":"purchasable","17":"product-type-simple"},"_links":{"self":[{"href":"https:\/\/roveyayinevi.com.tr\/index.php\/wp-json\/wp\/v2\/product\/744942","targetHints":{"allow":["GET"]}}],"collection":[{"href":"https:\/\/roveyayinevi.com.tr\/index.php\/wp-json\/wp\/v2\/product"}],"about":[{"href":"https:\/\/roveyayinevi.com.tr\/index.php\/wp-json\/wp\/v2\/types\/product"}],"wp:attachment":[{"href":"https:\/\/roveyayinevi.com.tr\/index.php\/wp-json\/wp\/v2\/media?parent=744942"}],"wp:term":[{"taxonomy":"product_brand","embeddable":true,"href":"https:\/\/roveyayinevi.com.tr\/index.php\/wp-json\/wp\/v2\/product_brand?post=744942"},{"taxonomy":"product_cat","embeddable":true,"href":"https:\/\/roveyayinevi.com.tr\/index.php\/wp-json\/wp\/v2\/product_cat?post=744942"},{"taxonomy":"product_tag","embeddable":true,"href":"https:\/\/roveyayinevi.com.tr\/index.php\/wp-json\/wp\/v2\/product_tag?post=744942"}],"curies":[{"name":"wp","href":"https:\/\/api.w.org\/{rel}","templated":true}]}}