{"id":744940,"date":"2025-08-28T02:08:08","date_gmt":"2025-08-27T23:08:08","guid":{"rendered":"https:\/\/roveyayinevi.com.tr\/index.php\/urun\/abd-belgelerine-gore-ataturkun-olumunun-perde-arkasi\/"},"modified":"2026-04-16T02:56:47","modified_gmt":"2026-04-15T23:56:47","slug":"abd-belgelerine-gore-ataturkun-olumunun-perde-arkasi","status":"publish","type":"product","link":"https:\/\/roveyayinevi.com.tr\/index.php\/urun\/abd-belgelerine-gore-ataturkun-olumunun-perde-arkasi\/","title":{"rendered":"ABD Belgelerine G\u00f6re Atat\u00fcrk&#8217;\u00fcn \u00d6l\u00fcm\u00fcn\u00fcn Perde Arkas\u0131"},"content":{"rendered":"<p>Atat\u00fcrk\u2019\u00fcn hastalanmas\u0131 ve vefat\u0131 s\u00fcrecini ele alan bu \u00e7al\u0131\u015fma hemen hemen b\u00fct\u00fcn\u00fcyle ABD diplomatik ar\u015fivinden elde edilebilen belgeler \u00e7er\u00e7evesinde konuya a\u00e7\u0131kl\u0131k getirmek amac\u0131yla kaleme al\u0131nm\u0131\u015ft\u0131r. Amerika\u2019da yay\u0131n hayat\u0131n\u0131 s\u00fcrd\u00fcren KEN ve LIFE dergilerinin hasta yata\u011f\u0131nda yatan Atat\u00fcrk\u2019e kar\u015f\u0131 d\u00fczenlemi\u015f olduklar\u0131 itibar suikastlar\u0131 ise \u00e7al\u0131\u015fman\u0131n, bilinirlik derecesi itibar\u0131yla, belki de en \u00f6zg\u00fcn k\u0131s\u0131mlar\u0131ndan birisini olu\u015fturmu\u015ftur. Atat\u00fcrk\u2019\u00fcn Kas\u0131m 1938\u2019de ger\u00e7ekle\u015fen vefat\u0131 nedeni, \u015fekli ve yeri gibi konular hakk\u0131nda bilgi verilmi\u015f, o g\u00fcne kadar Alman ve \u0130talyanlar\u0131n kendisini \u00f6ld\u00fcrmek \u00fczere kimlerle temasa ge\u00e7ip ka\u00e7 defa suikast giri\u015fiminde bulunduklar\u0131 \u00fczerinde durulmu\u015ftur. <\/p>\n","protected":false},"excerpt":{"rendered":"<p>Atat\u00fcrk\u2019\u00fcn hastalanmas\u0131 ve vefat\u0131 s\u00fcrecini ele alan bu \u00e7al\u0131\u015fma hemen hemen b\u00fct\u00fcn\u00fcyle ABD diplomatik ar\u015fivinden elde edilebilen belgeler \u00e7er\u00e7evesinde konuya a\u00e7\u0131kl\u0131k getirmek amac\u0131yla kaleme al\u0131nm\u0131\u015ft\u0131r. Amerika\u2019da<span class=\"excerpt-hellip\"> [\u2026]<\/span><\/p>\n","protected":false},"featured_media":0,"template":"","meta":{"_monsterinsights_skip_tracking":false,"_monsterinsights_sitenote_active":false,"_monsterinsights_sitenote_note":"","_monsterinsights_sitenote_category":0},"product_brand":[],"product_cat":[12370,12304],"product_tag":[],"class_list":{"0":"post-744940","1":"product","2":"type-product","3":"status-publish","5":"product_cat-arastirma-inceleme","6":"product_cat-tarih","7":"pa_cilt-ciltsiz","8":"pa_tur-kitap","9":"pa_yayinevi-altinordu-yayinlari","10":"pa_yazar-mehmet-metin-hulagu","12":"first","13":"instock","14":"sale","15":"shipping-taxable","16":"purchasable","17":"product-type-simple"},"_links":{"self":[{"href":"https:\/\/roveyayinevi.com.tr\/index.php\/wp-json\/wp\/v2\/product\/744940","targetHints":{"allow":["GET"]}}],"collection":[{"href":"https:\/\/roveyayinevi.com.tr\/index.php\/wp-json\/wp\/v2\/product"}],"about":[{"href":"https:\/\/roveyayinevi.com.tr\/index.php\/wp-json\/wp\/v2\/types\/product"}],"wp:attachment":[{"href":"https:\/\/roveyayinevi.com.tr\/index.php\/wp-json\/wp\/v2\/media?parent=744940"}],"wp:term":[{"taxonomy":"product_brand","embeddable":true,"href":"https:\/\/roveyayinevi.com.tr\/index.php\/wp-json\/wp\/v2\/product_brand?post=744940"},{"taxonomy":"product_cat","embeddable":true,"href":"https:\/\/roveyayinevi.com.tr\/index.php\/wp-json\/wp\/v2\/product_cat?post=744940"},{"taxonomy":"product_tag","embeddable":true,"href":"https:\/\/roveyayinevi.com.tr\/index.php\/wp-json\/wp\/v2\/product_tag?post=744940"}],"curies":[{"name":"wp","href":"https:\/\/api.w.org\/{rel}","templated":true}]}}