{"id":744938,"date":"2025-08-28T02:08:06","date_gmt":"2025-08-27T23:08:06","guid":{"rendered":"https:\/\/roveyayinevi.com.tr\/index.php\/urun\/dunyanin-ilk-romani\/"},"modified":"2026-03-13T02:52:41","modified_gmt":"2026-03-12T23:52:41","slug":"dunyanin-ilk-romani","status":"publish","type":"product","link":"https:\/\/roveyayinevi.com.tr\/index.php\/urun\/dunyanin-ilk-romani\/","title":{"rendered":"D\u00fcnyan\u0131n \u0130lk Roman\u0131"},"content":{"rendered":"<p>Merak edip arka kapa\u011f\u0131n\u0131 \u00e7evirdi\u011finiz bu kitap sizi bir zaman yolculu\u011funa \u00e7\u0131karacak. S\u00fcmer \u00fclkesinin sokaklar\u0131nda y\u00fcr\u00fcyecek, tap\u0131naklar\u0131na gidecek, yemeklerinden tadacaks\u0131n\u0131z. Be\u015f bin y\u0131ll\u0131k r\u00fczg\u00e2rlar de\u011fecek sa\u00e7lar\u0131n\u0131za\u2026 A\u015fk\u0131n ve \u00f6l\u00fcm\u00fcn penceresinden hayat\u0131 ve insan\u0131 yeniden d\u00fc\u015f\u00fcneceksiniz.     \u201cB\u00f6yle sakallar\u0131m\u0131n a\u011fard\u0131\u011f\u0131, sesimin inceldi\u011fi, y\u00fcz\u00fcm\u00fcn derinle\u015ferek F\u0131rat\u2019\u0131n ve Dicle\u2019nin kanallar\u0131 gibi oyuk oyuk \u00e7\u00f6kt\u00fc\u011f\u00fc, g\u00f6zlerimin keskinli\u011fini yitirdi\u011fi, kalbimin buru\u015fup, unutma iklimine girdi\u011fi bu ya\u015f\u0131mda sadece korkak ve al\u00e7ak da de\u011fildim \u00fcstelik, barbar ve ikiy\u00fczl\u00fcyd\u00fcm de.     B\u00fct\u00fcn \u015fehirlerin surlar\u0131 y\u0131k\u0131lm\u0131\u015ft\u0131 birden. Akarsular kurumu\u015ftu. B\u00fct\u00fcn ku\u015flar g\u00f6ky\u00fcz\u00fcnden \u00e7ekilmi\u015fti. Sabahlar lekelenmi\u015f, ak\u015famlar kendi karanl\u0131klar\u0131na g\u00f6m\u00fclm\u00fc\u015ft\u00fc. Olmu\u015f, olmakta olan ve olacak olan her \u015fey birdenbire yok olmu\u015ftu.     Yery\u00fcz\u00fc kibirli ayaklar\u0131m\u0131n alt\u0131ndan \u00e7ekilmi\u015f, beni dipsiz bir bo\u015flu\u011fa d\u00fc\u015f\u00fcrm\u00fc\u015ft\u00fc.     G\u00f6ky\u00fcz\u00fcn\u00fcn b\u00fct\u00fcn y\u0131ld\u0131zlar\u0131 ve g\u00fcne\u015fin b\u00fct\u00fcn s\u0131cakl\u0131\u011f\u0131, \u00fcst\u00fcme d\u00fc\u015fman askerleri gibi \u00e7\u00f6-reklenmi\u015fti.\u201d <\/p>\n","protected":false},"excerpt":{"rendered":"<p>Merak edip arka kapa\u011f\u0131n\u0131 \u00e7evirdi\u011finiz bu kitap sizi bir zaman yolculu\u011funa \u00e7\u0131karacak. S\u00fcmer \u00fclkesinin sokaklar\u0131nda y\u00fcr\u00fcyecek, tap\u0131naklar\u0131na gidecek, yemeklerinden tadacaks\u0131n\u0131z. Be\u015f bin y\u0131ll\u0131k r\u00fczg\u00e2rlar de\u011fecek sa\u00e7lar\u0131n\u0131za\u2026<span class=\"excerpt-hellip\"> [\u2026]<\/span><\/p>\n","protected":false},"featured_media":0,"template":"","meta":{"_monsterinsights_skip_tracking":false,"_monsterinsights_sitenote_active":false,"_monsterinsights_sitenote_note":"","_monsterinsights_sitenote_category":0},"product_brand":[],"product_cat":[12291,12711],"product_tag":[],"class_list":{"0":"post-744938","1":"product","2":"type-product","3":"status-publish","5":"product_cat-edebiyat","6":"product_cat-roman-oyku","7":"pa_cilt-ciltsiz","8":"pa_tur-kitap","9":"pa_yayinevi-kirmizi-cati-yayinlari","10":"pa_yazar-sedat-delioglu","12":"first","13":"instock","14":"sale","15":"shipping-taxable","16":"purchasable","17":"product-type-simple"},"_links":{"self":[{"href":"https:\/\/roveyayinevi.com.tr\/index.php\/wp-json\/wp\/v2\/product\/744938","targetHints":{"allow":["GET"]}}],"collection":[{"href":"https:\/\/roveyayinevi.com.tr\/index.php\/wp-json\/wp\/v2\/product"}],"about":[{"href":"https:\/\/roveyayinevi.com.tr\/index.php\/wp-json\/wp\/v2\/types\/product"}],"wp:attachment":[{"href":"https:\/\/roveyayinevi.com.tr\/index.php\/wp-json\/wp\/v2\/media?parent=744938"}],"wp:term":[{"taxonomy":"product_brand","embeddable":true,"href":"https:\/\/roveyayinevi.com.tr\/index.php\/wp-json\/wp\/v2\/product_brand?post=744938"},{"taxonomy":"product_cat","embeddable":true,"href":"https:\/\/roveyayinevi.com.tr\/index.php\/wp-json\/wp\/v2\/product_cat?post=744938"},{"taxonomy":"product_tag","embeddable":true,"href":"https:\/\/roveyayinevi.com.tr\/index.php\/wp-json\/wp\/v2\/product_tag?post=744938"}],"curies":[{"name":"wp","href":"https:\/\/api.w.org\/{rel}","templated":true}]}}