{"id":744936,"date":"2025-08-28T02:08:03","date_gmt":"2025-08-27T23:08:03","guid":{"rendered":"https:\/\/roveyayinevi.com.tr\/index.php\/urun\/bilim-okulu-meta-dunyalara-yolculuk\/"},"modified":"2026-04-16T02:56:47","modified_gmt":"2026-04-15T23:56:47","slug":"bilim-okulu-meta-dunyalara-yolculuk","status":"publish","type":"product","link":"https:\/\/roveyayinevi.com.tr\/index.php\/urun\/bilim-okulu-meta-dunyalara-yolculuk\/","title":{"rendered":"Bilim Okulu Meta D\u00fcnyalara Yolculuk"},"content":{"rendered":"<p>Y\u0131l 2018, G\u00fcl ve Can Mavi Palmiye\u2019nin alt\u0131nda tesad\u00fcfen kar\u015f\u0131la\u015f\u0131rlar. Birbirinden hi\u00e7 ho\u015flanmayan bu iki \u00e7ocuk tart\u0131\u015f\u0131rken ak\u0131llara durgunluk verecek bir \u201cBam\u201d sesiyle g\u00f6ky\u00fcz\u00fc yar\u0131l\u0131r ve metal bir k\u00fcre \u00e7al\u0131l\u0131klar\u0131n arkas\u0131na f\u0131rlar. Bu k\u00fcre de neyin nesidir? Bu patlaman\u0131n ard\u0131ndan kahramanlar\u0131m\u0131z 215 y\u0131l sonras\u0131na, gelece\u011fe giderek kendilerini farkl\u0131 bir maceran\u0131n i\u00e7inde bulurlar. Mavi-ye\u015fil gezegenimize benzeyen ORDEN\u2019e yerle\u015fen insanlar oray\u0131 da D\u00fcnya\u2019ya benzetmi\u015flerdir. Evrendeki t\u00fcm dengeler de\u011fi\u015fmi\u015ftir. Can\u2019\u0131n d\u00fczeltmesi gereken \u015feyler vard\u0131r. Kahramanlar\u0131m\u0131z yapay zekalar, robotlar, avatarlar ve hologramlar\u0131n oldu\u011fu bir D\u00fcnya\u2019dad\u0131r. Meta d\u00fcnyalarda da ya\u015fam vard\u0131r. Evrendeki t\u00fcm \u00e7ocuklar\u0131 D\u00fcnya\u2019daki meta d\u00fcnya FUTURGEN\u2019e hapseden nedir? Ve buradan \u00e7\u0131k\u0131\u015f\u0131 birlikte bulabilecekler mi? Bilim Okulu serisinin \u00fc\u00e7\u00fcnc\u00fc kitab\u0131 Meta D\u00fcnyalara Yolculuk sizi 2233 y\u0131l\u0131na davet ediyor. G\u00fcl ve Can ile zamanda yolculuk yapmaya haz\u0131r m\u0131s\u0131n\u0131z? <\/p>\n","protected":false},"excerpt":{"rendered":"<p>Y\u0131l 2018, G\u00fcl ve Can Mavi Palmiye\u2019nin alt\u0131nda tesad\u00fcfen kar\u015f\u0131la\u015f\u0131rlar. Birbirinden hi\u00e7 ho\u015flanmayan bu iki \u00e7ocuk tart\u0131\u015f\u0131rken ak\u0131llara durgunluk verecek bir \u201cBam\u201d sesiyle g\u00f6ky\u00fcz\u00fc yar\u0131l\u0131r ve<span class=\"excerpt-hellip\"> [\u2026]<\/span><\/p>\n","protected":false},"featured_media":0,"template":"","meta":{"_monsterinsights_skip_tracking":false,"_monsterinsights_sitenote_active":false,"_monsterinsights_sitenote_note":"","_monsterinsights_sitenote_category":0},"product_brand":[],"product_cat":[12689,12274],"product_tag":[],"class_list":{"0":"post-744936","1":"product","2":"type-product","3":"status-publish","5":"product_cat-cizgi-roman-cocuk-ve-genclik-kitaplari","6":"product_cat-cocuk-ve-genclik-kitaplari","7":"pa_cilt-ciltsiz","8":"pa_tur-kitap","9":"pa_yayinevi-eksik-parca-yayinlari","10":"pa_yazar-damla-kunc-kocman","12":"first","13":"instock","14":"sale","15":"shipping-taxable","16":"purchasable","17":"product-type-simple"},"_links":{"self":[{"href":"https:\/\/roveyayinevi.com.tr\/index.php\/wp-json\/wp\/v2\/product\/744936","targetHints":{"allow":["GET"]}}],"collection":[{"href":"https:\/\/roveyayinevi.com.tr\/index.php\/wp-json\/wp\/v2\/product"}],"about":[{"href":"https:\/\/roveyayinevi.com.tr\/index.php\/wp-json\/wp\/v2\/types\/product"}],"wp:attachment":[{"href":"https:\/\/roveyayinevi.com.tr\/index.php\/wp-json\/wp\/v2\/media?parent=744936"}],"wp:term":[{"taxonomy":"product_brand","embeddable":true,"href":"https:\/\/roveyayinevi.com.tr\/index.php\/wp-json\/wp\/v2\/product_brand?post=744936"},{"taxonomy":"product_cat","embeddable":true,"href":"https:\/\/roveyayinevi.com.tr\/index.php\/wp-json\/wp\/v2\/product_cat?post=744936"},{"taxonomy":"product_tag","embeddable":true,"href":"https:\/\/roveyayinevi.com.tr\/index.php\/wp-json\/wp\/v2\/product_tag?post=744936"}],"curies":[{"name":"wp","href":"https:\/\/api.w.org\/{rel}","templated":true}]}}