{"id":744933,"date":"2025-08-28T02:07:59","date_gmt":"2025-08-27T23:07:59","guid":{"rendered":"https:\/\/roveyayinevi.com.tr\/index.php\/urun\/oglun-tembel-degil\/"},"modified":"2026-04-16T02:56:47","modified_gmt":"2026-04-15T23:56:47","slug":"oglun-tembel-degil","status":"publish","type":"product","link":"https:\/\/roveyayinevi.com.tr\/index.php\/urun\/oglun-tembel-degil\/","title":{"rendered":"O\u011flun Tembel De\u011fil"},"content":{"rendered":"<p>O\u011flunuz, \u2018\u00f6zg\u00fcvenli bir yeti\u015fkin olma\u2019 evresinde sadece fiziksel de\u011fi\u015fimlerle de\u011fil ayn\u0131 zamanda -birka\u00e7 y\u0131l \u00f6ncesine kadar onun i\u00e7in hi\u00e7bir anlam\u0131 olmayan ama art\u0131k cevaplanmas\u0131 gereken- derin sorularla da bo\u011fu\u015fmaktad\u0131r: Ben kimim? Neye inan\u0131yorum? Nas\u0131l biri olmal\u0131y\u0131m? \u0130stedi\u011fim ki\u015fi olmak i\u00e7in gerekenlere sahip miyim? Bu sorular bir s\u00fcre ge\u00e7i\u015ftirilse de gen\u00e7lerin akl\u0131n\u0131 o kadar me\u015fgul eder ki g\u00fcn i\u00e7erisinde karar verme s\u00fcre\u00e7lerini etkiler. Ergen geli\u015fim s\u00fcrecinin \u00f6nemli bir a\u015famas\u0131 olan kendini sorgulama s\u00fcreci hem heyecan verici hem de bunalt\u0131c\u0131d\u0131r. Beklentiler, yetersizlik duygusu ve ba\u015far\u0131s\u0131zl\u0131k korkusunu tetikleyerek \u00e7ocuklar\u0131n, \u00f6zellikle de erkek \u00e7ocuklar\u0131n\u0131n kafalar\u0131n\u0131n kar\u0131\u015fmas\u0131na yol a\u00e7ar. Pek \u00e7ok gen\u00e7 erkek bast\u0131r\u0131lm\u0131\u015f duygular\u0131yla ba\u015fa \u00e7\u0131kmakta zorlan\u0131r. \u00d6\u011fretmenleri veya ebeveynleri taraf\u0131ndan duyulmad\u0131klar\u0131n\u0131 hissettiklerinde i\u00e7lerine kapan\u0131rlar. Erkek \u00e7ocuklar rekabete ve bunun stresine kar\u015f\u0131 hassast\u0131r. Bu nedenle, ba\u015far\u0131l\u0131 olmalar\u0131 i\u00e7in erken ya\u015flarda yap\u0131lan bask\u0131, endi\u015felerini \u015fiddetlendirebilir. Klinik Psikolog Adam Price, O\u011flun Tembel De\u011fil\u2019de, ergenlik d\u00f6nemindeki erkek \u00e7ocuklar\u0131n\u0131n tembel olarak etiketlenmesine neden olan fiziksel ve duygusal de\u011fi\u015fiklikleri irdeliyor. Price, yirmi y\u0131l\u0131 a\u015fk\u0131n s\u00fcredir yapt\u0131\u011f\u0131 \u00e7al\u0131\u015fmalardan yola \u00e7\u0131karak, ba\u015far\u0131ya giden yolda gen\u00e7lerle ele ele ilerlemenin yollar\u0131n\u0131 aktar\u0131yor. Elinizde tutmakta oldu\u011funuz bu kitap, o\u011flunuzla sa\u011fl\u0131kl\u0131 bir ileti\u015fim kurman\u0131zda size rehberlik edecek!<\/p>\n","protected":false},"excerpt":{"rendered":"<p>O\u011flunuz, \u2018\u00f6zg\u00fcvenli bir yeti\u015fkin olma\u2019 evresinde sadece fiziksel de\u011fi\u015fimlerle de\u011fil ayn\u0131 zamanda -birka\u00e7 y\u0131l \u00f6ncesine kadar onun i\u00e7in hi\u00e7bir anlam\u0131 olmayan ama art\u0131k cevaplanmas\u0131 gereken- derin<span class=\"excerpt-hellip\"> [\u2026]<\/span><\/p>\n","protected":false},"featured_media":0,"template":"","meta":{"_monsterinsights_skip_tracking":false,"_monsterinsights_sitenote_active":false,"_monsterinsights_sitenote_note":"","_monsterinsights_sitenote_category":0},"product_brand":[],"product_cat":[12831,12324],"product_tag":[],"class_list":{"0":"post-744933","1":"product","2":"type-product","3":"status-publish","5":"product_cat-aile-ve-cocuk","6":"product_cat-sosyoloji","7":"pa_cilt-ciltsiz","8":"pa_tur-kitap","9":"pa_yayinevi-sola-unitas","10":"pa_yazar-adam-price","12":"first","13":"instock","14":"sale","15":"shipping-taxable","16":"purchasable","17":"product-type-simple"},"_links":{"self":[{"href":"https:\/\/roveyayinevi.com.tr\/index.php\/wp-json\/wp\/v2\/product\/744933","targetHints":{"allow":["GET"]}}],"collection":[{"href":"https:\/\/roveyayinevi.com.tr\/index.php\/wp-json\/wp\/v2\/product"}],"about":[{"href":"https:\/\/roveyayinevi.com.tr\/index.php\/wp-json\/wp\/v2\/types\/product"}],"wp:attachment":[{"href":"https:\/\/roveyayinevi.com.tr\/index.php\/wp-json\/wp\/v2\/media?parent=744933"}],"wp:term":[{"taxonomy":"product_brand","embeddable":true,"href":"https:\/\/roveyayinevi.com.tr\/index.php\/wp-json\/wp\/v2\/product_brand?post=744933"},{"taxonomy":"product_cat","embeddable":true,"href":"https:\/\/roveyayinevi.com.tr\/index.php\/wp-json\/wp\/v2\/product_cat?post=744933"},{"taxonomy":"product_tag","embeddable":true,"href":"https:\/\/roveyayinevi.com.tr\/index.php\/wp-json\/wp\/v2\/product_tag?post=744933"}],"curies":[{"name":"wp","href":"https:\/\/api.w.org\/{rel}","templated":true}]}}