{"id":744931,"date":"2025-08-28T02:07:57","date_gmt":"2025-08-27T23:07:57","guid":{"rendered":"https:\/\/roveyayinevi.com.tr\/index.php\/urun\/suphe-atlasi\/"},"modified":"2025-12-30T10:59:48","modified_gmt":"2025-12-30T07:59:48","slug":"suphe-atlasi","status":"publish","type":"product","link":"https:\/\/roveyayinevi.com.tr\/index.php\/urun\/suphe-atlasi\/","title":{"rendered":"\u015e\u00fcphe Atlas\u0131"},"content":{"rendered":"<p>\u0130\u00e7inde a\u015f\u0131r\u0131l\u0131\u011f\u0131n b\u00fcy\u00fcmesine izin verme, demi\u015f Hesiodos. A\u015f\u0131r\u0131l\u0131k kurban eder \u00e7\u00fcnk\u00fc kalbi ruha. \u0130nsano\u011flu a\u015f\u0131r\u0131l\u0131\u011fa yatk\u0131nd\u0131r ve onu s\u00fcr\u00fckleyen ip daima merakt\u0131r. Sorular\u0131m\u0131z\u0131n cevaplar\u0131n\u0131 ar\u0131yoruz hepimiz. Bu hikayede de dert sorular\u0131 sormak asl\u0131nda. Mutlu olmak i\u00e7in tercihler yapmak \u00fcst\u00fcne belki. Tercihleri aldan\u0131\u015flara m\u0131 ba\u011flamal\u0131 yoksa fark\u0131ndal\u0131klara m\u0131? Her biri yarat\u0131c\u0131, her biri zeki, her biri insan: Azra, Haluk, Seren ve Deniz. Her biri bir tercih. Soru hangimiz Azra, ka\u00e7\u0131m\u0131z Haluk, kim Seren ve ne kadar Deniz? \u201cAzra k\u0131p\u0131rdayam\u0131yordu. Burnunun ucunu yava\u015f\u00e7a sa\u00e7lar\u0131na g\u00f6mm\u00fc\u015f bu adamdan ka\u00e7am\u0131yordu. Deniz konu\u015ftuk\u00e7a kocaman bir hayal d\u00fcnyas\u0131na hapsolmu\u015f ama bu g\u00f6n\u00fcll\u00fc tutsakl\u0131k devam etsin isterken buluyordu kendini. Deniz\u2019in fethedeni kendi hayaletiydi demek. Kalbinden havalanan kelebekler midesine h\u00fccum ederken korkunun, hayat\u0131n, evlili\u011finin \u00e7ok uza\u011f\u0131nda hissediyordu yine kendini.\u201d <\/p>\n","protected":false},"excerpt":{"rendered":"<p>\u0130\u00e7inde a\u015f\u0131r\u0131l\u0131\u011f\u0131n b\u00fcy\u00fcmesine izin verme, demi\u015f Hesiodos. A\u015f\u0131r\u0131l\u0131k kurban eder \u00e7\u00fcnk\u00fc kalbi ruha. \u0130nsano\u011flu a\u015f\u0131r\u0131l\u0131\u011fa yatk\u0131nd\u0131r ve onu s\u00fcr\u00fckleyen ip daima merakt\u0131r. Sorular\u0131m\u0131z\u0131n cevaplar\u0131n\u0131 ar\u0131yoruz hepimiz.<span class=\"excerpt-hellip\"> [\u2026]<\/span><\/p>\n","protected":false},"featured_media":0,"template":"","meta":{"_monsterinsights_skip_tracking":false,"_monsterinsights_sitenote_active":false,"_monsterinsights_sitenote_note":"","_monsterinsights_sitenote_category":0},"product_brand":[],"product_cat":[12291,50487],"product_tag":[],"class_list":{"0":"post-744931","1":"product","2":"type-product","3":"status-publish","5":"product_cat-edebiyat","6":"product_cat-kurgu","7":"pa_cilt-ciltsiz","8":"pa_tur-kitap","9":"pa_yayinevi-arte","10":"pa_yazar-banu-mumcuoglu","12":"first","13":"instock","14":"sale","15":"shipping-taxable","16":"purchasable","17":"product-type-simple"},"_links":{"self":[{"href":"https:\/\/roveyayinevi.com.tr\/index.php\/wp-json\/wp\/v2\/product\/744931","targetHints":{"allow":["GET"]}}],"collection":[{"href":"https:\/\/roveyayinevi.com.tr\/index.php\/wp-json\/wp\/v2\/product"}],"about":[{"href":"https:\/\/roveyayinevi.com.tr\/index.php\/wp-json\/wp\/v2\/types\/product"}],"wp:attachment":[{"href":"https:\/\/roveyayinevi.com.tr\/index.php\/wp-json\/wp\/v2\/media?parent=744931"}],"wp:term":[{"taxonomy":"product_brand","embeddable":true,"href":"https:\/\/roveyayinevi.com.tr\/index.php\/wp-json\/wp\/v2\/product_brand?post=744931"},{"taxonomy":"product_cat","embeddable":true,"href":"https:\/\/roveyayinevi.com.tr\/index.php\/wp-json\/wp\/v2\/product_cat?post=744931"},{"taxonomy":"product_tag","embeddable":true,"href":"https:\/\/roveyayinevi.com.tr\/index.php\/wp-json\/wp\/v2\/product_tag?post=744931"}],"curies":[{"name":"wp","href":"https:\/\/api.w.org\/{rel}","templated":true}]}}