{"id":744930,"date":"2025-08-28T02:07:56","date_gmt":"2025-08-27T23:07:56","guid":{"rendered":"https:\/\/roveyayinevi.com.tr\/index.php\/urun\/bilincalti\/"},"modified":"2026-04-16T02:56:47","modified_gmt":"2026-04-15T23:56:47","slug":"bilincalti","status":"publish","type":"product","link":"https:\/\/roveyayinevi.com.tr\/index.php\/urun\/bilincalti\/","title":{"rendered":"Bilin\u00e7alt\u0131"},"content":{"rendered":"<p>\u00b7         Psikanaliz kuram\u0131n\u0131n kurucusu Avusturyal\u0131 n\u00f6rolog Sigmund Freud\u2019un \u201cBat\u0131\u2019n\u0131n d\u00fc\u015f\u00fcnce d\u00fcnyas\u0131n\u0131 zenginle\u015ftiren\u201d bir ba\u015fka eseri de B\u0130L\u0130N\u00c7ALTI\u2019d\u0131r. \u00b7         Freud, \u00e7ok geni\u015f bir kapsama alan\u0131na sahip olan \u201cbilin\u00e7alt\u0131n\u0131n\u201d, sadece bir b\u00f6l\u00fcm\u00fcn\u00fcn bask\u0131lanm\u0131\u015f fikirlerden olu\u015ftu\u011funu ve en sonunda bilin\u00e7li hale gelmeyi ba\u015farmak da dahil olmak \u00fczere \u00e7e\u015fitli sonu\u00e7lar yaratmaya devam etti\u011fini ileri s\u00fcrer. \u00b7        Bilince ili\u015fkin verilerdeki bo\u015flu\u011fun \u201cbilin\u00e7alt\u0131 varsay\u0131m\u0131\u201dn\u0131 zorunlu ve me\u015fru k\u0131ld\u0131\u011f\u0131n\u0131 belirten Freud\u2019un kaynak niteli\u011findeki bu eseri, \u00f6zellikle \u201cbilin\u00e7 ve bilin\u00e7alt\u0131\u201d ile \u00f6zde\u015fle\u015ftirme, aktar\u0131m, kateksis kavramlar\u0131na detayl\u0131ca yer veriyor. <\/p>\n","protected":false},"excerpt":{"rendered":"<p>\u00b7 Psikanaliz kuram\u0131n\u0131n kurucusu Avusturyal\u0131 n\u00f6rolog Sigmund Freud\u2019un \u201cBat\u0131\u2019n\u0131n d\u00fc\u015f\u00fcnce d\u00fcnyas\u0131n\u0131 zenginle\u015ftiren\u201d bir ba\u015fka eseri de B\u0130L\u0130N\u00c7ALTI\u2019d\u0131r. \u00b7 Freud, \u00e7ok geni\u015f bir kapsama alan\u0131na sahip olan<span class=\"excerpt-hellip\"> [\u2026]<\/span><\/p>\n","protected":false},"featured_media":0,"template":"","meta":{"_monsterinsights_skip_tracking":false,"_monsterinsights_sitenote_active":false,"_monsterinsights_sitenote_note":"","_monsterinsights_sitenote_category":0},"product_brand":[],"product_cat":[12358,12357],"product_tag":[],"class_list":{"0":"post-744930","1":"product","2":"type-product","3":"status-publish","5":"product_cat-genel-psikoloji","6":"product_cat-psikoloji","7":"pa_cilt-ciltsiz","8":"pa_tur-kitap","9":"pa_yayinevi-oda-yayinlari","10":"pa_yazar-sigmund-freud","12":"first","13":"instock","14":"sale","15":"shipping-taxable","16":"purchasable","17":"product-type-simple"},"_links":{"self":[{"href":"https:\/\/roveyayinevi.com.tr\/index.php\/wp-json\/wp\/v2\/product\/744930","targetHints":{"allow":["GET"]}}],"collection":[{"href":"https:\/\/roveyayinevi.com.tr\/index.php\/wp-json\/wp\/v2\/product"}],"about":[{"href":"https:\/\/roveyayinevi.com.tr\/index.php\/wp-json\/wp\/v2\/types\/product"}],"wp:attachment":[{"href":"https:\/\/roveyayinevi.com.tr\/index.php\/wp-json\/wp\/v2\/media?parent=744930"}],"wp:term":[{"taxonomy":"product_brand","embeddable":true,"href":"https:\/\/roveyayinevi.com.tr\/index.php\/wp-json\/wp\/v2\/product_brand?post=744930"},{"taxonomy":"product_cat","embeddable":true,"href":"https:\/\/roveyayinevi.com.tr\/index.php\/wp-json\/wp\/v2\/product_cat?post=744930"},{"taxonomy":"product_tag","embeddable":true,"href":"https:\/\/roveyayinevi.com.tr\/index.php\/wp-json\/wp\/v2\/product_tag?post=744930"}],"curies":[{"name":"wp","href":"https:\/\/api.w.org\/{rel}","templated":true}]}}