{"id":744929,"date":"2025-08-28T02:07:55","date_gmt":"2025-08-27T23:07:55","guid":{"rendered":"https:\/\/roveyayinevi.com.tr\/index.php\/urun\/icguduler-ve-mazosizm\/"},"modified":"2026-04-16T02:56:47","modified_gmt":"2026-04-15T23:56:47","slug":"icguduler-ve-mazosizm","status":"publish","type":"product","link":"https:\/\/roveyayinevi.com.tr\/index.php\/urun\/icguduler-ve-mazosizm\/","title":{"rendered":"\u0130\u00e7g\u00fcd\u00fcler ve Mazo\u015fizm"},"content":{"rendered":"<p>\u00b7         Psikanaliz biliminin kurucusu Sigmund Freud\u2019un \u00f6nemli eserlerinden biri olan \u0130\u00e7g\u00fcd\u00fcler ve Mazo\u015fizm\u2019de, temel kavramlardan \u201ci\u00e7g\u00fcd\u00fc\u201dn\u00fcn ya\u015fad\u0131\u011f\u0131 tam z\u0131dd\u0131na d\u00f6n\u00fc\u015fme, \u00f6znenin kendi benli\u011fine \u00e7evrilmesi, bast\u0131rma, y\u00fcceltme gibi de\u011fi\u015fimleri okuyaca\u011f\u0131z.  \u00b7         \u0130\u00e7g\u00fcd\u00fclerin de\u011fi\u015fim ve d\u00f6n\u00fc\u015f\u00fcm\u00fcyle birlikte ki\u015filik bozukluklar\u0131nda da de\u011fi\u015fim ve d\u00f6n\u00fc\u015f\u00fcmler ya\u015fand\u0131\u011f\u0131n\u0131 \u00f6rnek vakalarla ele alan Freud, i\u00e7g\u00fcd\u00fclerin objeleriyle olan ili\u015fkilerini de detayl\u0131ca analiz eder eserinde. \u00b7        \u0130\u00e7g\u00fcd\u00fc kavram\u0131yla ba\u011flant\u0131l\u0131 olan sadizm, kateksis, mazo\u015fizm ile represyonun t\u00fcrevlerini ve ge\u00e7irdi\u011fi i\u00e7g\u00fcd\u00fcsel de\u011fi\u015fimleri okuduktan sonra \u00e7evrenizdeki insanlar\u0131n davran\u0131\u015flar\u0131n\u0131 daha farkl\u0131 g\u00f6zlemleyece\u011finizi g\u00f6receksiniz. <\/p>\n","protected":false},"excerpt":{"rendered":"<p>\u00b7 Psikanaliz biliminin kurucusu Sigmund Freud\u2019un \u00f6nemli eserlerinden biri olan \u0130\u00e7g\u00fcd\u00fcler ve Mazo\u015fizm\u2019de, temel kavramlardan \u201ci\u00e7g\u00fcd\u00fc\u201dn\u00fcn ya\u015fad\u0131\u011f\u0131 tam z\u0131dd\u0131na d\u00f6n\u00fc\u015fme, \u00f6znenin kendi benli\u011fine \u00e7evrilmesi, bast\u0131rma, y\u00fcceltme<span class=\"excerpt-hellip\"> [\u2026]<\/span><\/p>\n","protected":false},"featured_media":0,"template":"","meta":{"_monsterinsights_skip_tracking":false,"_monsterinsights_sitenote_active":false,"_monsterinsights_sitenote_note":"","_monsterinsights_sitenote_category":0},"product_brand":[],"product_cat":[12358,12357],"product_tag":[],"class_list":{"0":"post-744929","1":"product","2":"type-product","3":"status-publish","5":"product_cat-genel-psikoloji","6":"product_cat-psikoloji","7":"pa_cilt-ciltsiz","8":"pa_tur-kitap","9":"pa_yayinevi-oda-yayinlari","10":"pa_yazar-sigmund-freud","12":"first","13":"instock","14":"sale","15":"shipping-taxable","16":"purchasable","17":"product-type-simple"},"_links":{"self":[{"href":"https:\/\/roveyayinevi.com.tr\/index.php\/wp-json\/wp\/v2\/product\/744929","targetHints":{"allow":["GET"]}}],"collection":[{"href":"https:\/\/roveyayinevi.com.tr\/index.php\/wp-json\/wp\/v2\/product"}],"about":[{"href":"https:\/\/roveyayinevi.com.tr\/index.php\/wp-json\/wp\/v2\/types\/product"}],"wp:attachment":[{"href":"https:\/\/roveyayinevi.com.tr\/index.php\/wp-json\/wp\/v2\/media?parent=744929"}],"wp:term":[{"taxonomy":"product_brand","embeddable":true,"href":"https:\/\/roveyayinevi.com.tr\/index.php\/wp-json\/wp\/v2\/product_brand?post=744929"},{"taxonomy":"product_cat","embeddable":true,"href":"https:\/\/roveyayinevi.com.tr\/index.php\/wp-json\/wp\/v2\/product_cat?post=744929"},{"taxonomy":"product_tag","embeddable":true,"href":"https:\/\/roveyayinevi.com.tr\/index.php\/wp-json\/wp\/v2\/product_tag?post=744929"}],"curies":[{"name":"wp","href":"https:\/\/api.w.org\/{rel}","templated":true}]}}