{"id":744928,"date":"2025-08-28T02:07:54","date_gmt":"2025-08-27T23:07:54","guid":{"rendered":"https:\/\/roveyayinevi.com.tr\/index.php\/urun\/telepati\/"},"modified":"2026-04-16T02:56:47","modified_gmt":"2026-04-15T23:56:47","slug":"telepati","status":"publish","type":"product","link":"https:\/\/roveyayinevi.com.tr\/index.php\/urun\/telepati\/","title":{"rendered":"Telepati"},"content":{"rendered":"<p>\u00b7         Sigmund Freud bu kitab\u0131nda, psikokineziyle birlikte parapsikolojik ara\u015ft\u0131rman\u0131n iki temel alan\u0131n\u0131 olu\u015fturan telepati ile psikanalizin ba\u011fda\u015f\u0131p ba\u011fda\u015fmad\u0131\u011f\u0131n\u0131 analiz ediyor. \u00b7         Telepatiyle ilgili \u00f6rnek vakalar ele alan Freud, uykunun telepati i\u00e7in son derece elveri\u015fli ko\u015fullar yaratt\u0131\u011f\u0131n\u0131, telepati ile r\u00fcyalar aras\u0131nda da yak\u0131n ili\u015fki oldu\u011funu belirtiyor. \u00b7        Psikanaliz biliminin kurucusu olan Freud, bilim insan\u0131 kimli\u011fine uygun bi\u00e7imde, ok\u00fcltizme kar\u015f\u0131 ger\u00e7ekte kat\u0131 bir \u015fekilde tarafs\u0131zl\u0131\u011f\u0131n\u0131 korumaya b\u00fcy\u00fck bir \u00f6zen g\u00f6sterdi\u011fini belirtip d\u00f6neminin s\u0131n\u0131rl\u0131 bilimsel verilerini de g\u00f6z \u00f6n\u00fcnde bulundurarak nihai karar\u0131, tart\u0131\u015fmaya a\u00e7\u0131k bir \u015fekilde bilim d\u00fcnyas\u0131na b\u0131rak\u0131yor. <\/p>\n","protected":false},"excerpt":{"rendered":"<p>\u00b7 Sigmund Freud bu kitab\u0131nda, psikokineziyle birlikte parapsikolojik ara\u015ft\u0131rman\u0131n iki temel alan\u0131n\u0131 olu\u015fturan telepati ile psikanalizin ba\u011fda\u015f\u0131p ba\u011fda\u015fmad\u0131\u011f\u0131n\u0131 analiz ediyor. \u00b7 Telepatiyle ilgili \u00f6rnek vakalar ele<span class=\"excerpt-hellip\"> [\u2026]<\/span><\/p>\n","protected":false},"featured_media":0,"template":"","meta":{"_monsterinsights_skip_tracking":false,"_monsterinsights_sitenote_active":false,"_monsterinsights_sitenote_note":"","_monsterinsights_sitenote_category":0},"product_brand":[],"product_cat":[12358,12357],"product_tag":[],"class_list":{"0":"post-744928","1":"product","2":"type-product","3":"status-publish","5":"product_cat-genel-psikoloji","6":"product_cat-psikoloji","7":"pa_cilt-ciltsiz","8":"pa_tur-kitap","9":"pa_yayinevi-oda-yayinlari","10":"pa_yazar-sigmund-freud","12":"first","13":"instock","14":"sale","15":"shipping-taxable","16":"purchasable","17":"product-type-simple"},"_links":{"self":[{"href":"https:\/\/roveyayinevi.com.tr\/index.php\/wp-json\/wp\/v2\/product\/744928","targetHints":{"allow":["GET"]}}],"collection":[{"href":"https:\/\/roveyayinevi.com.tr\/index.php\/wp-json\/wp\/v2\/product"}],"about":[{"href":"https:\/\/roveyayinevi.com.tr\/index.php\/wp-json\/wp\/v2\/types\/product"}],"wp:attachment":[{"href":"https:\/\/roveyayinevi.com.tr\/index.php\/wp-json\/wp\/v2\/media?parent=744928"}],"wp:term":[{"taxonomy":"product_brand","embeddable":true,"href":"https:\/\/roveyayinevi.com.tr\/index.php\/wp-json\/wp\/v2\/product_brand?post=744928"},{"taxonomy":"product_cat","embeddable":true,"href":"https:\/\/roveyayinevi.com.tr\/index.php\/wp-json\/wp\/v2\/product_cat?post=744928"},{"taxonomy":"product_tag","embeddable":true,"href":"https:\/\/roveyayinevi.com.tr\/index.php\/wp-json\/wp\/v2\/product_tag?post=744928"}],"curies":[{"name":"wp","href":"https:\/\/api.w.org\/{rel}","templated":true}]}}