{"id":744927,"date":"2025-08-28T02:07:53","date_gmt":"2025-08-27T23:07:53","guid":{"rendered":"https:\/\/roveyayinevi.com.tr\/index.php\/urun\/bazen-gri-hissederim-ciltli\/"},"modified":"2026-04-16T02:56:47","modified_gmt":"2026-04-15T23:56:47","slug":"bazen-gri-hissederim-ciltli","status":"publish","type":"product","link":"https:\/\/roveyayinevi.com.tr\/index.php\/urun\/bazen-gri-hissederim-ciltli\/","title":{"rendered":"Bazen Gri Hissederim (Ciltli)"},"content":{"rendered":"<p>Gri, hangi duygunun rengidir acaba?   \u00c7ocuklar\u0131n soyut kavramlar\u0131 anlayamad\u0131klar\u0131 d\u00f6nemde dahi duygular\u0131n\u0131 tan\u0131y\u0131p anlamland\u0131rabilmeleri, duygusal geli\u015fimleri a\u00e7\u0131s\u0131ndan \u00e7ok de\u011ferlidir.   Duygular\u0131m Serisi kitaplar\u0131, duygular\u0131 renklerle e\u015fle\u015ftirerek tan\u0131tmay\u0131 ama\u00e7lamaktad\u0131r. Her renk farkl\u0131 bir duyguyu ifade etmektedir.<\/p>\n","protected":false},"excerpt":{"rendered":"<p>Gri, hangi duygunun rengidir acaba? \u00c7ocuklar\u0131n soyut kavramlar\u0131 anlayamad\u0131klar\u0131 d\u00f6nemde dahi duygular\u0131n\u0131 tan\u0131y\u0131p anlamland\u0131rabilmeleri, duygusal geli\u015fimleri a\u00e7\u0131s\u0131ndan \u00e7ok de\u011ferlidir. Duygular\u0131m Serisi kitaplar\u0131, duygular\u0131 renklerle e\u015fle\u015ftirerek tan\u0131tmay\u0131<span class=\"excerpt-hellip\"> [\u2026]<\/span><\/p>\n","protected":false},"featured_media":0,"template":"","meta":{"_monsterinsights_skip_tracking":false,"_monsterinsights_sitenote_active":false,"_monsterinsights_sitenote_note":"","_monsterinsights_sitenote_category":0},"product_brand":[],"product_cat":[12274,12631],"product_tag":[],"class_list":{"0":"post-744927","1":"product","2":"type-product","3":"status-publish","5":"product_cat-cocuk-ve-genclik-kitaplari","6":"product_cat-diger-cocuk-ve-genclik-kitaplari","7":"pa_cilt-ciltli","8":"pa_tur-kitap","9":"pa_yayinevi-potikare-yayincilik","10":"pa_yazar-canizales","12":"first","13":"instock","14":"sale","15":"shipping-taxable","16":"purchasable","17":"product-type-simple"},"_links":{"self":[{"href":"https:\/\/roveyayinevi.com.tr\/index.php\/wp-json\/wp\/v2\/product\/744927","targetHints":{"allow":["GET"]}}],"collection":[{"href":"https:\/\/roveyayinevi.com.tr\/index.php\/wp-json\/wp\/v2\/product"}],"about":[{"href":"https:\/\/roveyayinevi.com.tr\/index.php\/wp-json\/wp\/v2\/types\/product"}],"wp:attachment":[{"href":"https:\/\/roveyayinevi.com.tr\/index.php\/wp-json\/wp\/v2\/media?parent=744927"}],"wp:term":[{"taxonomy":"product_brand","embeddable":true,"href":"https:\/\/roveyayinevi.com.tr\/index.php\/wp-json\/wp\/v2\/product_brand?post=744927"},{"taxonomy":"product_cat","embeddable":true,"href":"https:\/\/roveyayinevi.com.tr\/index.php\/wp-json\/wp\/v2\/product_cat?post=744927"},{"taxonomy":"product_tag","embeddable":true,"href":"https:\/\/roveyayinevi.com.tr\/index.php\/wp-json\/wp\/v2\/product_tag?post=744927"}],"curies":[{"name":"wp","href":"https:\/\/api.w.org\/{rel}","templated":true}]}}