{"id":744923,"date":"2025-08-28T02:07:48","date_gmt":"2025-08-27T23:07:48","guid":{"rendered":"https:\/\/roveyayinevi.com.tr\/index.php\/urun\/denizde-kim-yasar-ciltli\/"},"modified":"2026-04-16T02:56:47","modified_gmt":"2026-04-15T23:56:47","slug":"denizde-kim-yasar-ciltli","status":"publish","type":"product","link":"https:\/\/roveyayinevi.com.tr\/index.php\/urun\/denizde-kim-yasar-ciltli\/","title":{"rendered":"Denizde Kim Ya\u015far? (Ciltli)"},"content":{"rendered":"<p>Denizlerde pek \u00e7ok farkl\u0131 hayvan ya\u015f\u0131yor; yery\u00fcz\u00fcn\u00fc onlarla payla\u015f\u0131yoruz. Buras\u0131, hepimizin evi! T\u00fcm canl\u0131lar ve kendimiz i\u00e7in d\u00fcnyay\u0131 temiz tutal\u0131m!   Kim Ya\u015far? Serisi kitaplar\u0131 k\u00fc\u00e7\u00fck ya\u015flardan itibaren \u00e7evre bilinci olu\u015fturmak \u00fczere haz\u0131rlanm\u0131\u015ft\u0131r. Tasar\u0131m\u0131yla do\u011fada olmamas\u0131 ve olmas\u0131 gerekenleri vurgulay\u0131c\u0131 bir \u015fekilde g\u00f6stermektedir. <\/p>\n","protected":false},"excerpt":{"rendered":"<p>Denizlerde pek \u00e7ok farkl\u0131 hayvan ya\u015f\u0131yor; yery\u00fcz\u00fcn\u00fc onlarla payla\u015f\u0131yoruz. Buras\u0131, hepimizin evi! T\u00fcm canl\u0131lar ve kendimiz i\u00e7in d\u00fcnyay\u0131 temiz tutal\u0131m! Kim Ya\u015far? Serisi kitaplar\u0131 k\u00fc\u00e7\u00fck ya\u015flardan<span class=\"excerpt-hellip\"> [\u2026]<\/span><\/p>\n","protected":false},"featured_media":0,"template":"","meta":{"_monsterinsights_skip_tracking":false,"_monsterinsights_sitenote_active":false,"_monsterinsights_sitenote_note":"","_monsterinsights_sitenote_category":0},"product_brand":[],"product_cat":[12274,15842],"product_tag":[],"class_list":{"0":"post-744923","1":"product","2":"type-product","3":"status-publish","5":"product_cat-cocuk-ve-genclik-kitaplari","6":"product_cat-egitici-kitaplar","7":"pa_cilt-ciltli","8":"pa_tur-kitap","9":"pa_yayinevi-potikare-yayincilik","10":"pa_yazar-canizales","12":"first","13":"instock","14":"sale","15":"shipping-taxable","16":"purchasable","17":"product-type-simple"},"_links":{"self":[{"href":"https:\/\/roveyayinevi.com.tr\/index.php\/wp-json\/wp\/v2\/product\/744923","targetHints":{"allow":["GET"]}}],"collection":[{"href":"https:\/\/roveyayinevi.com.tr\/index.php\/wp-json\/wp\/v2\/product"}],"about":[{"href":"https:\/\/roveyayinevi.com.tr\/index.php\/wp-json\/wp\/v2\/types\/product"}],"wp:attachment":[{"href":"https:\/\/roveyayinevi.com.tr\/index.php\/wp-json\/wp\/v2\/media?parent=744923"}],"wp:term":[{"taxonomy":"product_brand","embeddable":true,"href":"https:\/\/roveyayinevi.com.tr\/index.php\/wp-json\/wp\/v2\/product_brand?post=744923"},{"taxonomy":"product_cat","embeddable":true,"href":"https:\/\/roveyayinevi.com.tr\/index.php\/wp-json\/wp\/v2\/product_cat?post=744923"},{"taxonomy":"product_tag","embeddable":true,"href":"https:\/\/roveyayinevi.com.tr\/index.php\/wp-json\/wp\/v2\/product_tag?post=744923"}],"curies":[{"name":"wp","href":"https:\/\/api.w.org\/{rel}","templated":true}]}}