{"id":744921,"date":"2025-08-28T02:07:46","date_gmt":"2025-08-27T23:07:46","guid":{"rendered":"https:\/\/roveyayinevi.com.tr\/index.php\/urun\/tibba-iman-cagi\/"},"modified":"2026-04-16T02:56:47","modified_gmt":"2026-04-15T23:56:47","slug":"tibba-iman-cagi","status":"publish","type":"product","link":"https:\/\/roveyayinevi.com.tr\/index.php\/urun\/tibba-iman-cagi\/","title":{"rendered":"T\u0131bba \u0130man \u00c7a\u011f\u0131"},"content":{"rendered":"<p>Dinsel doktrini hem k\u0131nayan hem de ona \u00f6yk\u00fcnen s\u0131n\u0131rs\u0131z ilerlemecili\u011fiyle ve tekno-bilimsel h\u0131rs\u0131yla modern t\u0131p, \u00f6l\u00fcms\u00fczl\u00fc\u011f\u00fc tanr\u0131sal bir edayla cennetsi sonsuzlu\u011fun ve kusursuzlu\u011fun hayali olarak pazarlamaktad\u0131r. T\u0131bba \u0130man \u00c7a\u011f\u0131; ilkesel olarak hastal\u0131\u011f\u0131n kayna\u011f\u0131n\u0131 modern sa\u011fl\u0131k \u00fctopyas\u0131nda, esaretin nedenini \u00f6zg\u00fcrl\u00fck talebinde ve huzursuzlu\u011fun gerek\u00e7esini kusursuzluk \u00f6zleminde arayan bir d\u00fc\u015f\u00fcncenin \u00e7\u0131kt\u0131s\u0131d\u0131r. Zira \u201cbizler\u201d s\u00fcrekli olarak ortas\u0131nda derin u\u00e7urumlar bulunan keskin ikilemlere zorlan\u0131yor, uzun s\u00fcre hayatta kalmak ad\u0131na derinlemesine ya\u015famaktan, yani ya\u015fam\u0131n kendili\u011finden geli\u015fen kimi ho\u015f kimi naho\u015f epizotlar\u0131n\u0131 duyumsamaktan feragat ediyoruz. \u0130\u015fte bu kitap tam da bu nedenle bilimsel\/ci d\u00fcnyan\u0131n \u00fcstenci bir dille bizleri \u2013\u00fcstelik biz daha do\u011fmadan\u2013 buyur etti\u011fi bu darac\u0131k ve penceresiz d\u00fcnya-odas\u0131nda g\u00f6rd\u00fc\u011f\u00fcm\u00fcz, duydu\u011fumuz, \u00f6\u011frendi\u011fimiz ve hatta tecr\u00fcbe etti\u011fimiz bir\u00e7ok \u015feyi yeniden g\u00f6zden ge\u00e7irmeye davet ediyor.<\/p>\n","protected":false},"excerpt":{"rendered":"<p>Dinsel doktrini hem k\u0131nayan hem de ona \u00f6yk\u00fcnen s\u0131n\u0131rs\u0131z ilerlemecili\u011fiyle ve tekno-bilimsel h\u0131rs\u0131yla modern t\u0131p, \u00f6l\u00fcms\u00fczl\u00fc\u011f\u00fc tanr\u0131sal bir edayla cennetsi sonsuzlu\u011fun ve kusursuzlu\u011fun hayali olarak pazarlamaktad\u0131r.<span class=\"excerpt-hellip\"> [\u2026]<\/span><\/p>\n","protected":false},"featured_media":0,"template":"","meta":{"_monsterinsights_skip_tracking":false,"_monsterinsights_sitenote_active":false,"_monsterinsights_sitenote_note":"","_monsterinsights_sitenote_category":0},"product_brand":[],"product_cat":[13366,13365],"product_tag":[],"class_list":{"0":"post-744921","1":"product","2":"type-product","3":"status-publish","5":"product_cat-diger-saglik","6":"product_cat-saglik","7":"pa_cilt-ciltsiz","8":"pa_tur-kitap","9":"pa_yayinevi-ketebe-yayinlari","10":"pa_yazar-sertac-timur-demir","12":"first","13":"instock","14":"sale","15":"shipping-taxable","16":"purchasable","17":"product-type-simple"},"_links":{"self":[{"href":"https:\/\/roveyayinevi.com.tr\/index.php\/wp-json\/wp\/v2\/product\/744921","targetHints":{"allow":["GET"]}}],"collection":[{"href":"https:\/\/roveyayinevi.com.tr\/index.php\/wp-json\/wp\/v2\/product"}],"about":[{"href":"https:\/\/roveyayinevi.com.tr\/index.php\/wp-json\/wp\/v2\/types\/product"}],"wp:attachment":[{"href":"https:\/\/roveyayinevi.com.tr\/index.php\/wp-json\/wp\/v2\/media?parent=744921"}],"wp:term":[{"taxonomy":"product_brand","embeddable":true,"href":"https:\/\/roveyayinevi.com.tr\/index.php\/wp-json\/wp\/v2\/product_brand?post=744921"},{"taxonomy":"product_cat","embeddable":true,"href":"https:\/\/roveyayinevi.com.tr\/index.php\/wp-json\/wp\/v2\/product_cat?post=744921"},{"taxonomy":"product_tag","embeddable":true,"href":"https:\/\/roveyayinevi.com.tr\/index.php\/wp-json\/wp\/v2\/product_tag?post=744921"}],"curies":[{"name":"wp","href":"https:\/\/api.w.org\/{rel}","templated":true}]}}