{"id":744920,"date":"2025-08-28T02:07:46","date_gmt":"2025-08-27T23:07:46","guid":{"rendered":"https:\/\/roveyayinevi.com.tr\/index.php\/urun\/kuranla-konusmak\/"},"modified":"2026-04-16T02:56:47","modified_gmt":"2026-04-15T23:56:47","slug":"kuranla-konusmak","status":"publish","type":"product","link":"https:\/\/roveyayinevi.com.tr\/index.php\/urun\/kuranla-konusmak\/","title":{"rendered":"Kur\u2019\u00e2n\u2019la Konu\u015fmak"},"content":{"rendered":"<p>Dinin peygamberler arac\u0131l\u0131\u011f\u0131yla insanl\u0131\u011fa yans\u0131yan \u00e7er\u00e7evesini \u00e7izen il\u00e2h\u00ee vahyin b\u00fct\u00fcn\u00fcne \u201ckitap\u201d denmektedir. Tarihsel bir ger\u00e7eklik olarak bilinmektedir ki kutsal kitaplar aras\u0131nda orijinalitesi tart\u0131\u015f\u0131lmayan ve tart\u0131\u015f\u0131lamayacak olan tek kaynak Kur\u2019\u00e2n\u2019d\u0131r. Kur\u2019\u00e2n, bu bozulma keyfiyeti \u00fczerinde a\u00e7\u0131k\u00e7a durur ve kendini, ge\u00e7mi\u015f vahiylerden bug\u00fcne kalan\u0131 do\u011frulayan ve yanl\u0131\u015flar\u0131 da d\u00fczelten bir kitap olarak tan\u0131mlar.   Fakat insan ve Kur\u2019\u00e2n zamanla, do\u011fumlar\u0131ndan sonra ayr\u0131lan ve uzun y\u0131llar birbirlerini g\u00f6rmeden ayr\u0131 b\u00fcy\u00fct\u00fclen iki karde\u015f konumuna d\u00fc\u015f\u00fcr\u00fclm\u00fc\u015flerdir. Hakk\u2019\u0131n ortaya \u00e7\u0131kmas\u0131n\u0131 \u00e7\u0131karlar\u0131na ters g\u00f6renler, yery\u00fcz\u00fcnde bu iki karde\u015fin tekrar bulu\u015fup birbirlerini tan\u0131malar\u0131na ve anlamalar\u0131na izin vermemi\u015flerdir. \u0130nsan, karde\u015fleri taraf\u0131ndan k\u0131skan\u00e7l\u0131k ve haset y\u00fcz\u00fcnden k\u00f6r kuyuya at\u0131lan Y\u00fbsuf gibi olmu\u015f, Kur\u2019\u00e2n ise onun hasretinden a\u011flay\u0131p g\u00f6zya\u015f\u0131 d\u00f6ken Y\u00e2k\u00fbb\u2019a benzemi\u015ftir.   \u0130\u015fte Kur\u2019\u00e2n\u2019la Konu\u015fmak: \u0130kizimle Sohbetler, uzun y\u0131llar birbirinden ayr\u0131 d\u00fc\u015fen ikiz karde\u015flerin \u00f6zlemle kavu\u015fmalar\u0131n\u0131n ve yeniden birbirlerini tan\u0131malar\u0131n\u0131n hik\u00e2yesidir. Bu \u00e7al\u0131\u015fma, ayn\u0131 hakikatten do\u011fan iki karde\u015fin, \u00e7\u00f6l\u00fcn suyla ve rahmetle kucakla\u015fmas\u0131 gibi bulu\u015fmalar\u0131n\u0131n sohbetidir.<\/p>\n","protected":false},"excerpt":{"rendered":"<p>Dinin peygamberler arac\u0131l\u0131\u011f\u0131yla insanl\u0131\u011fa yans\u0131yan \u00e7er\u00e7evesini \u00e7izen il\u00e2h\u00ee vahyin b\u00fct\u00fcn\u00fcne \u201ckitap\u201d denmektedir. Tarihsel bir ger\u00e7eklik olarak bilinmektedir ki kutsal kitaplar aras\u0131nda orijinalitesi tart\u0131\u015f\u0131lmayan ve tart\u0131\u015f\u0131lamayacak olan<span class=\"excerpt-hellip\"> [\u2026]<\/span><\/p>\n","protected":false},"featured_media":0,"template":"","meta":{"_monsterinsights_skip_tracking":false,"_monsterinsights_sitenote_active":false,"_monsterinsights_sitenote_note":"","_monsterinsights_sitenote_category":0},"product_brand":[],"product_cat":[12718,12719],"product_tag":[],"class_list":{"0":"post-744920","1":"product","2":"type-product","3":"status-publish","5":"product_cat-din","6":"product_cat-islam","7":"pa_cilt-ciltsiz","8":"pa_tur-kitap","9":"pa_yayinevi-ketebe-yayinlari","10":"pa_yazar-necmettin-sahinler","12":"first","13":"instock","14":"sale","15":"shipping-taxable","16":"purchasable","17":"product-type-simple"},"_links":{"self":[{"href":"https:\/\/roveyayinevi.com.tr\/index.php\/wp-json\/wp\/v2\/product\/744920","targetHints":{"allow":["GET"]}}],"collection":[{"href":"https:\/\/roveyayinevi.com.tr\/index.php\/wp-json\/wp\/v2\/product"}],"about":[{"href":"https:\/\/roveyayinevi.com.tr\/index.php\/wp-json\/wp\/v2\/types\/product"}],"wp:attachment":[{"href":"https:\/\/roveyayinevi.com.tr\/index.php\/wp-json\/wp\/v2\/media?parent=744920"}],"wp:term":[{"taxonomy":"product_brand","embeddable":true,"href":"https:\/\/roveyayinevi.com.tr\/index.php\/wp-json\/wp\/v2\/product_brand?post=744920"},{"taxonomy":"product_cat","embeddable":true,"href":"https:\/\/roveyayinevi.com.tr\/index.php\/wp-json\/wp\/v2\/product_cat?post=744920"},{"taxonomy":"product_tag","embeddable":true,"href":"https:\/\/roveyayinevi.com.tr\/index.php\/wp-json\/wp\/v2\/product_tag?post=744920"}],"curies":[{"name":"wp","href":"https:\/\/api.w.org\/{rel}","templated":true}]}}