{"id":744918,"date":"2025-08-28T02:07:42","date_gmt":"2025-08-27T23:07:42","guid":{"rendered":"https:\/\/roveyayinevi.com.tr\/index.php\/urun\/hep-pesinden\/"},"modified":"2026-04-16T02:56:47","modified_gmt":"2026-04-15T23:56:47","slug":"hep-pesinden","status":"publish","type":"product","link":"https:\/\/roveyayinevi.com.tr\/index.php\/urun\/hep-pesinden\/","title":{"rendered":"Hep Pe\u015finden"},"content":{"rendered":"<p>Zihnimizde bir ba\u015fkas\u0131n\u0131n hik\u00e2yesini duyarak ya\u015fasayd\u0131k nas\u0131l olurdu?   Mustafa Aplay bu romanda, ger\u00e7e\u011fin du\u0308\u015fle, bugu\u0308nu\u0308n yar\u0131nla, hik\u00e2yemizin bir ba\u015fkas\u0131n\u0131n hik\u00e2yesiyle yo\u011fruldu\u011fu bir atmosfer sunuyor. Bu, i\u00e7inde oldu\u011fumuz du\u0308nya ile bamba\u015fka bir du\u0308nyan\u0131n, zamans\u0131z, \u015fimdisiz ve sonras\u0131z hik\u00e2yesi.   Hep Pe\u015finden, gelece\u011fe gidi\u015f ve \u015fimdiye d\u00f6nu\u0308\u015flerle olu\u015fturulan d\u00f6ngu\u0308sel kurgusuyla, okuyucuyu \u015fa\u015f\u0131rt\u0131c\u0131 bir deneyime \u00e7a\u011f\u0131r\u0131yor. Yazar, 90 dakikal\u0131k bir ma\u00e7 anlat\u0131m\u0131na, biri 2018 di\u011feri ise 2118 y\u0131l\u0131nda farkl\u0131 mek\u00e2nlarda ge\u00e7en iki \u00e7arp\u0131c\u0131 hik\u00e2yeyi s\u0131\u011fd\u0131r\u0131yor. B\u00f6ylece okurun, \u201chep pe\u015finden\u201d ko\u015faca\u011f\u0131 garip, distopik, \u00e7ok katmanl\u0131 ve sorularla dolu bir anlat\u0131 evreni yarat\u0131yor. Bir \u201ckesinlik devrimi\u201d ger\u00e7ekle\u015fmi\u015ftir ve hayata dair her \u015fey \u00f6nceden kesin olarak belirlenmektedir. Her \u015feyin kesin oldu\u011fu bu evrende kahraman\u0131m\u0131z Nadir, belirsizli\u011fi yeniden ke\u015ffedebilecek mi? <\/p>\n","protected":false},"excerpt":{"rendered":"<p>Zihnimizde bir ba\u015fkas\u0131n\u0131n hik\u00e2yesini duyarak ya\u015fasayd\u0131k nas\u0131l olurdu? Mustafa Aplay bu romanda, ger\u00e7e\u011fin du\u0308\u015fle, bugu\u0308nu\u0308n yar\u0131nla, hik\u00e2yemizin bir ba\u015fkas\u0131n\u0131n hik\u00e2yesiyle yo\u011fruldu\u011fu bir atmosfer sunuyor. Bu, i\u00e7inde<span class=\"excerpt-hellip\"> [\u2026]<\/span><\/p>\n","protected":false},"featured_media":0,"template":"","meta":{"_monsterinsights_skip_tracking":false,"_monsterinsights_sitenote_active":false,"_monsterinsights_sitenote_note":"","_monsterinsights_sitenote_category":0},"product_brand":[],"product_cat":[12291,12711],"product_tag":[],"class_list":{"0":"post-744918","1":"product","2":"type-product","3":"status-publish","5":"product_cat-edebiyat","6":"product_cat-roman-oyku","7":"pa_cilt-ciltsiz","8":"pa_tur-kitap","9":"pa_yayinevi-ketebe-yayinlari","10":"pa_yazar-mustafa-aplay","12":"first","13":"instock","14":"sale","15":"shipping-taxable","16":"purchasable","17":"product-type-simple"},"_links":{"self":[{"href":"https:\/\/roveyayinevi.com.tr\/index.php\/wp-json\/wp\/v2\/product\/744918","targetHints":{"allow":["GET"]}}],"collection":[{"href":"https:\/\/roveyayinevi.com.tr\/index.php\/wp-json\/wp\/v2\/product"}],"about":[{"href":"https:\/\/roveyayinevi.com.tr\/index.php\/wp-json\/wp\/v2\/types\/product"}],"wp:attachment":[{"href":"https:\/\/roveyayinevi.com.tr\/index.php\/wp-json\/wp\/v2\/media?parent=744918"}],"wp:term":[{"taxonomy":"product_brand","embeddable":true,"href":"https:\/\/roveyayinevi.com.tr\/index.php\/wp-json\/wp\/v2\/product_brand?post=744918"},{"taxonomy":"product_cat","embeddable":true,"href":"https:\/\/roveyayinevi.com.tr\/index.php\/wp-json\/wp\/v2\/product_cat?post=744918"},{"taxonomy":"product_tag","embeddable":true,"href":"https:\/\/roveyayinevi.com.tr\/index.php\/wp-json\/wp\/v2\/product_tag?post=744918"}],"curies":[{"name":"wp","href":"https:\/\/api.w.org\/{rel}","templated":true}]}}