{"id":744917,"date":"2025-08-28T02:07:41","date_gmt":"2025-08-27T23:07:41","guid":{"rendered":"https:\/\/roveyayinevi.com.tr\/index.php\/urun\/daglar-yikildiginda\/"},"modified":"2026-04-05T03:01:52","modified_gmt":"2026-04-05T00:01:52","slug":"daglar-yikildiginda","status":"publish","type":"product","link":"https:\/\/roveyayinevi.com.tr\/index.php\/urun\/daglar-yikildiginda\/","title":{"rendered":"Da\u011flar Y\u0131k\u0131ld\u0131\u011f\u0131nda"},"content":{"rendered":"<p>Kadim K\u0131rg\u0131z efsanesine g\u00f6re Ebedi Gelin, y\u00fczy\u0131llard\u0131r sarp da\u011flar\u0131n ondan ald\u0131\u011f\u0131 e\u015fine seslenir. Belki de sevdi\u011fini elinden alan da\u011flar de\u011fil, kalpleri saf k\u00f6t\u00fcl\u00fckle m\u00fch\u00fcrlenmi\u015f insanlard\u0131r. Ebedi Gelin\u2019in aray\u0131\u015f\u0131, adanm\u0131\u015fl\u0131\u011f\u0131 ve kaybettiklerinin ard\u0131ndan yakt\u0131\u011f\u0131 a\u011f\u0131tlar; bug\u00fcn\u00fcn masumlar\u0131n\u0131n yazg\u0131lar\u0131n\u0131 da anlat\u0131r. Hayalleri ve vah\u015fi kapitalizm aras\u0131nda bir k\u0131ska\u00e7ta \u00e7\u0131rp\u0131nan Arsen Saman\u00e7in, av\u0131n\u0131 yakalarken yar\u0131n\u0131n\u0131 kaybeden Jaabars, g\u00f6steri d\u00fcnyas\u0131n\u0131n \u0131\u015f\u0131lt\u0131lar\u0131 aras\u0131nda yitip giden Aydana, \u015fefkatiyle sa\u011faltan Eles ve ku\u015fkusuz para h\u0131rs\u0131yla ihtiraslar\u0131n\u0131n karanl\u0131\u011f\u0131na esir d\u00fc\u015fm\u00fc\u015f insanlar&#8230; Hepsinin yolu bir ma\u011farada kesi\u015fir. K\u0131rg\u0131z ve D\u00fcnya edebiyat\u0131n\u0131n b\u00fcy\u00fck ismi Cengiz Aytmatov, son roman\u0131 Da\u011flar Y\u0131k\u0131ld\u0131\u011f\u0131nda\u2019da insan\u0131 i\u00e7ten i\u00e7e t\u00fcketen pop\u00fcler k\u00fclt\u00fcr ve piyasa ekonomisinin toplumda a\u00e7t\u0131\u011f\u0131 derin yaralar\u0131, evrensel bir dille g\u00f6zler \u00f6n\u00fcne seriyor. <\/p>\n","protected":false},"excerpt":{"rendered":"<p>Kadim K\u0131rg\u0131z efsanesine g\u00f6re Ebedi Gelin, y\u00fczy\u0131llard\u0131r sarp da\u011flar\u0131n ondan ald\u0131\u011f\u0131 e\u015fine seslenir. Belki de sevdi\u011fini elinden alan da\u011flar de\u011fil, kalpleri saf k\u00f6t\u00fcl\u00fckle m\u00fch\u00fcrlenmi\u015f insanlard\u0131r. Ebedi<span class=\"excerpt-hellip\"> [\u2026]<\/span><\/p>\n","protected":false},"featured_media":0,"template":"","meta":{"_monsterinsights_skip_tracking":false,"_monsterinsights_sitenote_active":false,"_monsterinsights_sitenote_note":"","_monsterinsights_sitenote_category":0},"product_brand":[],"product_cat":[12291,12711],"product_tag":[],"class_list":{"0":"post-744917","1":"product","2":"type-product","3":"status-publish","5":"product_cat-edebiyat","6":"product_cat-roman-oyku","7":"pa_cilt-ciltsiz","8":"pa_tur-kitap","9":"pa_yayinevi-ketebe-yayinlari","10":"pa_yazar-cengiz-aytmatov","12":"first","13":"instock","14":"sale","15":"shipping-taxable","16":"purchasable","17":"product-type-simple"},"_links":{"self":[{"href":"https:\/\/roveyayinevi.com.tr\/index.php\/wp-json\/wp\/v2\/product\/744917","targetHints":{"allow":["GET"]}}],"collection":[{"href":"https:\/\/roveyayinevi.com.tr\/index.php\/wp-json\/wp\/v2\/product"}],"about":[{"href":"https:\/\/roveyayinevi.com.tr\/index.php\/wp-json\/wp\/v2\/types\/product"}],"wp:attachment":[{"href":"https:\/\/roveyayinevi.com.tr\/index.php\/wp-json\/wp\/v2\/media?parent=744917"}],"wp:term":[{"taxonomy":"product_brand","embeddable":true,"href":"https:\/\/roveyayinevi.com.tr\/index.php\/wp-json\/wp\/v2\/product_brand?post=744917"},{"taxonomy":"product_cat","embeddable":true,"href":"https:\/\/roveyayinevi.com.tr\/index.php\/wp-json\/wp\/v2\/product_cat?post=744917"},{"taxonomy":"product_tag","embeddable":true,"href":"https:\/\/roveyayinevi.com.tr\/index.php\/wp-json\/wp\/v2\/product_tag?post=744917"}],"curies":[{"name":"wp","href":"https:\/\/api.w.org\/{rel}","templated":true}]}}