{"id":744914,"date":"2025-08-28T02:07:36","date_gmt":"2025-08-27T23:07:36","guid":{"rendered":"https:\/\/roveyayinevi.com.tr\/index.php\/urun\/kozmik-muzik\/"},"modified":"2026-04-16T02:56:46","modified_gmt":"2026-04-15T23:56:46","slug":"kozmik-muzik","status":"publish","type":"product","link":"https:\/\/roveyayinevi.com.tr\/index.php\/urun\/kozmik-muzik\/","title":{"rendered":"Kozmik M\u00fczik"},"content":{"rendered":"<p>M\u00fbsik\u00eeyi k\u00e2inat ile a\u00e7\u0131klamak, kad\u00eem bir gelenektir. \u0130sl\u00e2m du\u0308\u015fu\u0308nce du\u0308nyas\u0131nda da m\u00fbsik\u00ee, kozmik sembollerle ve varl\u0131klarla a\u00e7\u0131klan\u0131r. Bu kad\u00eem bir m\u00fbsik\u00ee \u00f6\u011fretisidir ve \u0130sl\u00e2m du\u0308\u015fu\u0308ncesi u\u0308zerinden devam eder. K\u00e2inattaki her \u015feyin d\u00f6ndu\u0308\u011fu\u0308, feleklerin d\u00f6nerken sesler, na\u011fmeler \u00e7\u0131kard\u0131\u011f\u0131 bilgisi Pythagoras\u2019a ve onun yeti\u015fti\u011fi, Hermetik s\u0131rriyeti \u00f6\u011frendi\u011fi M\u0131s\u0131r\u2019daki Memphis Tap\u0131na\u011f\u0131\u2019na kadar gider. Hermetik kozmoloji doktrinine g\u00f6re k\u00e2inatta her \u015fey hareket h\u00e2lindedir ve Hermes (\u0130dris Peygamber) Pythagoras\u2019tan \u00e7ok \u00f6nce k\u00e2inat\u0131n, Allah\u2019\u0131n muhte\u015fem bir bestesi oldu\u011fu fikrini ileri su\u0308rmu\u0308\u015ftu\u0308r. Hermetizm\u2019e g\u00f6re k\u00e2inatta (kozmosta) bo\u015fluk dahi yoktur. Stoac\u0131lar ve Platoncular\u0131n tersine, kozmos \u00f6tesinde de (extra-kosmos) bo\u015fluk olmad\u0131\u011f\u0131, Hermetizm\u2019in g\u00f6ru\u0308\u015fu\u0308du\u0308r. Bu du\u0308\u015fu\u0308nceden hareketle \u015funu s\u00f6yleyebiliriz: bo\u015flu\u011fun olmad\u0131\u011f\u0131 ve hareketin oldu\u011fu her yerde sesin olmas\u0131 da mu\u0308mku\u0308ndu\u0308r. Bo\u015flu\u011fun olmad\u0131\u011f\u0131 sonsuz k\u00e2inatta, farkl\u0131 boyutlardaki feleklerin (veya gezegenlerin) hepsi, kendi ku\u0308tlelerine uygun olarak tiz veya pest sesler \u00e7\u0131karacaklard\u0131r. Bu kozmik ger\u00e7eklik Kur\u2019\u00e2n-\u0131 Ker\u00eem\u2019deki \u201cK\u00e2inattaki her \u015fey kendi lisanlar\u0131nca Allah\u2019\u0131 zikretmektedirler\u201d \u00e2yetini hat\u0131rlatmaktad\u0131r ve insan\u0131n duyma s\u0131n\u0131rlar\u0131n\u0131n u\u0308zerinde, k\u00e2inatta adeta \u201cmuhte\u015fem bir il\u00e2h\u00ee \u00e2henkli melodi\u201d seslendiriliyor demektir. Bu, sadece Yarat\u0131c\u0131\u2019n\u0131n ve O\u2019nun duymas\u0131na izin verdiklerinin duyabildi\u011fi bir \u201ckozmik zikir\u201d olarak adland\u0131r\u0131labilir ve bize k\u00e2inat\u0131n \u00e2hengini g\u00f6sterir.<\/p>\n","protected":false},"excerpt":{"rendered":"<p>M\u00fbsik\u00eeyi k\u00e2inat ile a\u00e7\u0131klamak, kad\u00eem bir gelenektir. \u0130sl\u00e2m du\u0308\u015fu\u0308nce du\u0308nyas\u0131nda da m\u00fbsik\u00ee, kozmik sembollerle ve varl\u0131klarla a\u00e7\u0131klan\u0131r. Bu kad\u00eem bir m\u00fbsik\u00ee \u00f6\u011fretisidir ve \u0130sl\u00e2m du\u0308\u015fu\u0308ncesi u\u0308zerinden<span class=\"excerpt-hellip\"> [\u2026]<\/span><\/p>\n","protected":false},"featured_media":0,"template":"","meta":{"_monsterinsights_skip_tracking":false,"_monsterinsights_sitenote_active":false,"_monsterinsights_sitenote_note":"","_monsterinsights_sitenote_category":0},"product_brand":[],"product_cat":[12777,12291],"product_tag":[],"class_list":{"0":"post-744914","1":"product","2":"type-product","3":"status-publish","5":"product_cat-deneme","6":"product_cat-edebiyat","7":"pa_cilt-ciltsiz","8":"pa_tur-kitap","9":"pa_yayinevi-ketebe-yayinlari","10":"pa_yazar-yalcin-cetinkaya","12":"first","13":"instock","14":"sale","15":"shipping-taxable","16":"purchasable","17":"product-type-simple"},"_links":{"self":[{"href":"https:\/\/roveyayinevi.com.tr\/index.php\/wp-json\/wp\/v2\/product\/744914","targetHints":{"allow":["GET"]}}],"collection":[{"href":"https:\/\/roveyayinevi.com.tr\/index.php\/wp-json\/wp\/v2\/product"}],"about":[{"href":"https:\/\/roveyayinevi.com.tr\/index.php\/wp-json\/wp\/v2\/types\/product"}],"wp:attachment":[{"href":"https:\/\/roveyayinevi.com.tr\/index.php\/wp-json\/wp\/v2\/media?parent=744914"}],"wp:term":[{"taxonomy":"product_brand","embeddable":true,"href":"https:\/\/roveyayinevi.com.tr\/index.php\/wp-json\/wp\/v2\/product_brand?post=744914"},{"taxonomy":"product_cat","embeddable":true,"href":"https:\/\/roveyayinevi.com.tr\/index.php\/wp-json\/wp\/v2\/product_cat?post=744914"},{"taxonomy":"product_tag","embeddable":true,"href":"https:\/\/roveyayinevi.com.tr\/index.php\/wp-json\/wp\/v2\/product_tag?post=744914"}],"curies":[{"name":"wp","href":"https:\/\/api.w.org\/{rel}","templated":true}]}}