{"id":744913,"date":"2025-08-28T02:07:35","date_gmt":"2025-08-27T23:07:35","guid":{"rendered":"https:\/\/roveyayinevi.com.tr\/index.php\/urun\/idrisilerin-evi\/"},"modified":"2026-04-16T02:56:46","modified_gmt":"2026-04-15T23:56:46","slug":"idrisilerin-evi","status":"publish","type":"product","link":"https:\/\/roveyayinevi.com.tr\/index.php\/urun\/idrisilerin-evi\/","title":{"rendered":"\u0130drisilerin Evi"},"content":{"rendered":"<p>\u201cKaos bir evde birdenbire ortaya \u00e7\u0131kmaz; ah\u015fap oymalar, nevresim k\u0131vr\u0131mlar\u0131, panjurlar ve perde pileleri aras\u0131nda usulca birikerek, kap\u0131dan esip gelen bir r\u00fczg\u00e2rla savrulmay\u0131 bekleyen tozlar gibi pusuda bekler.\u201d   K\u0131sac\u0131k \u00f6mr\u00fcne s\u0131\u011fd\u0131rd\u0131\u011f\u0131 geni\u015f k\u00fclliyat\u0131yla \u00e7a\u011fda\u015f \u0130ran edebiyat\u0131n\u0131n en \u00f6nemli isimlerinden say\u0131lan Gazale Alizade\u2019nin eserleri \u00f6l\u00fcm\u00fcn\u00fcn \u00fcst\u00fcnden ge\u00e7en neredeyse otuz y\u0131la ra\u011fmen g\u00fcncelli\u011fini koruyor. Kurmacalar\u0131n\u0131 g\u00f6zlerini ba\u011flay\u0131p bir kitaptan okur gibi yard\u0131mc\u0131s\u0131na dikte ederek, trans metoduyla yazan Alizade\u2019nin opus magnumu kurgusal \u201cA\u015fk \u015eehri\u201dnde ge\u00e7en \u0130dris\u00eelerin Evi\u2019dir: Kanl\u0131 bir devrime sahne olan kentte bir yandan toplum b\u00fcy\u00fck de\u011fi\u015fimlerden ge\u00e7er; di\u011fer yandan karakterlerimiz a\u015fk, dostluk, d\u00fc\u015fmanl\u0131k, h\u0131rs, \u00e7aresizlik, cesaret ve erdemle yo\u011frularak yazg\u0131lar\u0131n\u0131 arar. Ke\u015fmir vadilerinin kokusu bah\u00e7edeki s\u00fcmb\u00fclteberlerin rayihas\u0131na kar\u0131\u015f\u0131r, azizelerin ve peri k\u0131zlar\u0131n\u0131n resmedildi\u011fi s\u0131r\u00e7a kubbeyi aile yadig\u00e2r\u0131 piyanonun t\u0131n\u0131lar\u0131 doldurur, \u015fimdiye kadar ancak sava\u015f i\u00e7in parlayan buz mavisi ihtiyar g\u00f6zlerde sevda yeniden ye\u015ferir ve biz okurlar efsanelerin, destanlar\u0131n ve masallar\u0131n kat\u0131 ger\u00e7ekler ve g\u00fcndelik olgularla tam da kendi hayatlar\u0131m\u0131zdaki gibi harmanland\u0131\u011f\u0131 e\u015fsiz bir yolculu\u011fa \u00e7\u0131kar\u0131z. \u0130lk kez T\u00fcrk\u00e7eye kazand\u0131r\u0131lan \u0130dris\u00eelerin Evi ger\u00e7ek edebiyatla ve \u201cb\u00fcy\u00fck roman\u201dlarla ilgilenen herkesin kitapl\u0131\u011f\u0131nda bulunmas\u0131 gereken bir ba\u015fyap\u0131t. <\/p>\n","protected":false},"excerpt":{"rendered":"<p>\u201cKaos bir evde birdenbire ortaya \u00e7\u0131kmaz; ah\u015fap oymalar, nevresim k\u0131vr\u0131mlar\u0131, panjurlar ve perde pileleri aras\u0131nda usulca birikerek, kap\u0131dan esip gelen bir r\u00fczg\u00e2rla savrulmay\u0131 bekleyen tozlar gibi<span class=\"excerpt-hellip\"> [\u2026]<\/span><\/p>\n","protected":false},"featured_media":0,"template":"","meta":{"_monsterinsights_skip_tracking":false,"_monsterinsights_sitenote_active":false,"_monsterinsights_sitenote_note":"","_monsterinsights_sitenote_category":0},"product_brand":[],"product_cat":[12291,12711],"product_tag":[],"class_list":{"0":"post-744913","1":"product","2":"type-product","3":"status-publish","5":"product_cat-edebiyat","6":"product_cat-roman-oyku","7":"pa_cilt-ciltsiz","8":"pa_tur-kitap","9":"pa_yayinevi-ketebe-yayinlari","10":"pa_yazar-gazale-alizade","12":"first","13":"instock","14":"sale","15":"shipping-taxable","16":"purchasable","17":"product-type-simple"},"_links":{"self":[{"href":"https:\/\/roveyayinevi.com.tr\/index.php\/wp-json\/wp\/v2\/product\/744913","targetHints":{"allow":["GET"]}}],"collection":[{"href":"https:\/\/roveyayinevi.com.tr\/index.php\/wp-json\/wp\/v2\/product"}],"about":[{"href":"https:\/\/roveyayinevi.com.tr\/index.php\/wp-json\/wp\/v2\/types\/product"}],"wp:attachment":[{"href":"https:\/\/roveyayinevi.com.tr\/index.php\/wp-json\/wp\/v2\/media?parent=744913"}],"wp:term":[{"taxonomy":"product_brand","embeddable":true,"href":"https:\/\/roveyayinevi.com.tr\/index.php\/wp-json\/wp\/v2\/product_brand?post=744913"},{"taxonomy":"product_cat","embeddable":true,"href":"https:\/\/roveyayinevi.com.tr\/index.php\/wp-json\/wp\/v2\/product_cat?post=744913"},{"taxonomy":"product_tag","embeddable":true,"href":"https:\/\/roveyayinevi.com.tr\/index.php\/wp-json\/wp\/v2\/product_tag?post=744913"}],"curies":[{"name":"wp","href":"https:\/\/api.w.org\/{rel}","templated":true}]}}