{"id":744912,"date":"2025-08-28T02:07:33","date_gmt":"2025-08-27T23:07:33","guid":{"rendered":"https:\/\/roveyayinevi.com.tr\/index.php\/urun\/goncanin-ucuncu-gunu\/"},"modified":"2026-04-16T02:56:46","modified_gmt":"2026-04-15T23:56:46","slug":"goncanin-ucuncu-gunu","status":"publish","type":"product","link":"https:\/\/roveyayinevi.com.tr\/index.php\/urun\/goncanin-ucuncu-gunu\/","title":{"rendered":"Goncan\u0131n \u00dc\u00e7\u00fcnc\u00fc G\u00fcn\u00fc"},"content":{"rendered":"<p>Yu\u0308cel Balku, \u00f6yku\u0308lerinde ru\u0308yalar, labirentler, efsaneler, gizemli semboller ve t\u0131ls\u0131mlarla dolu; tarihle \u015fimdinin i\u00e7 i\u00e7e ge\u00e7ti\u011fi al\u0131\u015f\u0131lagelmi\u015f zaman tasar\u0131lar\u0131n\u0131n y\u0131k\u0131ld\u0131\u011f\u0131 esatir\u00ee bir evren in\u015fa etti. Ayn\u0131 zamanda geleneksel anlat\u0131lar ve modern metinlerle kurdu\u011fu sahici ba\u011f, ona nadir rastlanan bir muhayyile gu\u0308cu\u0308 ile eskimeyen hik\u00e2yeler yazabilme yetene\u011fini ba\u011f\u0131\u015flad\u0131.   Goncan\u0131n \u00dc\u00e7u\u0308ncu\u0308 Gu\u0308nu\u0308\u2019nde kar\u015f\u0131la\u015ft\u0131\u011f\u0131m\u0131z her kahramanda ve hik\u00e2yede ke\u015ffedilmeyi bekleyen bir gizem vard\u0131r. Okur, her \u00f6yku\u0308de heyecanla bu gizemin izini su\u0308rer. Yazar\u0131n tasarlad\u0131\u011f\u0131 mek\u00e2nlar ve anlat\u0131lar ke\u015ffin ger\u00e7ekle\u015fmesi i\u00e7in olu\u015fturulmu\u015f yollard\u0131r. \u00d6yku\u0308ler okurun ancak sonsuz i\u00e7 ba\u011flant\u0131lar ve ipu\u00e7lar\u0131yla \u00e7\u00f6zebilece\u011fi a\u00e7\u0131k u\u00e7lu bir evrende ge\u00e7er: Bazen bir du\u0308\u015fle, bazen haritalarla, bazen i\u00e7inde hik\u00e2yemizin yaz\u0131l\u0131 oldu\u011fu bir cev\u015fenle, bazen uzaklardan gelen bir i\u011fdenin kokusu ve bazen de k\u0131vr\u0131larak \u00f6nu\u0308mu\u0308zden ge\u00e7en bir y\u0131lan\u0131n b\u0131rakt\u0131\u011f\u0131 izle yolumuzu buluruz.     Su\u0308k\u00fbtun en ya\u015fl\u0131 hu\u0308neridir; \u00e7ok derin susup du\u0308nyay\u0131 d\u0131\u015flad\u0131\u011f\u0131n\u0131za inand\u0131\u011f\u0131n\u0131z anda i\u00e7inizdeki bir tohuma sessizce su verir. Ye\u015ferirken ruhunuz bile duymaz. <\/p>\n","protected":false},"excerpt":{"rendered":"<p>Yu\u0308cel Balku, \u00f6yku\u0308lerinde ru\u0308yalar, labirentler, efsaneler, gizemli semboller ve t\u0131ls\u0131mlarla dolu; tarihle \u015fimdinin i\u00e7 i\u00e7e ge\u00e7ti\u011fi al\u0131\u015f\u0131lagelmi\u015f zaman tasar\u0131lar\u0131n\u0131n y\u0131k\u0131ld\u0131\u011f\u0131 esatir\u00ee bir evren in\u015fa etti. Ayn\u0131<span class=\"excerpt-hellip\"> [\u2026]<\/span><\/p>\n","protected":false},"featured_media":0,"template":"","meta":{"_monsterinsights_skip_tracking":false,"_monsterinsights_sitenote_active":false,"_monsterinsights_sitenote_note":"","_monsterinsights_sitenote_category":0},"product_brand":[],"product_cat":[12291,12711],"product_tag":[],"class_list":{"0":"post-744912","1":"product","2":"type-product","3":"status-publish","5":"product_cat-edebiyat","6":"product_cat-roman-oyku","7":"pa_cilt-ciltsiz","8":"pa_tur-kitap","9":"pa_yayinevi-ketebe-yayinlari","10":"pa_yazar-yucel-balku","12":"first","13":"instock","14":"sale","15":"shipping-taxable","16":"purchasable","17":"product-type-simple"},"_links":{"self":[{"href":"https:\/\/roveyayinevi.com.tr\/index.php\/wp-json\/wp\/v2\/product\/744912","targetHints":{"allow":["GET"]}}],"collection":[{"href":"https:\/\/roveyayinevi.com.tr\/index.php\/wp-json\/wp\/v2\/product"}],"about":[{"href":"https:\/\/roveyayinevi.com.tr\/index.php\/wp-json\/wp\/v2\/types\/product"}],"wp:attachment":[{"href":"https:\/\/roveyayinevi.com.tr\/index.php\/wp-json\/wp\/v2\/media?parent=744912"}],"wp:term":[{"taxonomy":"product_brand","embeddable":true,"href":"https:\/\/roveyayinevi.com.tr\/index.php\/wp-json\/wp\/v2\/product_brand?post=744912"},{"taxonomy":"product_cat","embeddable":true,"href":"https:\/\/roveyayinevi.com.tr\/index.php\/wp-json\/wp\/v2\/product_cat?post=744912"},{"taxonomy":"product_tag","embeddable":true,"href":"https:\/\/roveyayinevi.com.tr\/index.php\/wp-json\/wp\/v2\/product_tag?post=744912"}],"curies":[{"name":"wp","href":"https:\/\/api.w.org\/{rel}","templated":true}]}}