{"id":744911,"date":"2025-08-28T02:07:31","date_gmt":"2025-08-27T23:07:31","guid":{"rendered":"https:\/\/roveyayinevi.com.tr\/index.php\/urun\/bozkirdan-isaretler\/"},"modified":"2026-04-16T02:56:46","modified_gmt":"2026-04-15T23:56:46","slug":"bozkirdan-isaretler","status":"publish","type":"product","link":"https:\/\/roveyayinevi.com.tr\/index.php\/urun\/bozkirdan-isaretler\/","title":{"rendered":"Bozk\u0131rdan \u0130\u015faretler"},"content":{"rendered":"<p>\u015eiir; dilin do\u011furdu\u011fu bir \u015feye d\u00e2hil olsa bile, evrenin kendi kendini geni\u015fleterek var etmesine benzer bi\u00e7imde, dilin s\u0131n\u0131rlar\u0131n\u0131 zorlar ve geni\u015fletir. Dilin kendini en sahih olarak ger\u00e7ekle\u015ftirebildi\u011fi ayn\u0131 zamanda can buldu\u011fu yer olan \u015fiir, dil i\u00e7in \u015fefkatli bir ana kuca\u011f\u0131na d\u00f6n\u00fc\u015f\u00fcr. Ancak \u015fiir, dilin \u00f6n\u00fcne koydu\u011fu ortama yine dil taraf\u0131ndan ba\u011fl\u0131 kalmaya ko\u015fulland\u0131r\u0131l\u0131r. \u0130yi \u015fiir, bu ko\u015fulland\u0131rmaya, itaat etmeye ayak direr.   Heyecan\u0131, tutkusu, \u015fiirleri, dergicili\u011fi ve g\u00fcndeme getirdi\u011fi poetik meselelerle edebiyat\u0131m\u0131zda \u00f6nemli bir yere sahip olan Osman \u00c7akmak\u00e7\u0131\u2019n\u0131n otuz y\u0131l\u0131 a\u015fan yaz\u0131 ser\u00fcveni Bozk\u0131rdan \u0130\u015faretler\u2019de; \u015fiirin yeri, sahicili\u011fin sorunlar\u0131, anlam\u0131n g\u00fczelli\u011fi gibi konular \u015fairin kendine has tavr\u0131 ve titizli\u011fiyle ele al\u0131n\u0131yor. <\/p>\n","protected":false},"excerpt":{"rendered":"<p>\u015eiir; dilin do\u011furdu\u011fu bir \u015feye d\u00e2hil olsa bile, evrenin kendi kendini geni\u015fleterek var etmesine benzer bi\u00e7imde, dilin s\u0131n\u0131rlar\u0131n\u0131 zorlar ve geni\u015fletir. Dilin kendini en sahih olarak<span class=\"excerpt-hellip\"> [\u2026]<\/span><\/p>\n","protected":false},"featured_media":0,"template":"","meta":{"_monsterinsights_skip_tracking":false,"_monsterinsights_sitenote_active":false,"_monsterinsights_sitenote_note":"","_monsterinsights_sitenote_category":0},"product_brand":[],"product_cat":[12291,12509],"product_tag":[],"class_list":{"0":"post-744911","1":"product","2":"type-product","3":"status-publish","5":"product_cat-edebiyat","6":"product_cat-siir","7":"pa_cilt-ciltsiz","8":"pa_tur-kitap","9":"pa_yayinevi-ketebe-yayinlari","10":"pa_yazar-osman-cakmakci","12":"first","13":"instock","14":"sale","15":"shipping-taxable","16":"purchasable","17":"product-type-simple"},"_links":{"self":[{"href":"https:\/\/roveyayinevi.com.tr\/index.php\/wp-json\/wp\/v2\/product\/744911","targetHints":{"allow":["GET"]}}],"collection":[{"href":"https:\/\/roveyayinevi.com.tr\/index.php\/wp-json\/wp\/v2\/product"}],"about":[{"href":"https:\/\/roveyayinevi.com.tr\/index.php\/wp-json\/wp\/v2\/types\/product"}],"wp:attachment":[{"href":"https:\/\/roveyayinevi.com.tr\/index.php\/wp-json\/wp\/v2\/media?parent=744911"}],"wp:term":[{"taxonomy":"product_brand","embeddable":true,"href":"https:\/\/roveyayinevi.com.tr\/index.php\/wp-json\/wp\/v2\/product_brand?post=744911"},{"taxonomy":"product_cat","embeddable":true,"href":"https:\/\/roveyayinevi.com.tr\/index.php\/wp-json\/wp\/v2\/product_cat?post=744911"},{"taxonomy":"product_tag","embeddable":true,"href":"https:\/\/roveyayinevi.com.tr\/index.php\/wp-json\/wp\/v2\/product_tag?post=744911"}],"curies":[{"name":"wp","href":"https:\/\/api.w.org\/{rel}","templated":true}]}}