{"id":744910,"date":"2025-08-28T02:07:30","date_gmt":"2025-08-27T23:07:30","guid":{"rendered":"https:\/\/roveyayinevi.com.tr\/index.php\/urun\/yarinin-dunyasi\/"},"modified":"2026-04-16T02:56:46","modified_gmt":"2026-04-15T23:56:46","slug":"yarinin-dunyasi","status":"publish","type":"product","link":"https:\/\/roveyayinevi.com.tr\/index.php\/urun\/yarinin-dunyasi\/","title":{"rendered":"Yar\u0131n\u0131n D\u00fcnyas\u0131"},"content":{"rendered":"<p>\u201cKapsam olarak k\u0131sa ancak menzil olarak geni\u015f! Yar\u0131n\u0131n D\u00fcnyas\u0131 yeniden tasarlanan genlerden, insan kaynakl\u0131 iklim krizine ya da uzayl\u0131 bir zek\u00e2 ile kar\u015f\u0131la\u015fma olas\u0131l\u0131\u011f\u0131m\u0131za; artan insan n\u00fcfusuyla D\u00fcnya\u2019n\u0131n, ancak bilim ve teknoloji \u201cbilgelikle\u201d kullan\u0131l\u0131rsa geli\u015febilece\u011fini s\u00f6yl\u00fcyor.\u201d   Andrew Robinson, Science   D\u00fcnyaca \u00fcnl\u00fc biliminsan\u0131 ve \u00e7ok satan yazar Martin Rees\u2019ten insanl\u0131\u011f\u0131n ve bilimin gelece\u011fine k\u0131\u015fk\u0131rt\u0131c\u0131 ve ilham verici bir bak\u0131\u015f! De\u011fi\u015fen d\u00fcnyan\u0131n h\u0131z\u0131na bilim ile yeti\u015febilmek m\u00fcmk\u00fcn m\u00fc? Biyoteknoloji, siber teknoloji, robotik ve yapay zek\u00e2daki ilerlemeler d\u00fczenli ve sistemli uygulan\u0131rsa iklim de\u011fi\u015fikli\u011finden n\u00fckleer sava\u015fa kadar t\u00fcm tehditler engellenebilir mi? Yar\u0131n\u0131n D\u00fcnyas\u0131\u2019nda Martin Rees, de\u011fi\u015fen d\u00fcnyada insan ya\u015fam\u0131n\u0131 tehdit eden ve edecek olan riskleri s\u0131ralay\u0131p \u00e7\u00f6z\u00fcm \u00f6nerilerini sunuyor. H\u00fck\u00fcmetleri ve toplumu tehditlere kar\u015f\u0131 uyararak uzun vadede ge\u00e7erli sonu\u00e7lar al\u0131nmas\u0131 i\u00e7in u\u011fra\u015f\u0131yor. Teknolojik geli\u015fmeleri sadece b\u00fcy\u00fck bir co\u015fkuyla kar\u015f\u0131lamayan Rees, uzmanlar\u0131n kontrol\u00fcnde, y\u00fcz y\u0131l sonras\u0131n\u0131n bile d\u00fc\u015f\u00fcn\u00fclerek hareket edilmesi gerekti\u011fini s\u00f6yl\u00fcyor. Yar\u0131n\u0131n D\u00fcnyas\u0131, bilimin \u015fimdiki ve gelecekti h\u00e2lini g\u00f6rmek, d\u00fc\u015f\u00fcnmek, eyleme ge\u00e7mek isteyenler i\u00e7in e\u015fsiz bir \u00e7al\u0131\u015fma.<\/p>\n","protected":false},"excerpt":{"rendered":"<p>\u201cKapsam olarak k\u0131sa ancak menzil olarak geni\u015f! Yar\u0131n\u0131n D\u00fcnyas\u0131 yeniden tasarlanan genlerden, insan kaynakl\u0131 iklim krizine ya da uzayl\u0131 bir zek\u00e2 ile kar\u015f\u0131la\u015fma olas\u0131l\u0131\u011f\u0131m\u0131za; artan insan<span class=\"excerpt-hellip\"> [\u2026]<\/span><\/p>\n","protected":false},"featured_media":0,"template":"","meta":{"_monsterinsights_skip_tracking":false,"_monsterinsights_sitenote_active":false,"_monsterinsights_sitenote_note":"","_monsterinsights_sitenote_category":0},"product_brand":[],"product_cat":[13005,37328],"product_tag":[],"class_list":{"0":"post-744910","1":"product","2":"type-product","3":"status-publish","5":"product_cat-bilim-muhendislik","6":"product_cat-diger-bilim-muhendislik","7":"pa_cilt-ciltsiz","8":"pa_tur-kitap","9":"pa_yayinevi-ketebe-yayinlari","10":"pa_yazar-martin-rees","12":"first","13":"instock","14":"sale","15":"shipping-taxable","16":"purchasable","17":"product-type-simple"},"_links":{"self":[{"href":"https:\/\/roveyayinevi.com.tr\/index.php\/wp-json\/wp\/v2\/product\/744910","targetHints":{"allow":["GET"]}}],"collection":[{"href":"https:\/\/roveyayinevi.com.tr\/index.php\/wp-json\/wp\/v2\/product"}],"about":[{"href":"https:\/\/roveyayinevi.com.tr\/index.php\/wp-json\/wp\/v2\/types\/product"}],"wp:attachment":[{"href":"https:\/\/roveyayinevi.com.tr\/index.php\/wp-json\/wp\/v2\/media?parent=744910"}],"wp:term":[{"taxonomy":"product_brand","embeddable":true,"href":"https:\/\/roveyayinevi.com.tr\/index.php\/wp-json\/wp\/v2\/product_brand?post=744910"},{"taxonomy":"product_cat","embeddable":true,"href":"https:\/\/roveyayinevi.com.tr\/index.php\/wp-json\/wp\/v2\/product_cat?post=744910"},{"taxonomy":"product_tag","embeddable":true,"href":"https:\/\/roveyayinevi.com.tr\/index.php\/wp-json\/wp\/v2\/product_tag?post=744910"}],"curies":[{"name":"wp","href":"https:\/\/api.w.org\/{rel}","templated":true}]}}