{"id":744909,"date":"2025-08-28T02:07:30","date_gmt":"2025-08-27T23:07:30","guid":{"rendered":"https:\/\/roveyayinevi.com.tr\/index.php\/urun\/peygamberin-evinde\/"},"modified":"2026-04-16T02:56:46","modified_gmt":"2026-04-15T23:56:46","slug":"peygamberin-evinde","status":"publish","type":"product","link":"https:\/\/roveyayinevi.com.tr\/index.php\/urun\/peygamberin-evinde\/","title":{"rendered":"Peygamber\u2019in Evinde"},"content":{"rendered":"<p>\u0130sl\u00e2m tarihinin en etkileyici hik\u00e2yelerinden biri \u015f\u00fcphesiz Hz. Peygamber\u2019in sevgili k\u0131z\u0131 Hz. Zeynep ile damad\u0131 Hz. Ebu\u2019l-\u00c2s bin Rebi\u2018\u2019nin hik\u00e2yesidir. Aralar\u0131ndaki kuvvetli a\u015fk\u0131n \u0130slamiyet geldikten sonra bamba\u015fka h\u00e2llere evrili\u015fi; zor kararlar, d\u00f6neme\u00e7ler ve t\u00fcrl\u00fc badirelerin onlar\u0131 getirdikleri kritik e\u015fikler; Hz. Zeynep\u2019in \u201csevgi ve iman\u201d m\u00fccadelesi\u2026 Hz. Zeynep ilk M\u00fcsl\u00fcmanlardan olmas\u0131na ra\u011fmen Ebu\u2019l-\u00c2s uzun y\u0131llar iman etmemi\u015f, atalar\u0131n\u0131n dinine inanmaya devam etmi\u015fti. \u00d6yle ki, Kurey\u015f ailesinden olan Ebu\u2019l-\u00c2s, m\u00fcminler ile yap\u0131lan sava\u015fa dahi girmi\u015fti. Ancak y\u0131llar sonra o da \u0130sl\u00e2m\u2019la \u015fereflendi. Peygamber\u2019in Evinde, \u0130sl\u00e2m tarihi izle\u011finde Hz. Peygamber\u2019in be\u015fer\u00ee y\u00f6nlerine, \u00f6zellikle aile hayat\u0131na dair \u00e7e\u015fitli sahnelere tan\u0131k olaca\u011f\u0131n\u0131z, sevgi ve ahlak fenomenleri kar\u015f\u0131s\u0131ndaki tutumuna \u015fahitlik edece\u011finiz, \u00fczerinde \u00e7ok\u00e7a \u00e7al\u0131\u015f\u0131lm\u0131\u015f, \u00e7arp\u0131c\u0131 bir roman.<\/p>\n","protected":false},"excerpt":{"rendered":"<p>\u0130sl\u00e2m tarihinin en etkileyici hik\u00e2yelerinden biri \u015f\u00fcphesiz Hz. Peygamber\u2019in sevgili k\u0131z\u0131 Hz. Zeynep ile damad\u0131 Hz. Ebu\u2019l-\u00c2s bin Rebi\u2018\u2019nin hik\u00e2yesidir. Aralar\u0131ndaki kuvvetli a\u015fk\u0131n \u0130slamiyet geldikten sonra<span class=\"excerpt-hellip\"> [\u2026]<\/span><\/p>\n","protected":false},"featured_media":0,"template":"","meta":{"_monsterinsights_skip_tracking":false,"_monsterinsights_sitenote_active":false,"_monsterinsights_sitenote_note":"","_monsterinsights_sitenote_category":0},"product_brand":[],"product_cat":[12718,12719,18109],"product_tag":[],"class_list":{"0":"post-744909","1":"product","2":"type-product","3":"status-publish","5":"product_cat-din","6":"product_cat-islam","7":"product_cat-islam-tarihi","8":"pa_cilt-ciltsiz","9":"pa_tur-kitap","10":"pa_yayinevi-ketebe-yayinlari","11":"pa_yazar-hasan-muhaddisi-bijen-abdulkerimi","13":"first","14":"instock","15":"sale","16":"shipping-taxable","17":"purchasable","18":"product-type-simple"},"_links":{"self":[{"href":"https:\/\/roveyayinevi.com.tr\/index.php\/wp-json\/wp\/v2\/product\/744909","targetHints":{"allow":["GET"]}}],"collection":[{"href":"https:\/\/roveyayinevi.com.tr\/index.php\/wp-json\/wp\/v2\/product"}],"about":[{"href":"https:\/\/roveyayinevi.com.tr\/index.php\/wp-json\/wp\/v2\/types\/product"}],"wp:attachment":[{"href":"https:\/\/roveyayinevi.com.tr\/index.php\/wp-json\/wp\/v2\/media?parent=744909"}],"wp:term":[{"taxonomy":"product_brand","embeddable":true,"href":"https:\/\/roveyayinevi.com.tr\/index.php\/wp-json\/wp\/v2\/product_brand?post=744909"},{"taxonomy":"product_cat","embeddable":true,"href":"https:\/\/roveyayinevi.com.tr\/index.php\/wp-json\/wp\/v2\/product_cat?post=744909"},{"taxonomy":"product_tag","embeddable":true,"href":"https:\/\/roveyayinevi.com.tr\/index.php\/wp-json\/wp\/v2\/product_tag?post=744909"}],"curies":[{"name":"wp","href":"https:\/\/api.w.org\/{rel}","templated":true}]}}