{"id":744908,"date":"2025-08-28T02:07:29","date_gmt":"2025-08-27T23:07:29","guid":{"rendered":"https:\/\/roveyayinevi.com.tr\/index.php\/urun\/kendini-aldatan-insan\/"},"modified":"2026-04-16T02:56:46","modified_gmt":"2026-04-15T23:56:46","slug":"kendini-aldatan-insan","status":"publish","type":"product","link":"https:\/\/roveyayinevi.com.tr\/index.php\/urun\/kendini-aldatan-insan\/","title":{"rendered":"Kendini Aldatan \u0130nsan"},"content":{"rendered":"<p>Aldan\u0131\u015f\u0131, insanl\u0131\u011f\u0131n trajik bir hakikati olarak sunan el-Ke\u015ff ve\u2019t-Teby\u00een f\u00ee \u011eur\u00fbri\u2019l-Halki Ecma\u00een, gururun\/aldan\u0131\u015f\u0131n arkas\u0131ndaki aldanma hik\u00e2yelerini \u00e7e\u015fitli tasvirlerle ortaya koyuyor. Bu anlamda \u201cT\u00fcm \u0130nsanlar\u0131n Aldan\u0131\u015f\u0131n\u0131n Ke\u015fif ve Beyan\u0131\u201d olan bu kitapta Gazz\u00e2l\u00ee; insanlar\u0131n, arzular\u0131n\u0131 tatmin y\u00f6n\u00fcndeki tabii temay\u00fcllerine uymalar\u0131ndan \u00e7ok, bunlar\u0131n \u00fczerini \u00f6rten baz\u0131 erdemler vas\u0131tas\u0131yla kendilerini kand\u0131rmalar\u0131yla ilgileniyor. Bu y\u00fczden de kitapta, aldan\u0131\u015f\u0131n elinden neredeyse kimsenin kurtulamad\u0131\u011f\u0131n\u0131 g\u00f6rmek hi\u00e7 \u015fa\u015f\u0131rt\u0131c\u0131 de\u011fildir. Gazz\u00e2l\u00ee\u2019nin as\u0131l g\u00fcndemi ise aldanmam\u0131\u015f gibi g\u00f6r\u00fcnen, toplumda itibar g\u00f6ren ve rol model kabul edilen s\u0131n\u0131flar\u0131n gizli aldan\u0131\u015f\u0131yla ilgilidir ki kitab\u0131n muhtevas\u0131n\u0131n b\u00fcy\u00fck k\u0131sm\u0131 buna ayr\u0131lm\u0131\u015ft\u0131r. Gazz\u00e2l\u00ee\u2019nin aldand\u0131klar\u0131n\u0131 iddia etti\u011fi ve aldan\u0131\u015f hik\u00e2yelerini geni\u015f bi\u00e7imde resmetti\u011fi, \u00e7e\u015fitli gerek\u00e7elerle temellendirdi\u011fi gruplar, kitapta d\u00f6rt s\u0131n\u0131fta toplan\u0131yor: \u00e2limler, \u00e2bidler, zenginler ve s\u00fbf\u00eeler. G\u00fcn\u00fcm\u00fczde din\u00ee y\u00f6neli\u015flerin \u00f6zellikle sosyal organizasyonlar \u00f6l\u00e7e\u011findeki b\u00fcy\u00fck tecr\u00fcbesini g\u00f6z \u00f6n\u00fcnde bulundurdu\u011fumuzda, kitab\u0131n h\u00e2l\u00e2 g\u00fcncelli\u011fini korudu\u011funu g\u00f6rmemek m\u00fcmk\u00fcn de\u011fildir.<\/p>\n","protected":false},"excerpt":{"rendered":"<p>Aldan\u0131\u015f\u0131, insanl\u0131\u011f\u0131n trajik bir hakikati olarak sunan el-Ke\u015ff ve\u2019t-Teby\u00een f\u00ee \u011eur\u00fbri\u2019l-Halki Ecma\u00een, gururun\/aldan\u0131\u015f\u0131n arkas\u0131ndaki aldanma hik\u00e2yelerini \u00e7e\u015fitli tasvirlerle ortaya koyuyor. Bu anlamda \u201cT\u00fcm \u0130nsanlar\u0131n Aldan\u0131\u015f\u0131n\u0131n Ke\u015fif<span class=\"excerpt-hellip\"> [\u2026]<\/span><\/p>\n","protected":false},"featured_media":0,"template":"","meta":{"_monsterinsights_skip_tracking":false,"_monsterinsights_sitenote_active":false,"_monsterinsights_sitenote_note":"","_monsterinsights_sitenote_category":0},"product_brand":[],"product_cat":[12718,12719,15238],"product_tag":[],"class_list":{"0":"post-744908","1":"product","2":"type-product","3":"status-publish","5":"product_cat-din","6":"product_cat-islam","7":"product_cat-tasavvuf","8":"pa_cilt-ciltsiz","9":"pa_tur-kitap","10":"pa_yayinevi-ketebe-yayinlari","11":"pa_yazar-imam-gazzali","13":"first","14":"instock","15":"sale","16":"shipping-taxable","17":"purchasable","18":"product-type-simple"},"_links":{"self":[{"href":"https:\/\/roveyayinevi.com.tr\/index.php\/wp-json\/wp\/v2\/product\/744908","targetHints":{"allow":["GET"]}}],"collection":[{"href":"https:\/\/roveyayinevi.com.tr\/index.php\/wp-json\/wp\/v2\/product"}],"about":[{"href":"https:\/\/roveyayinevi.com.tr\/index.php\/wp-json\/wp\/v2\/types\/product"}],"wp:attachment":[{"href":"https:\/\/roveyayinevi.com.tr\/index.php\/wp-json\/wp\/v2\/media?parent=744908"}],"wp:term":[{"taxonomy":"product_brand","embeddable":true,"href":"https:\/\/roveyayinevi.com.tr\/index.php\/wp-json\/wp\/v2\/product_brand?post=744908"},{"taxonomy":"product_cat","embeddable":true,"href":"https:\/\/roveyayinevi.com.tr\/index.php\/wp-json\/wp\/v2\/product_cat?post=744908"},{"taxonomy":"product_tag","embeddable":true,"href":"https:\/\/roveyayinevi.com.tr\/index.php\/wp-json\/wp\/v2\/product_tag?post=744908"}],"curies":[{"name":"wp","href":"https:\/\/api.w.org\/{rel}","templated":true}]}}