{"id":744906,"date":"2025-08-28T02:07:26","date_gmt":"2025-08-27T23:07:26","guid":{"rendered":"https:\/\/roveyayinevi.com.tr\/index.php\/urun\/asina-destani-3-kitap\/"},"modified":"2026-04-16T02:56:46","modified_gmt":"2026-04-15T23:56:46","slug":"asina-destani-3-kitap","status":"publish","type":"product","link":"https:\/\/roveyayinevi.com.tr\/index.php\/urun\/asina-destani-3-kitap\/","title":{"rendered":"A\u015fina Destan\u0131 (3. Kitap)"},"content":{"rendered":"<p>\u0130yeler! Gelin, oturun yan\u0131 ba\u015f\u0131maKamlamaya ba\u015flad\u0131m gece g\u00f6\u011f\u00fcn\u00fcn alt\u0131ndaAy\u0131n parlak \u0131\u015f\u0131\u011f\u0131 Yulam\u0131 y\u0131karken davet etti beni Ak AnaG\u00f6stermek i\u00e7in yarat\u0131l\u0131\u015f\u0131 dokuzlar halkas\u0131nda kamlayan Utkun\u2019aBiliyorum, zorlu bir yolculuk olan bu hayat\u0131mda herkes g\u00f6recek beni son defaMaddeyle vedala\u015f\u0131p terk edece\u011fim d\u00fcnyay\u0131 g\u00f6revlerimi tamamlay\u0131ncaYok olu\u015fun son \u00e7eyre\u011finde t\u00fcm g\u00f6rd\u00fcklerimi ve duyduklar\u0131m\u0131 f\u0131s\u0131ldad\u0131m kelimelereKelimeler halka oldular ay\u0131n halesi gibi yarat\u0131l\u0131\u015f\u0131 ba\u015flatan Ak Ana\u2019n\u0131n ba\u015f\u0131 \u00fcst\u00fcnde\u0130yeler oturdu, sen de gel otur yan\u0131maBa\u015flang\u0131c\u0131 \u00f6\u011fren \u00f6nce, sonra biti\u015fe gelecek s\u0131raKapatarak g\u00f6zlerini, dinle beni kalbinleBu anlatt\u0131\u011f\u0131m bil ki ger\u00e7ekten de ya\u015fand\u0131 kadim d\u00f6nemde\u00d6\u011fren atan A\u015fina\u2019n\u0131n soyunun nas\u0131l birle\u015fti\u011fini kurtlarla birlikte!<\/p>\n","protected":false},"excerpt":{"rendered":"<p>\u0130yeler! Gelin, oturun yan\u0131 ba\u015f\u0131maKamlamaya ba\u015flad\u0131m gece g\u00f6\u011f\u00fcn\u00fcn alt\u0131ndaAy\u0131n parlak \u0131\u015f\u0131\u011f\u0131 Yulam\u0131 y\u0131karken davet etti beni Ak AnaG\u00f6stermek i\u00e7in yarat\u0131l\u0131\u015f\u0131 dokuzlar halkas\u0131nda kamlayan Utkun\u2019aBiliyorum, zorlu bir<span class=\"excerpt-hellip\"> [\u2026]<\/span><\/p>\n","protected":false},"featured_media":0,"template":"","meta":{"_monsterinsights_skip_tracking":false,"_monsterinsights_sitenote_active":false,"_monsterinsights_sitenote_note":"","_monsterinsights_sitenote_category":0},"product_brand":[],"product_cat":[12291,13706],"product_tag":[],"class_list":{"0":"post-744906","1":"product","2":"type-product","3":"status-publish","5":"product_cat-edebiyat","6":"product_cat-efsane-destan-masal","7":"pa_cilt-ciltsiz","8":"pa_tur-kitap","9":"pa_yayinevi-vaveyla-yayincilik","10":"pa_yazar-ayasya","12":"first","13":"instock","14":"sale","15":"shipping-taxable","16":"purchasable","17":"product-type-simple"},"_links":{"self":[{"href":"https:\/\/roveyayinevi.com.tr\/index.php\/wp-json\/wp\/v2\/product\/744906","targetHints":{"allow":["GET"]}}],"collection":[{"href":"https:\/\/roveyayinevi.com.tr\/index.php\/wp-json\/wp\/v2\/product"}],"about":[{"href":"https:\/\/roveyayinevi.com.tr\/index.php\/wp-json\/wp\/v2\/types\/product"}],"wp:attachment":[{"href":"https:\/\/roveyayinevi.com.tr\/index.php\/wp-json\/wp\/v2\/media?parent=744906"}],"wp:term":[{"taxonomy":"product_brand","embeddable":true,"href":"https:\/\/roveyayinevi.com.tr\/index.php\/wp-json\/wp\/v2\/product_brand?post=744906"},{"taxonomy":"product_cat","embeddable":true,"href":"https:\/\/roveyayinevi.com.tr\/index.php\/wp-json\/wp\/v2\/product_cat?post=744906"},{"taxonomy":"product_tag","embeddable":true,"href":"https:\/\/roveyayinevi.com.tr\/index.php\/wp-json\/wp\/v2\/product_tag?post=744906"}],"curies":[{"name":"wp","href":"https:\/\/api.w.org\/{rel}","templated":true}]}}