{"id":744902,"date":"2025-08-28T02:07:21","date_gmt":"2025-08-27T23:07:21","guid":{"rendered":"https:\/\/roveyayinevi.com.tr\/index.php\/urun\/butun-siirleri-hizla-akan-mizrak\/"},"modified":"2026-04-16T02:56:46","modified_gmt":"2026-04-15T23:56:46","slug":"butun-siirleri-hizla-akan-mizrak","status":"publish","type":"product","link":"https:\/\/roveyayinevi.com.tr\/index.php\/urun\/butun-siirleri-hizla-akan-mizrak\/","title":{"rendered":"B\u00fct\u00fcn \u015eiirleri &amp; H\u0131zla Akan M\u0131zrak"},"content":{"rendered":"<p>Bir sen vars\u0131n hep sa\u00e7lar\u0131n a\u011fz\u0131n Bir merdiven h\u00fccresinde uzak \u00e7a\u011fr\u0131\u015f\u0131mlarla ko\u015fard\u0131n ya bensem seni sonsuz geli\u015finle sa\u00e7\u0131ndan tan\u0131yor g\u00fcl\u00fc\u015f\u00fcnden ka\u00e7\u0131yor e\u011filip ba\u015f\u0131n\u0131 i\u00e7lerimden ge\u00e7ti\u011fin zaman uza\u011fa bir yolcuya kar\u015f\u0131 \u00e7\u0131kar gibi Art\u0131k gecikmi\u015f al\u0131\u015f\u0131ld\u0131\u011f\u0131m gidi\u015finle davran\u0131lmaz \u00fcst\u00fcnde durulmaz hi\u00e7bir t\u00fcfe\u011fe gelmez bir kekliksem   Y\u00fcz\u00fcn soygundan ge\u00e7mi\u015f \u00f6yle bir yerde durmu\u015f ki bak\u0131\u015f\u0131n boynun bozgun \u00fcst\u00fcnden bir nehir ge\u00e7er gibi ya gecedir ondan ya bulan\u0131k sudan bir hasta gibi a\u011fr\u0131maktas\u0131n<\/p>\n","protected":false},"excerpt":{"rendered":"<p>Bir sen vars\u0131n hep sa\u00e7lar\u0131n a\u011fz\u0131n Bir merdiven h\u00fccresinde uzak \u00e7a\u011fr\u0131\u015f\u0131mlarla ko\u015fard\u0131n ya bensem seni sonsuz geli\u015finle sa\u00e7\u0131ndan tan\u0131yor g\u00fcl\u00fc\u015f\u00fcnden ka\u00e7\u0131yor e\u011filip ba\u015f\u0131n\u0131 i\u00e7lerimden ge\u00e7ti\u011fin zaman<span class=\"excerpt-hellip\"> [\u2026]<\/span><\/p>\n","protected":false},"featured_media":0,"template":"","meta":{"_monsterinsights_skip_tracking":false,"_monsterinsights_sitenote_active":false,"_monsterinsights_sitenote_note":"","_monsterinsights_sitenote_category":0},"product_brand":[],"product_cat":[12291,12509],"product_tag":[],"class_list":{"0":"post-744902","1":"product","2":"type-product","3":"status-publish","5":"product_cat-edebiyat","6":"product_cat-siir","7":"pa_cilt-ciltsiz","8":"pa_tur-kitap","9":"pa_yayinevi-ketebe-yayinlari","10":"pa_yazar-cahit-zarifoglu","12":"first","13":"instock","14":"sale","15":"shipping-taxable","16":"purchasable","17":"product-type-simple"},"_links":{"self":[{"href":"https:\/\/roveyayinevi.com.tr\/index.php\/wp-json\/wp\/v2\/product\/744902","targetHints":{"allow":["GET"]}}],"collection":[{"href":"https:\/\/roveyayinevi.com.tr\/index.php\/wp-json\/wp\/v2\/product"}],"about":[{"href":"https:\/\/roveyayinevi.com.tr\/index.php\/wp-json\/wp\/v2\/types\/product"}],"wp:attachment":[{"href":"https:\/\/roveyayinevi.com.tr\/index.php\/wp-json\/wp\/v2\/media?parent=744902"}],"wp:term":[{"taxonomy":"product_brand","embeddable":true,"href":"https:\/\/roveyayinevi.com.tr\/index.php\/wp-json\/wp\/v2\/product_brand?post=744902"},{"taxonomy":"product_cat","embeddable":true,"href":"https:\/\/roveyayinevi.com.tr\/index.php\/wp-json\/wp\/v2\/product_cat?post=744902"},{"taxonomy":"product_tag","embeddable":true,"href":"https:\/\/roveyayinevi.com.tr\/index.php\/wp-json\/wp\/v2\/product_tag?post=744902"}],"curies":[{"name":"wp","href":"https:\/\/api.w.org\/{rel}","templated":true}]}}