{"id":744898,"date":"2025-08-28T02:07:16","date_gmt":"2025-08-27T23:07:16","guid":{"rendered":"https:\/\/roveyayinevi.com.tr\/index.php\/urun\/ingiliz-istihbarati-ve-osmanli-imparatorlugu\/"},"modified":"2026-04-16T02:56:46","modified_gmt":"2026-04-15T23:56:46","slug":"ingiliz-istihbarati-ve-osmanli-imparatorlugu","status":"publish","type":"product","link":"https:\/\/roveyayinevi.com.tr\/index.php\/urun\/ingiliz-istihbarati-ve-osmanli-imparatorlugu\/","title":{"rendered":"\u0130ngiliz \u0130stihbarat\u0131 ve Osmanl\u0131 \u0130mparatorlu\u011fu"},"content":{"rendered":"<p>Elektri\u011fin icad\u0131 sonras\u0131 ileti\u015fim ve ula\u015f\u0131m ara\u00e7lar\u0131n\u0131n \u00e7e\u015fitlendi\u011fi bir d\u00fcnyada ola\u011fan\u00fcst\u00fc geni\u015f bir satha yay\u0131lan sava\u015f, kitlesel ordular\u0131 komuta edip y\u00f6nlendirebilmek, mesajlar\u0131n d\u00fc\u015fman eline ge\u00e7mesini engellemek ad\u0131na \u015fifreleme tekni\u011fine olduk\u00e7a karma\u015f\u0131k bir boyut kazand\u0131rd\u0131. Bu boyut, d\u00fc\u015fman\u0131n niyetlerini \u00f6\u011frenmek isteyen \u00fclkelerin istihbarat te\u015fkilatlar\u0131nda \u015fifre k\u0131rma birimlerinin de geli\u015ftirilmesi zaruretini do\u011furdu. Bu etki ve tepki, hasm\u0131n\u0131n niyetlerinden haberdar olmak isteyen insan\u0131, teknoloji ve enformasyon devriminin en \u00f6nemli ara\u00e7lar\u0131ndan biri olan bilgisayar\u0131n icad\u0131na s\u00fcr\u00fckledi. Tam da bu sebepten istihbarat te\u015fkilatlar\u0131, teknoloji devrimine neden olan en \u00f6nemli kurumlar\u0131n ba\u015f\u0131nda gelmektedir. Zira d\u00fcnyan\u0131n d\u00f6rt bir yan\u0131ndan temin edilen bilginin akt\u0131\u011f\u0131 yeg\u00e2ne merkezler, istihbarat te\u015fkilatlar\u0131d\u0131r. Francis Bacon\u2019un da i\u015faret etti\u011fi gibi \u2018bilgi, g\u00fc\u00e7t\u00fcr.\u2019 Bu kitapta, denizlere h\u00e2kim olan ticari, end\u00fcstriyel ve askeri bir imparatorlu\u011fun, Osmanl\u0131 \u0130mparatorlu\u011fu hakk\u0131nda tutmu\u015f oldu\u011fu rapor, g\u00f6zlem ve analizlerden bir kesit bulacak; teknoloji ve enformasyon \u00e7a\u011f\u0131na a\u00e7\u0131lan yolda \u0130ngiliz istihbarat\u0131n\u0131n geli\u015fim s\u00fcrecine ve Britanya\u2019y\u0131 bu s\u00fcrece getiren \u0130ngiliz d\u00fc\u015f\u00fcncesinin d\u00f6n\u00fc\u015f\u00fcm evrelerine g\u00f6z gezdirebilecek; T\u00fcrk tarihinin hala en tart\u0131\u015fmal\u0131 simalar\u0131ndan biri olan II. Abd\u00fclhamid devri Osmanl\u0131 tarihinin, \u0130ngiliz perspektifinden nas\u0131l alg\u0131land\u0131\u011f\u0131na \u015fahitlik edecek ve birinci elden kaynaklar\u0131n anlat\u0131m\u0131 e\u015fli\u011finde tarihsel bir yolculu\u011fa \u00e7\u0131kacaks\u0131n\u0131z.<\/p>\n","protected":false},"excerpt":{"rendered":"<p>Elektri\u011fin icad\u0131 sonras\u0131 ileti\u015fim ve ula\u015f\u0131m ara\u00e7lar\u0131n\u0131n \u00e7e\u015fitlendi\u011fi bir d\u00fcnyada ola\u011fan\u00fcst\u00fc geni\u015f bir satha yay\u0131lan sava\u015f, kitlesel ordular\u0131 komuta edip y\u00f6nlendirebilmek, mesajlar\u0131n d\u00fc\u015fman eline ge\u00e7mesini engellemek<span class=\"excerpt-hellip\"> [\u2026]<\/span><\/p>\n","protected":false},"featured_media":0,"template":"","meta":{"_monsterinsights_skip_tracking":false,"_monsterinsights_sitenote_active":false,"_monsterinsights_sitenote_note":"","_monsterinsights_sitenote_category":0},"product_brand":[],"product_cat":[13517,12304],"product_tag":[],"class_list":{"0":"post-744898","1":"product","2":"type-product","3":"status-publish","5":"product_cat-osmanli-tarihi","6":"product_cat-tarih","7":"pa_cilt-ciltsiz","8":"pa_tur-kitap","9":"pa_yayinevi-yeditepe-yayinevi","10":"pa_yazar-ferdi-ertekin","12":"first","13":"instock","14":"sale","15":"shipping-taxable","16":"purchasable","17":"product-type-simple"},"_links":{"self":[{"href":"https:\/\/roveyayinevi.com.tr\/index.php\/wp-json\/wp\/v2\/product\/744898","targetHints":{"allow":["GET"]}}],"collection":[{"href":"https:\/\/roveyayinevi.com.tr\/index.php\/wp-json\/wp\/v2\/product"}],"about":[{"href":"https:\/\/roveyayinevi.com.tr\/index.php\/wp-json\/wp\/v2\/types\/product"}],"wp:attachment":[{"href":"https:\/\/roveyayinevi.com.tr\/index.php\/wp-json\/wp\/v2\/media?parent=744898"}],"wp:term":[{"taxonomy":"product_brand","embeddable":true,"href":"https:\/\/roveyayinevi.com.tr\/index.php\/wp-json\/wp\/v2\/product_brand?post=744898"},{"taxonomy":"product_cat","embeddable":true,"href":"https:\/\/roveyayinevi.com.tr\/index.php\/wp-json\/wp\/v2\/product_cat?post=744898"},{"taxonomy":"product_tag","embeddable":true,"href":"https:\/\/roveyayinevi.com.tr\/index.php\/wp-json\/wp\/v2\/product_tag?post=744898"}],"curies":[{"name":"wp","href":"https:\/\/api.w.org\/{rel}","templated":true}]}}