{"id":744896,"date":"2025-08-28T02:07:13","date_gmt":"2025-08-27T23:07:13","guid":{"rendered":"https:\/\/roveyayinevi.com.tr\/index.php\/urun\/savasa-cagrilmadigim-gunler-toplu-siirler\/"},"modified":"2026-04-16T02:56:46","modified_gmt":"2026-04-15T23:56:46","slug":"savasa-cagrilmadigim-gunler-toplu-siirler","status":"publish","type":"product","link":"https:\/\/roveyayinevi.com.tr\/index.php\/urun\/savasa-cagrilmadigim-gunler-toplu-siirler\/","title":{"rendered":"Sava\u015fa \u00c7a\u011fr\u0131lmad\u0131\u011f\u0131m G\u00fcnler \/Toplu \u015eiirler"},"content":{"rendered":"<p>Ben bir mektuba ba\u015flam\u0131\u015fsam gerisini sen getir Yar\u0131m mektuplar\u0131n verdi\u011fi esenlikle \u00f6perim aln\u0131ndan Bankalar kapan\u0131r, faizler d\u00fc\u015fer, Bir bakars\u0131n iyile\u015fir d\u00fcnya bundan Bana mektup yaz, bo\u015f b\u0131rakma, ihtiyarlamazsam orta d\u00fcnya       bizimdir <\/p>\n","protected":false},"excerpt":{"rendered":"<p>Ben bir mektuba ba\u015flam\u0131\u015fsam gerisini sen getir Yar\u0131m mektuplar\u0131n verdi\u011fi esenlikle \u00f6perim aln\u0131ndan Bankalar kapan\u0131r, faizler d\u00fc\u015fer, Bir bakars\u0131n iyile\u015fir d\u00fcnya bundan Bana mektup yaz, bo\u015f<span class=\"excerpt-hellip\"> [\u2026]<\/span><\/p>\n","protected":false},"featured_media":0,"template":"","meta":{"_monsterinsights_skip_tracking":false,"_monsterinsights_sitenote_active":false,"_monsterinsights_sitenote_note":"","_monsterinsights_sitenote_category":0},"product_brand":[],"product_cat":[12291,12509],"product_tag":[],"class_list":{"0":"post-744896","1":"product","2":"type-product","3":"status-publish","5":"product_cat-edebiyat","6":"product_cat-siir","7":"pa_cilt-ciltsiz","8":"pa_tur-kitap","9":"pa_yayinevi-muhit-kitap","10":"pa_yazar-mustafa-akar","12":"first","13":"instock","14":"sale","15":"shipping-taxable","16":"purchasable","17":"product-type-simple"},"_links":{"self":[{"href":"https:\/\/roveyayinevi.com.tr\/index.php\/wp-json\/wp\/v2\/product\/744896","targetHints":{"allow":["GET"]}}],"collection":[{"href":"https:\/\/roveyayinevi.com.tr\/index.php\/wp-json\/wp\/v2\/product"}],"about":[{"href":"https:\/\/roveyayinevi.com.tr\/index.php\/wp-json\/wp\/v2\/types\/product"}],"wp:attachment":[{"href":"https:\/\/roveyayinevi.com.tr\/index.php\/wp-json\/wp\/v2\/media?parent=744896"}],"wp:term":[{"taxonomy":"product_brand","embeddable":true,"href":"https:\/\/roveyayinevi.com.tr\/index.php\/wp-json\/wp\/v2\/product_brand?post=744896"},{"taxonomy":"product_cat","embeddable":true,"href":"https:\/\/roveyayinevi.com.tr\/index.php\/wp-json\/wp\/v2\/product_cat?post=744896"},{"taxonomy":"product_tag","embeddable":true,"href":"https:\/\/roveyayinevi.com.tr\/index.php\/wp-json\/wp\/v2\/product_tag?post=744896"}],"curies":[{"name":"wp","href":"https:\/\/api.w.org\/{rel}","templated":true}]}}