{"id":744895,"date":"2025-08-28T02:07:12","date_gmt":"2025-08-27T23:07:12","guid":{"rendered":"https:\/\/roveyayinevi.com.tr\/index.php\/urun\/kendine-deger-katabilmek\/"},"modified":"2026-04-11T14:13:52","modified_gmt":"2026-04-11T11:13:52","slug":"kendine-deger-katabilmek","status":"publish","type":"product","link":"https:\/\/roveyayinevi.com.tr\/index.php\/urun\/kendine-deger-katabilmek\/","title":{"rendered":"Kendine De\u011fer Katabilmek"},"content":{"rendered":"<p>Bizi s\u00fcr\u00fcden ay\u0131ran sahip olduklar\u0131m\u0131z\u0131 nas\u0131l kulland\u0131\u011f\u0131m\u0131zd\u0131r.   \u2022          \u0130nsan potansiyeli geli\u015fmeye a\u00e7\u0131k m\u0131d\u0131r? \u2022          Yarat\u0131c\u0131l\u0131k nereden gelir? \u2022          Herkes yarat\u0131c\u0131 olabilir mi? \u2022          Nas\u0131l \u00f6\u011freniriz? \u2022          Neden ba\u015far\u0131s\u0131z oluruz?   Bir\u00e7ok ki\u015fi i\u00e7in potansiyel, az ki\u015finin sahip oldu\u011fu bir yetenek olarak tan\u0131mlan\u0131r. Oysa bilime g\u00f6re bu hepimizin sahip oldu\u011fu ve d\u00fczenli egzersizlerle geli\u015ftirilebilen bir beceridir. Herkesin belirli bir alanda kendisini m\u00fckemmelli\u011fe ula\u015ft\u0131racak genetik bir yap\u0131s\u0131 mutlaka var. Geriye kalan tek \u015fey bunu ke\u015ffedip, onun u\u011fruna pes etmeden \u00e7al\u0131\u015fmak. \u0130stanbul Ni\u015fanta\u015f\u0131 \u00dcniversitesi-NEV kurucusu Dr. Levent Uysal s\u00fcr\u00fcden bir ad\u0131m \u00f6ne \u00e7\u0131kabilmemiz, ger\u00e7ek yeteneklerimizi ke\u015ffetmemiz ve bu sayede t\u00fcm potansiyelimizi a\u00e7\u0131\u011fa \u00e7\u0131karabilmemiz i\u00e7in gerekenleri yani kendimize de\u011fer katabilmenin yollar\u0131n\u0131 bu kitapta anlat\u0131yor ve soruyor: <\/p>\n","protected":false},"excerpt":{"rendered":"<p>Bizi s\u00fcr\u00fcden ay\u0131ran sahip olduklar\u0131m\u0131z\u0131 nas\u0131l kulland\u0131\u011f\u0131m\u0131zd\u0131r. \u2022 \u0130nsan potansiyeli geli\u015fmeye a\u00e7\u0131k m\u0131d\u0131r? \u2022 Yarat\u0131c\u0131l\u0131k nereden gelir? \u2022 Herkes yarat\u0131c\u0131 olabilir mi? \u2022 Nas\u0131l \u00f6\u011freniriz? \u2022<span class=\"excerpt-hellip\"> [\u2026]<\/span><\/p>\n","protected":false},"featured_media":0,"template":"","meta":{"_monsterinsights_skip_tracking":false,"_monsterinsights_sitenote_active":false,"_monsterinsights_sitenote_note":"","_monsterinsights_sitenote_category":0},"product_brand":[],"product_cat":[12364,12376],"product_tag":[],"class_list":{"0":"post-744895","1":"product","2":"type-product","3":"status-publish","5":"product_cat-genel-konular","6":"product_cat-kisisel-gelisim","7":"pa_cilt-ciltsiz","8":"pa_tur-kitap","9":"pa_yayinevi-destek-yayinlari","10":"pa_yazar-levent-uysal","12":"first","13":"instock","14":"sale","15":"shipping-taxable","16":"purchasable","17":"product-type-simple"},"_links":{"self":[{"href":"https:\/\/roveyayinevi.com.tr\/index.php\/wp-json\/wp\/v2\/product\/744895","targetHints":{"allow":["GET"]}}],"collection":[{"href":"https:\/\/roveyayinevi.com.tr\/index.php\/wp-json\/wp\/v2\/product"}],"about":[{"href":"https:\/\/roveyayinevi.com.tr\/index.php\/wp-json\/wp\/v2\/types\/product"}],"wp:attachment":[{"href":"https:\/\/roveyayinevi.com.tr\/index.php\/wp-json\/wp\/v2\/media?parent=744895"}],"wp:term":[{"taxonomy":"product_brand","embeddable":true,"href":"https:\/\/roveyayinevi.com.tr\/index.php\/wp-json\/wp\/v2\/product_brand?post=744895"},{"taxonomy":"product_cat","embeddable":true,"href":"https:\/\/roveyayinevi.com.tr\/index.php\/wp-json\/wp\/v2\/product_cat?post=744895"},{"taxonomy":"product_tag","embeddable":true,"href":"https:\/\/roveyayinevi.com.tr\/index.php\/wp-json\/wp\/v2\/product_tag?post=744895"}],"curies":[{"name":"wp","href":"https:\/\/api.w.org\/{rel}","templated":true}]}}