{"id":744894,"date":"2025-08-28T02:07:11","date_gmt":"2025-08-27T23:07:11","guid":{"rendered":"https:\/\/roveyayinevi.com.tr\/index.php\/urun\/kalbin-rehberindir\/"},"modified":"2026-04-11T03:04:41","modified_gmt":"2026-04-11T00:04:41","slug":"kalbin-rehberindir","status":"publish","type":"product","link":"https:\/\/roveyayinevi.com.tr\/index.php\/urun\/kalbin-rehberindir\/","title":{"rendered":"Kalbin Rehberindir"},"content":{"rendered":"<p>\u015e\u00fcphesiz her zorlukla beraber bir kolayl\u0131k vard\u0131r.   Umudumu kaybettim\u2026 \u201cHi\u00e7 kimse kendisi i\u00e7in gizlenen m\u00fcjde ve mutlulu\u011fu bilemez.\u201d Secde Suresi 17. Ayet   Kalbim \u00e7ok k\u0131r\u0131ld\u0131\u2026\u201cO, kalplerde olan\u0131 bilendir.\u201d Hadid Suresi 6. Ayet   Ufkumda karanl\u0131klar var\u2026\u201cBeni yaratan; elbet yolumu g\u00f6sterir.\u201d \u015euara Suresi 78. Ayet   \u00c7ok yaln\u0131z\u0131m \u201cBen sana \u00e7ok yak\u0131n\u0131m.\u2019\u2019 Bakara Suresi 186. Ayet   \u0130yiliklerim bo\u015fa gitti\u2026\u201c\u0130yili\u011fin kar\u015f\u0131l\u0131\u011f\u0131, yaln\u0131z iyiliktir.\u201d Rahman Suresi 60. Ayet   Benim kimsem yok ki\u2026\u201cNerede olursan\u0131z olun, \u2018O\u2019 Allah sizinledir.\u201d Hadid Suresi 4. Ayet Sesim duyulmuyor\u2026\u201cBana dua edince, dua edenin duas\u0131n\u0131 kabul ederim.\u201d Bakara Suresi 186. Ayet   Her \u015fey k\u00f6t\u00fcye gidiyor\u2026\u201cElbette i\u015fin sonu senin i\u00e7in \u00f6ncesinden daha hay\u0131rl\u0131 olacakt\u0131r.\u201d Duha Suresi 4. Ayet   Bunca k\u00f6t\u00fcl\u00fck unutulacak\u2026\u201cSenin Rabb\u2019in hi\u00e7bir \u015feyi unutacak de\u011fildir.\u201d Meryem Suresi 64. Ayet   Hayat \u00e7ok zor\u2026\u201cAllah kuluna k\u00e2fi de\u011fil mi?\u201d Z\u00fcmer Suresi 36. Ayet <\/p>\n","protected":false},"excerpt":{"rendered":"<p>\u015e\u00fcphesiz her zorlukla beraber bir kolayl\u0131k vard\u0131r. Umudumu kaybettim\u2026 \u201cHi\u00e7 kimse kendisi i\u00e7in gizlenen m\u00fcjde ve mutlulu\u011fu bilemez.\u201d Secde Suresi 17. Ayet Kalbim \u00e7ok k\u0131r\u0131ld\u0131\u2026\u201cO, kalplerde<span class=\"excerpt-hellip\"> [\u2026]<\/span><\/p>\n","protected":false},"featured_media":0,"template":"","meta":{"_monsterinsights_skip_tracking":false,"_monsterinsights_sitenote_active":false,"_monsterinsights_sitenote_note":"","_monsterinsights_sitenote_category":0},"product_brand":[],"product_cat":[12364,12376],"product_tag":[],"class_list":{"0":"post-744894","1":"product","2":"type-product","3":"status-publish","5":"product_cat-genel-konular","6":"product_cat-kisisel-gelisim","7":"pa_cilt-ciltsiz","8":"pa_tur-kitap","9":"pa_yayinevi-destek-yayinlari","10":"pa_yazar-emine-sariunal","12":"first","13":"instock","14":"sale","15":"shipping-taxable","16":"purchasable","17":"product-type-simple"},"_links":{"self":[{"href":"https:\/\/roveyayinevi.com.tr\/index.php\/wp-json\/wp\/v2\/product\/744894","targetHints":{"allow":["GET"]}}],"collection":[{"href":"https:\/\/roveyayinevi.com.tr\/index.php\/wp-json\/wp\/v2\/product"}],"about":[{"href":"https:\/\/roveyayinevi.com.tr\/index.php\/wp-json\/wp\/v2\/types\/product"}],"wp:attachment":[{"href":"https:\/\/roveyayinevi.com.tr\/index.php\/wp-json\/wp\/v2\/media?parent=744894"}],"wp:term":[{"taxonomy":"product_brand","embeddable":true,"href":"https:\/\/roveyayinevi.com.tr\/index.php\/wp-json\/wp\/v2\/product_brand?post=744894"},{"taxonomy":"product_cat","embeddable":true,"href":"https:\/\/roveyayinevi.com.tr\/index.php\/wp-json\/wp\/v2\/product_cat?post=744894"},{"taxonomy":"product_tag","embeddable":true,"href":"https:\/\/roveyayinevi.com.tr\/index.php\/wp-json\/wp\/v2\/product_tag?post=744894"}],"curies":[{"name":"wp","href":"https:\/\/api.w.org\/{rel}","templated":true}]}}