{"id":744892,"date":"2025-08-28T02:07:09","date_gmt":"2025-08-27T23:07:09","guid":{"rendered":"https:\/\/roveyayinevi.com.tr\/index.php\/urun\/is-hayatina-dair-9-yalan\/"},"modified":"2026-04-16T02:56:46","modified_gmt":"2026-04-15T23:56:46","slug":"is-hayatina-dair-9-yalan","status":"publish","type":"product","link":"https:\/\/roveyayinevi.com.tr\/index.php\/urun\/is-hayatina-dair-9-yalan\/","title":{"rendered":"\u0130\u015f Hayat\u0131na Dair 9 Yalan"},"content":{"rendered":"<p>Geribildirim i\u015f d\u00fcnyas\u0131 i\u00e7in olmazsa olmazd\u0131r. Kurumunuzun k\u00fclt\u00fcr\u00fc, i\u015fteki ba\u015far\u0131n\u0131n anahtar\u0131d\u0131r. Stratejik planlama gereklidir. Yeterlikleriniz \u00f6l\u00e7\u00fclebilir olmal\u0131 ve zay\u0131f y\u00f6nleriniz desteklenmelidir. Liderlik \u00f6nemlidir.G\u00fcn\u00fcm\u00fcz i\u015f d\u00fcnyas\u0131n\u0131n ger\u00e7ekleri olarak sunulanlar\u0131n hepsi esas\u0131nda kocaman birer yalan. \u00c7oksatan yazar Marcus Buckingham ile liderlik dehas\u0131 Ashley Goodall, i\u015f hayat\u0131yla ilgili her zaman kar\u015f\u0131la\u015ft\u0131\u011f\u0131m\u0131z 9 b\u00fcy\u00fck yalan\u0131 ortaya koyuyor. Bu yalanlar i\u015flevsizliklere ve hayal k\u0131r\u0131kl\u0131klar\u0131na sebep olurlar ve i\u015fyerlerini ger\u00e7ek potansiyellerinin \u00e7ok gerisinde b\u0131rak\u0131rlar. Ancak bu yalanlar\u0131n \u00f6tesine ge\u00e7ip ger\u00e7ekleri ke\u015ffedebilen, bireysel farkl\u0131l\u0131klar\u0131m\u0131z\u0131n g\u00fcc\u00fcn\u00fc ve g\u00fczelli\u011fini g\u00f6rebilen a\u00e7\u0131kfikirli liderler de vard\u0131r. Buckingham ve Goodall, i\u015fte bu a\u00e7\u0131kfikirli liderlerin hemen fark edebilecekleri ger\u00e7ekleri ilgi \u00e7ekici hik\u00e2yeler ve isabetli analizlerle a\u00e7\u0131kl\u0131yor.\u0130\u015f Hayat\u0131na Dair 9 Yalan, size ger\u00e7ekten g\u00fcvenen \u00e7al\u0131\u015fanlar\u0131n\u0131za ne kadar iyi oldu\u011funuzu g\u00f6stermenize yard\u0131mc\u0131 olacak temel ger\u00e7ekleri sunuyor.\u201c\u0130\u015finizi yapma \u015fekliniz ve neyi farkl\u0131 yapabilece\u011finiz konusunda a\u00e7\u0131kfikirli olman\u0131z\u0131 sa\u011flayacak.\u201d\u2014Financial Times\u201c&#8230; her y\u00f6neticinin kitapl\u0131\u011f\u0131nda bulunmas\u0131 gerekiyor.\u201d\u2014Management Today<\/p>\n","protected":false},"excerpt":{"rendered":"<p>Geribildirim i\u015f d\u00fcnyas\u0131 i\u00e7in olmazsa olmazd\u0131r. Kurumunuzun k\u00fclt\u00fcr\u00fc, i\u015fteki ba\u015far\u0131n\u0131n anahtar\u0131d\u0131r. Stratejik planlama gereklidir. Yeterlikleriniz \u00f6l\u00e7\u00fclebilir olmal\u0131 ve zay\u0131f y\u00f6nleriniz desteklenmelidir. Liderlik \u00f6nemlidir.G\u00fcn\u00fcm\u00fcz i\u015f d\u00fcnyas\u0131n\u0131n ger\u00e7ekleri<span class=\"excerpt-hellip\"> [\u2026]<\/span><\/p>\n","protected":false},"featured_media":0,"template":"","meta":{"_monsterinsights_skip_tracking":false,"_monsterinsights_sitenote_active":false,"_monsterinsights_sitenote_note":"","_monsterinsights_sitenote_category":0},"product_brand":[],"product_cat":[13043,17647],"product_tag":[],"class_list":{"0":"post-744892","1":"product","2":"type-product","3":"status-publish","5":"product_cat-ekonomi","6":"product_cat-is-dunyasi","7":"pa_cilt-ciltsiz","8":"pa_tur-kitap","9":"pa_yayinevi-nova-kitap","10":"pa_yazar-marcus-buckingham-ashley-goodal","12":"first","13":"instock","14":"sale","15":"shipping-taxable","16":"purchasable","17":"product-type-simple"},"_links":{"self":[{"href":"https:\/\/roveyayinevi.com.tr\/index.php\/wp-json\/wp\/v2\/product\/744892","targetHints":{"allow":["GET"]}}],"collection":[{"href":"https:\/\/roveyayinevi.com.tr\/index.php\/wp-json\/wp\/v2\/product"}],"about":[{"href":"https:\/\/roveyayinevi.com.tr\/index.php\/wp-json\/wp\/v2\/types\/product"}],"wp:attachment":[{"href":"https:\/\/roveyayinevi.com.tr\/index.php\/wp-json\/wp\/v2\/media?parent=744892"}],"wp:term":[{"taxonomy":"product_brand","embeddable":true,"href":"https:\/\/roveyayinevi.com.tr\/index.php\/wp-json\/wp\/v2\/product_brand?post=744892"},{"taxonomy":"product_cat","embeddable":true,"href":"https:\/\/roveyayinevi.com.tr\/index.php\/wp-json\/wp\/v2\/product_cat?post=744892"},{"taxonomy":"product_tag","embeddable":true,"href":"https:\/\/roveyayinevi.com.tr\/index.php\/wp-json\/wp\/v2\/product_tag?post=744892"}],"curies":[{"name":"wp","href":"https:\/\/api.w.org\/{rel}","templated":true}]}}