{"id":744889,"date":"2025-08-28T02:07:05","date_gmt":"2025-08-27T23:07:05","guid":{"rendered":"https:\/\/roveyayinevi.com.tr\/index.php\/urun\/spartanin-kizi\/"},"modified":"2026-04-16T02:56:46","modified_gmt":"2026-04-15T23:56:46","slug":"spartanin-kizi","status":"publish","type":"product","link":"https:\/\/roveyayinevi.com.tr\/index.php\/urun\/spartanin-kizi\/","title":{"rendered":"Sparta\u2019n\u0131n K\u0131z\u0131"},"content":{"rendered":"<p>Sparta onu \u00f6l\u00fcmc\u00fcl bir silaha d\u00f6n\u00fc\u015ft\u00fcrd\u00fc.\u015eimdiyse tanr\u0131lar\u0131n kaderi onun ellerinde!On yedi ya\u015f\u0131ndaki Daphne, kendini bildi bileli sava\u015f\u00e7\u0131 olmak \u00fczere e\u011fitiliyor ve g\u00fcn\u00fcn birinde kadim Sparta\u2019n\u0131n boyun e\u011fmez halk\u0131 taraf\u0131ndan kabul g\u00f6rmeyi umuyordu. Ama onu abisini ailesinden koparmakla tehdit eden tanr\u0131\u00e7a Artemis\u2019in ba\u015fka planlar\u0131 vard\u0131. Olympos Da\u011f\u0131\u2019ndan dokuz gizemli \u015fey \u00e7al\u0131nm\u0131\u015ft\u0131 ve Daphne onlar\u0131 bulamazsa tanr\u0131lar\u0131n zay\u0131flamaya ba\u015flayan g\u00fc\u00e7leri tamamen yok olacak, fanilerin d\u00fcnyas\u0131 kaosa s\u00fcr\u00fcklenecek ve sevdiklerinin hayat\u0131 tehlikeye girecekti.Artemis\u2019in ikizi, yak\u0131\u015f\u0131kl\u0131 ve kendine fazlas\u0131yla g\u00fcvenen tanr\u0131 Apollon\u2019un rehberli\u011finde \u00e7\u0131kt\u0131\u011f\u0131 yolculukta Daphne\u2019yi amans\u0131z tehlikeler bekliyordu. Minotauros\u2019un labirentinden Thebai\u2019nin bilmecelere bay\u0131lan Sphinks\u2019ine uzanan pek \u00e7ok efsaneyle y\u00fczle\u015firken kendisiyle ilgili ke\u015ffedece\u011fi \u015feyler de vard\u0131.\u201cKlasik Yunan mitolojisine getirilmi\u015f yeni ve orijinal bir yorum.\u201d \u2014Adalyn Grace\u201cSparta\u2019n\u0131n K\u0131z\u0131 klasik Yunan mitlerini, ate\u015fli ve \u00e7ok katmanl\u0131 bir kad\u0131n karakterin m\u00fcthi\u015f maceralar\u0131yla harmanl\u0131yor. Kesinlikle s\u00fcr\u00fckleyici ve nefes kesen bir ilk roman.\u201d \u2014Katy Rose Pool\u201cSparta\u2019n\u0131n K\u0131z\u0131, romantizm, macera ve gizem dolu bir roman ama en \u00f6nemlisi de kad\u0131nlar\u0131n ne kadar g\u00fc\u00e7l\u00fc oldu\u011funun bir kez daha alt\u0131n\u0131 \u00e7izen epik bir hik\u00e2ye.\u201d \u2014June Hur\u201cKesintisiz aksiyon, dram ve okurlar\u0131n g\u00f6zlerini sayfalardan ay\u0131rmas\u0131na izin vermeyecek kadar unutulmaz bir kad\u0131n kahraman\u2026 B\u00fcy\u00fcleyici.\u201d \u2014School Library Journal\u201cG\u00fc\u00e7l\u00fc kad\u0131nlar\u0131n ba\u015f\u0131 \u00e7ekti\u011fi, ince bir romantizmle s\u00fcslenmi\u015f m\u00fcthi\u015f bir macera.\u201d \u2014SLC\u201cBu kitapta aya\u011f\u0131n\u0131z\u0131 yerden kesecek t\u00fcm unsurlar bir arada\u2026 Klasik Yunan mitlerine taptaze ve heyecanl\u0131 bir yorum.\u201d \u2014Nerd Daily\u201cK\u00f6t\u00fcc\u00fcl tanr\u0131lar\u0131n tuza\u011f\u0131na d\u00fc\u015fm\u00fc\u015f \u00e7aresiz k\u0131zlar\u0131n pasifli\u011finden s\u0131k\u0131lan t\u00fcm okurlar Daphne\u2019nin taraf\u0131n\u0131 tutacak.\u201d \u2014Kirkus<\/p>\n","protected":false},"excerpt":{"rendered":"<p>Sparta onu \u00f6l\u00fcmc\u00fcl bir silaha d\u00f6n\u00fc\u015ft\u00fcrd\u00fc.\u015eimdiyse tanr\u0131lar\u0131n kaderi onun ellerinde!On yedi ya\u015f\u0131ndaki Daphne, kendini bildi bileli sava\u015f\u00e7\u0131 olmak \u00fczere e\u011fitiliyor ve g\u00fcn\u00fcn birinde kadim Sparta\u2019n\u0131n boyun<span class=\"excerpt-hellip\"> [\u2026]<\/span><\/p>\n","protected":false},"featured_media":0,"template":"","meta":{"_monsterinsights_skip_tracking":false,"_monsterinsights_sitenote_active":false,"_monsterinsights_sitenote_note":"","_monsterinsights_sitenote_category":0},"product_brand":[],"product_cat":[12291,14777],"product_tag":[],"class_list":{"0":"post-744889","1":"product","2":"type-product","3":"status-publish","5":"product_cat-edebiyat","6":"product_cat-fantastik","7":"pa_cilt-ciltsiz","8":"pa_tur-kitap","9":"pa_yayinevi-yabanci-yayinevi","10":"pa_yazar-claire-m-andrews","12":"first","13":"instock","14":"sale","15":"shipping-taxable","16":"purchasable","17":"product-type-simple"},"_links":{"self":[{"href":"https:\/\/roveyayinevi.com.tr\/index.php\/wp-json\/wp\/v2\/product\/744889","targetHints":{"allow":["GET"]}}],"collection":[{"href":"https:\/\/roveyayinevi.com.tr\/index.php\/wp-json\/wp\/v2\/product"}],"about":[{"href":"https:\/\/roveyayinevi.com.tr\/index.php\/wp-json\/wp\/v2\/types\/product"}],"wp:attachment":[{"href":"https:\/\/roveyayinevi.com.tr\/index.php\/wp-json\/wp\/v2\/media?parent=744889"}],"wp:term":[{"taxonomy":"product_brand","embeddable":true,"href":"https:\/\/roveyayinevi.com.tr\/index.php\/wp-json\/wp\/v2\/product_brand?post=744889"},{"taxonomy":"product_cat","embeddable":true,"href":"https:\/\/roveyayinevi.com.tr\/index.php\/wp-json\/wp\/v2\/product_cat?post=744889"},{"taxonomy":"product_tag","embeddable":true,"href":"https:\/\/roveyayinevi.com.tr\/index.php\/wp-json\/wp\/v2\/product_tag?post=744889"}],"curies":[{"name":"wp","href":"https:\/\/api.w.org\/{rel}","templated":true}]}}