{"id":744888,"date":"2025-08-28T02:07:04","date_gmt":"2025-08-27T23:07:04","guid":{"rendered":"https:\/\/roveyayinevi.com.tr\/index.php\/urun\/abrakadabra-2\/"},"modified":"2026-04-16T02:56:45","modified_gmt":"2026-04-15T23:56:45","slug":"abrakadabra-2","status":"publish","type":"product","link":"https:\/\/roveyayinevi.com.tr\/index.php\/urun\/abrakadabra-2\/","title":{"rendered":"Abrakadabra"},"content":{"rendered":"<p>Ses, kendini g\u00f6stermek i\u00e7in binbir yol bulur, ya\u015fam\u0131 da u\u00e7u\u015fu da yeniden bi\u00e7imlendirir. Duvara \u00e7arp\u0131p vapurda hayal de satar d\u00fckk\u00e2nda hat\u0131ra da. Bazen kavanoza dolup yaz\u0131 getirir, bazen bayku\u015f gibi \u00f6l\u00fcmle kaville\u015fir. Ses, yaln\u0131z buras\u0131 i\u00e7in de\u011fil, bu d\u00fcnyadan di\u011ferine, bir a\u011f\u0131zdan di\u011fer a\u011fza s\u0131\u00e7rar durur. \u201cDile benden ne dilersen!\u201d \u00e7a\u011fr\u0131s\u0131yla elini aya\u011f\u0131n\u0131 birbirine dola\u015ft\u0131r\u0131r insan\u0131n, \u201cBuz gibi so\u011fuk sudan i\u00e7en!\u201d diye dile d\u00f6k\u00fcl\u00fcp hayata d\u00f6nd\u00fcr\u00fcr, foto\u011fraf\u0131n\u0131 \u00e7ekerek al\u0131p g\u00f6t\u00fcr\u00fcr sonra. Ses de\u011fil sanki, i\u00e7i b\u00fcy\u00fc dolu bir y\u00fck gemisi.Mehmet Fatih \u00d6zbey, ikinci \u00f6yk\u00fc kitab\u0131 Abrakadabra ile tekrar selaml\u0131yor okuru. \u00d6l\u00fcm\u00fc i\u015fitenlerle ku\u015fdili bilenler, ge\u00e7mi\u015fini satanlarla d\u00fc\u015fle cebelle\u015fenler, hayal i\u015fportac\u0131lar\u0131yla kendi yolunu g\u00f6zleyenler, kavanozda mevsim ta\u015f\u0131yanlarla b\u0131\u00e7k\u0131n delikanl\u0131lar, u\u011fursuz bayku\u015flarla tuhaf yaz\u0131l\u0131mc\u0131lar, beceriksiz lamba cinleriyle bir hayale not b\u0131rakanlar var Abrakadabra\u2019da.\u201cAra s\u0131ra ne konu\u015fmu\u015fuz diye d\u00f6n\u00fcp o sayfalara bakar\u0131m. Her defas\u0131nda kendimi s\u0131n\u0131r\u0131n\u0131 bilmedi\u011fim bir haf\u0131zan\u0131n i\u00e7inde kaybolmu\u015fken bulurum. Neden kaybolurum? Bilmedi\u011fim sokaklar\u0131n ya da insanlar\u0131n aras\u0131nda kald\u0131m diye mi? Yoksa topra\u011f\u0131n alt\u0131na saklad\u0131\u011f\u0131m\u0131z bilin\u00e7, insanl\u0131k yerine intikam\u0131n\u0131 benden al\u0131yor, oyunlar oynuyor diye mi? Kim bilir, belki de sadece y\u00f6n bilgim zay\u0131f oldu\u011fu i\u00e7indir. Ama \u015fu da bir ger\u00e7ek, insan\u0131n bedeniyle birlikte bilincinin de g\u00f6m\u00fcl\u00fcyor olmas\u0131 b\u00fcy\u00fck trajedi.\u201d<\/p>\n","protected":false},"excerpt":{"rendered":"<p>Ses, kendini g\u00f6stermek i\u00e7in binbir yol bulur, ya\u015fam\u0131 da u\u00e7u\u015fu da yeniden bi\u00e7imlendirir. Duvara \u00e7arp\u0131p vapurda hayal de satar d\u00fckk\u00e2nda hat\u0131ra da. Bazen kavanoza dolup yaz\u0131<span class=\"excerpt-hellip\"> [\u2026]<\/span><\/p>\n","protected":false},"featured_media":0,"template":"","meta":{"_monsterinsights_skip_tracking":false,"_monsterinsights_sitenote_active":false,"_monsterinsights_sitenote_note":"","_monsterinsights_sitenote_category":0},"product_brand":[],"product_cat":[12291,12711],"product_tag":[],"class_list":{"0":"post-744888","1":"product","2":"type-product","3":"status-publish","5":"product_cat-edebiyat","6":"product_cat-roman-oyku","7":"pa_cilt-ciltsiz","8":"pa_tur-kitap","9":"pa_yayinevi-ithaki-yayinlari","10":"pa_yazar-mehmet-fatih-ozbey","12":"first","13":"instock","14":"sale","15":"shipping-taxable","16":"purchasable","17":"product-type-simple"},"_links":{"self":[{"href":"https:\/\/roveyayinevi.com.tr\/index.php\/wp-json\/wp\/v2\/product\/744888","targetHints":{"allow":["GET"]}}],"collection":[{"href":"https:\/\/roveyayinevi.com.tr\/index.php\/wp-json\/wp\/v2\/product"}],"about":[{"href":"https:\/\/roveyayinevi.com.tr\/index.php\/wp-json\/wp\/v2\/types\/product"}],"wp:attachment":[{"href":"https:\/\/roveyayinevi.com.tr\/index.php\/wp-json\/wp\/v2\/media?parent=744888"}],"wp:term":[{"taxonomy":"product_brand","embeddable":true,"href":"https:\/\/roveyayinevi.com.tr\/index.php\/wp-json\/wp\/v2\/product_brand?post=744888"},{"taxonomy":"product_cat","embeddable":true,"href":"https:\/\/roveyayinevi.com.tr\/index.php\/wp-json\/wp\/v2\/product_cat?post=744888"},{"taxonomy":"product_tag","embeddable":true,"href":"https:\/\/roveyayinevi.com.tr\/index.php\/wp-json\/wp\/v2\/product_tag?post=744888"}],"curies":[{"name":"wp","href":"https:\/\/api.w.org\/{rel}","templated":true}]}}