{"id":744887,"date":"2025-08-28T02:07:03","date_gmt":"2025-08-27T23:07:03","guid":{"rendered":"https:\/\/roveyayinevi.com.tr\/index.php\/urun\/denizin-kani\/"},"modified":"2026-04-08T03:04:38","modified_gmt":"2026-04-08T00:04:38","slug":"denizin-kani","status":"publish","type":"product","link":"https:\/\/roveyayinevi.com.tr\/index.php\/urun\/denizin-kani\/","title":{"rendered":"Denizin Kan\u0131"},"content":{"rendered":"<p>\u201cVe Ege\u2019ye adamo\u011flu geldi; iki ayak \u00fcst\u00fcnde duran, s\u00fcr\u00fcnmeden y\u00fcr\u00fcyen, oradan oraya giden, her \u015feye, her canl\u0131ya ilgi duyan, durmadan yiyen, \u0131s\u0131ran, \u00e7i\u011fneyen, konu\u015fan, d\u00fc\u015f\u00fcnen, a\u00e7, obur adamo\u011flu ve adamo\u011fullar\u0131 geldiler. Ama daha ate\u015fi ve \u015favk\u0131 bilmiyorlard\u0131, \u00e7i\u011f yiyorlard\u0131 ve bu y\u00fczden \u00f6ld\u00fcrmeyi ve kan ak\u0131tmay\u0131 bilmiyorlard\u0131. D\u00fcnyan\u0131n \u00f6b\u00fcr yakalar\u0131nda neler olup bitti\u011fi bilinmezken, Ege\u2019de bar\u0131\u015f vard\u0131 ve egemendi. (&#8230;) Adamo\u011fullar\u0131 \u00f6nceleri bitkilere ve a\u011fa\u00e7lar\u0131n yemi\u015flerine dadand\u0131lar ve u\u00e7an ku\u015flarla, s\u00fcr\u00fcngenlerle ve y\u0131rt\u0131c\u0131 hayvanlarla kavgaya tutu\u015ftular.\u201dTar\u0131k Dursun K., Denizin Kan\u0131\u2019nda, Ege Denizi\u2019nin u\u00e7lardaki iki y\u00fcz\u00fcn\u00fc \u2013c\u00f6mertli\u011fini ve doymak bilmezli\u011fini\u2013 s\u00fcnger avc\u0131lar\u0131 ve onlar\u0131n d\u00f6nmesini bekleyen kasaba kad\u0131nlar\u0131 \u00fczerinden anlat\u0131yor. Kasaba insan\u0131n\u0131n bir s\u00fcnger a\u011fas\u0131na kar\u015f\u0131 ba\u015flatt\u0131\u011f\u0131 m\u00fccadele ve bu m\u00fccadelenin vard\u0131\u011f\u0131 nokta, emek\u00e7i ve iktidar aras\u0131ndaki zeminin kayganl\u0131\u011f\u0131n\u0131 g\u00f6zler \u00f6n\u00fcne sererken, denizin iki u\u00e7 y\u00fcz\u00fcn\u00fc de temsil ediyor: Mal\u0131 a\u011fa, can\u0131 deniz al\u0131r.Yazar\u0131n, olay \u00f6rg\u00fcs\u00fcn\u00fcn belli duraklar\u0131na yerle\u015ftirdi\u011fi Ege\u2019ye dair betimlemeler ve mitolojik g\u00f6ndermeler, halk a\u011fz\u0131na ait kelimeler ve deyimler, Tar\u0131k Dursun K. okurunun a\u015fina oldu\u011fu o \u00f6zg\u00fcn anlat\u0131 dilini vadediyor.\u201cDenizin Kan\u0131\u2019n\u0131 benim i\u00e7in \u00e7arp\u0131c\u0131 k\u0131lan, Necatigil\u2019in vurgulad\u0131\u011f\u0131 mitoslar\u0131n kullan\u0131m\u0131 ve \u015fiirli dildi. Ger\u00e7i yazar, 1945 dolaylar\u0131n\u0131, \u00e7ok partili d\u00f6neme ge\u00e7i\u015fi sapt\u0131yor, merhametsiz bir s\u00fcnger a\u011fas\u0131n\u0131 ya\u015fat\u0131yor, deniz iklimiyle ini\u015fli \u00e7\u0131k\u0131\u015fl\u0131 bir a\u015fk\u0131 anlat\u0131yordu ama, mitologyadan \u00e7\u0131kagelmi\u015f ba\u011flay\u0131c\u0131-b\u00fct\u00fcnleyici b\u00f6l\u00fcmler Denizin Kan\u0131\u2019nda \u00e2deta ayr\u0131 bir roman, dil \u015f\u00f6leni gibiydi&#8230;\u201d \u2013Selim \u0130leri<\/p>\n","protected":false},"excerpt":{"rendered":"<p>\u201cVe Ege\u2019ye adamo\u011flu geldi; iki ayak \u00fcst\u00fcnde duran, s\u00fcr\u00fcnmeden y\u00fcr\u00fcyen, oradan oraya giden, her \u015feye, her canl\u0131ya ilgi duyan, durmadan yiyen, \u0131s\u0131ran, \u00e7i\u011fneyen, konu\u015fan, d\u00fc\u015f\u00fcnen, a\u00e7,<span class=\"excerpt-hellip\"> [\u2026]<\/span><\/p>\n","protected":false},"featured_media":0,"template":"","meta":{"_monsterinsights_skip_tracking":false,"_monsterinsights_sitenote_active":false,"_monsterinsights_sitenote_note":"","_monsterinsights_sitenote_category":0},"product_brand":[],"product_cat":[12291,12711],"product_tag":[],"class_list":{"0":"post-744887","1":"product","2":"type-product","3":"status-publish","5":"product_cat-edebiyat","6":"product_cat-roman-oyku","7":"pa_cilt-ciltsiz","8":"pa_tur-kitap","9":"pa_yayinevi-ithaki-yayinlari","10":"pa_yazar-tarik-dursun-k","12":"first","13":"instock","14":"sale","15":"shipping-taxable","16":"purchasable","17":"product-type-simple"},"_links":{"self":[{"href":"https:\/\/roveyayinevi.com.tr\/index.php\/wp-json\/wp\/v2\/product\/744887","targetHints":{"allow":["GET"]}}],"collection":[{"href":"https:\/\/roveyayinevi.com.tr\/index.php\/wp-json\/wp\/v2\/product"}],"about":[{"href":"https:\/\/roveyayinevi.com.tr\/index.php\/wp-json\/wp\/v2\/types\/product"}],"wp:attachment":[{"href":"https:\/\/roveyayinevi.com.tr\/index.php\/wp-json\/wp\/v2\/media?parent=744887"}],"wp:term":[{"taxonomy":"product_brand","embeddable":true,"href":"https:\/\/roveyayinevi.com.tr\/index.php\/wp-json\/wp\/v2\/product_brand?post=744887"},{"taxonomy":"product_cat","embeddable":true,"href":"https:\/\/roveyayinevi.com.tr\/index.php\/wp-json\/wp\/v2\/product_cat?post=744887"},{"taxonomy":"product_tag","embeddable":true,"href":"https:\/\/roveyayinevi.com.tr\/index.php\/wp-json\/wp\/v2\/product_tag?post=744887"}],"curies":[{"name":"wp","href":"https:\/\/api.w.org\/{rel}","templated":true}]}}