{"id":744882,"date":"2025-08-28T02:06:56","date_gmt":"2025-08-27T23:06:56","guid":{"rendered":"https:\/\/roveyayinevi.com.tr\/index.php\/urun\/ruh-tozu-bilincin-buyulu-evreninde-bir-kesif-yolculugu\/"},"modified":"2026-04-16T02:56:45","modified_gmt":"2026-04-15T23:56:45","slug":"ruh-tozu-bilincin-buyulu-evreninde-bir-kesif-yolculugu","status":"publish","type":"product","link":"https:\/\/roveyayinevi.com.tr\/index.php\/urun\/ruh-tozu-bilincin-buyulu-evreninde-bir-kesif-yolculugu\/","title":{"rendered":"Ruh Tozu \u2013Bilincin B\u00fcy\u00fcl\u00fc Evreninde Bir Ke\u015fif Yolculu\u011fu"},"content":{"rendered":"<p>\u201cNas\u0131l ki s\u0131radan d\u00fcnyaya serpilen peri tozu onu alt\u0131na d\u00f6n\u00fc\u015ft\u00fcr\u00fcyorsa, ruh tozu da hayvan etini b\u00fcy\u00fcl\u00fc bir duyum ve \u00f6z bilin\u00e7 d\u00fcnyas\u0131na d\u00f6n\u00fc\u015ft\u00fcr\u00fcr. Sonu\u00e7 ise ill\u00fczyondur, ama i\u00e7inde ya\u015fad\u0131\u011f\u0131m\u0131z bir ill\u00fczyon&#8230;\u201d Simon Blackburn, \u201c\u2026Bu kitap, bilincin ne oldu\u011fu, evrim taraf\u0131ndan neden se\u00e7ildi\u011fi ve ya\u015fam\u0131n anlam\u0131 sorunlar\u0131na hem nas\u0131l neden oldu\u011fu hem de nas\u0131l \u00e7\u00f6zd\u00fc\u011f\u00fc sorular\u0131na yan\u0131t veriyor.\u201d Owen Flanagan, \u201cNicholas Humphrey, bu kitapta, n\u00f6robilim, evrimsel biyoloji, psikoloji, antropoloji, felsefe ve \u015fiirden yararlanarak, t\u0131pk\u0131 bilincin kendisi gibi, canl\u0131 ve tutkulu bir entelekt\u00fcel macera yarat\u0131yor.\u201d Rebecca Newberger Goldstein \u201cBilim insanlar\u0131 bazen do\u011fay\u0131 a\u00e7\u0131klamalara indirgedikleri i\u00e7in b\u00fcy\u00fcy\u00fc bozmakla su\u00e7lan\u0131rlar. Bu \u015fa\u015f\u0131rt\u0131c\u0131 ve \u015fiirsel kitapta Nicholas Humphrey tam tersini yap\u0131yor: Beynin derinliklerine iniyor ve b\u00fcy\u00fcn\u00fcn bilincin odak noktas\u0131 oldu\u011funu ke\u015ffediyor.\u201d Matt Ridley Bu kitapta, bilin\u00e7 \u00e7al\u0131\u015fmalar\u0131n\u0131n \u00f6nde gelen ismi n\u00f6ropsikolog Nicholas Humphrey, ta\u015flar\u0131 yerinden oynatacak yeni bir teori \u00f6neriyor. \u2018Zor problem\u2019in \u00e7\u00f6z\u00fcm\u00fcne dair s\u0131k\u0131 bir tart\u0131\u015fma bu. En derin sorulara, \u2018psikolojik zombiler\u2019in, Andromedeal\u0131 bilimcilerin d\u00e2hil oldu\u011fu, d\u00fc\u015f\u00fcnsel bir macera! Ayn\u0131 zamanda bilin\u00e7 probleminin saplant\u0131l\u0131 sorular\u0131m\u0131zla nas\u0131l i\u00e7 i\u00e7e oldu\u011funu g\u00f6steren bir \u00e7al\u0131\u015fma bu. Nas\u0131l m\u0131? \u00d6rne\u011fin Tanr\u0131 fikrinin evrimin bir \u00fcr\u00fcn\u00fc oldu\u011funu hi\u00e7 d\u00fc\u015f\u00fcnd\u00fcn\u00fcz m\u00fc? Peki ya hayat\u0131n ya\u015fanmaya de\u011fer olup olmad\u0131\u011f\u0131 ve \u00f6l\u00fcm korkusu evrimin bir oyunu olabilir mi? Ya\u015fam\u0131n yaratt\u0131\u011f\u0131 mucizeleri ve bilincin b\u00fcy\u00fcs\u00fcn\u00fc duymak isteyenler i\u00e7in ke\u015fif yolculu\u011funa bir davet bu! Pek\u00e2l\u00e2, haz\u0131r m\u0131y\u0131z?<\/p>\n","protected":false},"excerpt":{"rendered":"<p>\u201cNas\u0131l ki s\u0131radan d\u00fcnyaya serpilen peri tozu onu alt\u0131na d\u00f6n\u00fc\u015ft\u00fcr\u00fcyorsa, ruh tozu da hayvan etini b\u00fcy\u00fcl\u00fc bir duyum ve \u00f6z bilin\u00e7 d\u00fcnyas\u0131na d\u00f6n\u00fc\u015ft\u00fcr\u00fcr. Sonu\u00e7 ise ill\u00fczyondur,<span class=\"excerpt-hellip\"> [\u2026]<\/span><\/p>\n","protected":false},"featured_media":0,"template":"","meta":{"_monsterinsights_skip_tracking":false,"_monsterinsights_sitenote_active":false,"_monsterinsights_sitenote_note":"","_monsterinsights_sitenote_category":0},"product_brand":[],"product_cat":[12358,12357],"product_tag":[],"class_list":{"0":"post-744882","1":"product","2":"type-product","3":"status-publish","5":"product_cat-genel-psikoloji","6":"product_cat-psikoloji","7":"pa_cilt-ciltsiz","8":"pa_tur-kitap","9":"pa_yayinevi-fol-kitap","10":"pa_yazar-nicholas-humphrey","12":"first","13":"instock","14":"sale","15":"shipping-taxable","16":"purchasable","17":"product-type-simple"},"_links":{"self":[{"href":"https:\/\/roveyayinevi.com.tr\/index.php\/wp-json\/wp\/v2\/product\/744882","targetHints":{"allow":["GET"]}}],"collection":[{"href":"https:\/\/roveyayinevi.com.tr\/index.php\/wp-json\/wp\/v2\/product"}],"about":[{"href":"https:\/\/roveyayinevi.com.tr\/index.php\/wp-json\/wp\/v2\/types\/product"}],"wp:attachment":[{"href":"https:\/\/roveyayinevi.com.tr\/index.php\/wp-json\/wp\/v2\/media?parent=744882"}],"wp:term":[{"taxonomy":"product_brand","embeddable":true,"href":"https:\/\/roveyayinevi.com.tr\/index.php\/wp-json\/wp\/v2\/product_brand?post=744882"},{"taxonomy":"product_cat","embeddable":true,"href":"https:\/\/roveyayinevi.com.tr\/index.php\/wp-json\/wp\/v2\/product_cat?post=744882"},{"taxonomy":"product_tag","embeddable":true,"href":"https:\/\/roveyayinevi.com.tr\/index.php\/wp-json\/wp\/v2\/product_tag?post=744882"}],"curies":[{"name":"wp","href":"https:\/\/api.w.org\/{rel}","templated":true}]}}