{"id":744880,"date":"2025-08-28T02:06:53","date_gmt":"2025-08-27T23:06:53","guid":{"rendered":"https:\/\/roveyayinevi.com.tr\/index.php\/urun\/firtina-benzema\/"},"modified":"2026-04-16T02:56:45","modified_gmt":"2026-04-15T23:56:45","slug":"firtina-benzema","status":"publish","type":"product","link":"https:\/\/roveyayinevi.com.tr\/index.php\/urun\/firtina-benzema\/","title":{"rendered":"F\u0131rt\u0131na Benzema"},"content":{"rendered":"<p>\u00b7         POSTER VE EFSANE FUTBOLCULAR ST\u0130CKER HED\u0130YEL\u0130 Ben Karim Benzema, nam\u0131di\u011fer \u201cCoco\u201d! Futbol kariyerime hen\u00fcz 8 ya\u015f\u0131mdayken \u00fclkem Cezayir\u2019de ba\u015flad\u0131m. \u015eimdiyse Frans\u0131z mill\u00ee tak\u0131m futbolcusuyum ve La Liga tak\u0131mlar\u0131ndan Real Madrid&#8217;de forma giyiyorum. Azimli ve disiplinli bir \u015fekilde \u00e7al\u0131\u015farak d\u00fcnya \u00e7ap\u0131nda bir \u00fcne sahip oldum. Sizce Real Madrid tak\u0131m\u0131nda t\u00fcm zamanlar\u0131n en \u00e7ok gol atan ikinci futbolcusu unvan\u0131n\u0131 nas\u0131l kazand\u0131m? Ba\u015farmak istedim ve bunun i\u00e7in ne gerekiyorsa yapt\u0131m. Hayal etti\u011fin yere ula\u015fabilece\u011fine inanc\u0131n daima artmal\u0131. Bir d\u00fcnya kupas\u0131n\u0131 elinde tuttu\u011funu, senin futbol kariyerini \u00f6rnek alarak b\u00fcy\u00fcyen \u00e7ocuklar\u0131n ve hatta yeti\u015fkinlerin oldu\u011funu d\u00fc\u015f\u00fcn. Sen de ba\u015faracaks\u0131n. \u0130nan, \u00e7al\u0131\u015f ve vazge\u00e7me&#8230; Karim Benzema<\/p>\n","protected":false},"excerpt":{"rendered":"<p>\u00b7 POSTER VE EFSANE FUTBOLCULAR ST\u0130CKER HED\u0130YEL\u0130 Ben Karim Benzema, nam\u0131di\u011fer \u201cCoco\u201d! Futbol kariyerime hen\u00fcz 8 ya\u015f\u0131mdayken \u00fclkem Cezayir\u2019de ba\u015flad\u0131m. \u015eimdiyse Frans\u0131z mill\u00ee tak\u0131m futbolcusuyum ve<span class=\"excerpt-hellip\"> [\u2026]<\/span><\/p>\n","protected":false},"featured_media":0,"template":"","meta":{"_monsterinsights_skip_tracking":false,"_monsterinsights_sitenote_active":false,"_monsterinsights_sitenote_note":"","_monsterinsights_sitenote_category":0},"product_brand":[],"product_cat":[12274,12284],"product_tag":[],"class_list":{"0":"post-744880","1":"product","2":"type-product","3":"status-publish","5":"product_cat-cocuk-ve-genclik-kitaplari","6":"product_cat-hikayeler","7":"pa_cilt-ciltsiz","8":"pa_tur-kitap","9":"pa_yayinevi-dokuz-yayinlari","10":"pa_yazar-diego-roberto","12":"first","13":"instock","14":"sale","15":"shipping-taxable","16":"purchasable","17":"product-type-simple"},"_links":{"self":[{"href":"https:\/\/roveyayinevi.com.tr\/index.php\/wp-json\/wp\/v2\/product\/744880","targetHints":{"allow":["GET"]}}],"collection":[{"href":"https:\/\/roveyayinevi.com.tr\/index.php\/wp-json\/wp\/v2\/product"}],"about":[{"href":"https:\/\/roveyayinevi.com.tr\/index.php\/wp-json\/wp\/v2\/types\/product"}],"wp:attachment":[{"href":"https:\/\/roveyayinevi.com.tr\/index.php\/wp-json\/wp\/v2\/media?parent=744880"}],"wp:term":[{"taxonomy":"product_brand","embeddable":true,"href":"https:\/\/roveyayinevi.com.tr\/index.php\/wp-json\/wp\/v2\/product_brand?post=744880"},{"taxonomy":"product_cat","embeddable":true,"href":"https:\/\/roveyayinevi.com.tr\/index.php\/wp-json\/wp\/v2\/product_cat?post=744880"},{"taxonomy":"product_tag","embeddable":true,"href":"https:\/\/roveyayinevi.com.tr\/index.php\/wp-json\/wp\/v2\/product_tag?post=744880"}],"curies":[{"name":"wp","href":"https:\/\/api.w.org\/{rel}","templated":true}]}}