{"id":744879,"date":"2025-08-28T02:06:52","date_gmt":"2025-08-27T23:06:52","guid":{"rendered":"https:\/\/roveyayinevi.com.tr\/index.php\/urun\/cesur-mane\/"},"modified":"2026-04-16T02:56:45","modified_gmt":"2026-04-15T23:56:45","slug":"cesur-mane","status":"publish","type":"product","link":"https:\/\/roveyayinevi.com.tr\/index.php\/urun\/cesur-mane\/","title":{"rendered":"Cesur Mane"},"content":{"rendered":"<p>\u00b7         POSTER VE EFSANE FUTBOLCULAR ST\u0130CKER HED\u0130YEL\u0130 Afrika\u2019n\u0131n kahraman\u0131 Senegal\u2019den \u00e7\u0131k\u0131p g\u00f6n\u00fclleri fethettim. Senin ya\u015flar\u0131ndayken bir toptan olma d\u00fcnya b\u00fcy\u00fckl\u00fc\u011f\u00fcnde hayallerim vard\u0131. \u015eimdi her birini ger\u00e7ekle\u015ftirmi\u015f olman\u0131n mutlulu\u011fu ve gururu i\u00e7indeyim. Beni seninle bir araya getiren de bu hayallerim. E\u011fer ben o dar, kirli, imk\u00e2ns\u0131zl\u0131klarla dolu sokaklarda \u00e7\u0131plak ayaklar\u0131mla yamal\u0131 bir topu ko\u015fturmasayd\u0131m, futbol hayallerimi b\u00fcy\u00fck olanlar\u0131ndan kurmasayd\u0131m; ba\u015faramasayd\u0131m, bug\u00fcn birlikte bu kitapta bulu\u015famazd\u0131k. Tek hedefin ba\u015farmak, kazanmak olmal\u0131. Hayal etmeli ve her g\u00fcn ilerlemeye devam etmelisin. Kendine inanmal\u0131, hi\u00e7bir zaman vazge\u00e7memeli ve s\u0131k\u0131 \u00e7al\u0131\u015fmal\u0131s\u0131n. Bence anahtar bu, kafan\u0131 oyunda tutarsan, bir \u015feyler olacakt\u0131r. Sadio Man\u00e9 <\/p>\n","protected":false},"excerpt":{"rendered":"<p>\u00b7 POSTER VE EFSANE FUTBOLCULAR ST\u0130CKER HED\u0130YEL\u0130 Afrika\u2019n\u0131n kahraman\u0131 Senegal\u2019den \u00e7\u0131k\u0131p g\u00f6n\u00fclleri fethettim. Senin ya\u015flar\u0131ndayken bir toptan olma d\u00fcnya b\u00fcy\u00fckl\u00fc\u011f\u00fcnde hayallerim vard\u0131. \u015eimdi her birini ger\u00e7ekle\u015ftirmi\u015f<span class=\"excerpt-hellip\"> [\u2026]<\/span><\/p>\n","protected":false},"featured_media":0,"template":"","meta":{"_monsterinsights_skip_tracking":false,"_monsterinsights_sitenote_active":false,"_monsterinsights_sitenote_note":"","_monsterinsights_sitenote_category":0},"product_brand":[],"product_cat":[12274,12284],"product_tag":[],"class_list":{"0":"post-744879","1":"product","2":"type-product","3":"status-publish","5":"product_cat-cocuk-ve-genclik-kitaplari","6":"product_cat-hikayeler","7":"pa_cilt-ciltsiz","8":"pa_tur-kitap","9":"pa_yayinevi-dokuz-yayinlari","10":"pa_yazar-diego-roberto","12":"first","13":"instock","14":"sale","15":"shipping-taxable","16":"purchasable","17":"product-type-simple"},"_links":{"self":[{"href":"https:\/\/roveyayinevi.com.tr\/index.php\/wp-json\/wp\/v2\/product\/744879","targetHints":{"allow":["GET"]}}],"collection":[{"href":"https:\/\/roveyayinevi.com.tr\/index.php\/wp-json\/wp\/v2\/product"}],"about":[{"href":"https:\/\/roveyayinevi.com.tr\/index.php\/wp-json\/wp\/v2\/types\/product"}],"wp:attachment":[{"href":"https:\/\/roveyayinevi.com.tr\/index.php\/wp-json\/wp\/v2\/media?parent=744879"}],"wp:term":[{"taxonomy":"product_brand","embeddable":true,"href":"https:\/\/roveyayinevi.com.tr\/index.php\/wp-json\/wp\/v2\/product_brand?post=744879"},{"taxonomy":"product_cat","embeddable":true,"href":"https:\/\/roveyayinevi.com.tr\/index.php\/wp-json\/wp\/v2\/product_cat?post=744879"},{"taxonomy":"product_tag","embeddable":true,"href":"https:\/\/roveyayinevi.com.tr\/index.php\/wp-json\/wp\/v2\/product_tag?post=744879"}],"curies":[{"name":"wp","href":"https:\/\/api.w.org\/{rel}","templated":true}]}}