{"id":744877,"date":"2025-08-28T02:06:48","date_gmt":"2025-08-27T23:06:48","guid":{"rendered":"https:\/\/roveyayinevi.com.tr\/index.php\/urun\/bakire-tablolar\/"},"modified":"2026-04-16T02:56:45","modified_gmt":"2026-04-15T23:56:45","slug":"bakire-tablolar","status":"publish","type":"product","link":"https:\/\/roveyayinevi.com.tr\/index.php\/urun\/bakire-tablolar\/","title":{"rendered":"Bakire Tablolar"},"content":{"rendered":"<p>Alan\u0131nda ba\u015far\u0131l\u0131 olan psikiyatrist Sel\u00e7uk\u2019un kart\u0131n\u0131 bir \u015fekilde edinen G\u00f6ktan\u2019\u0131n \u00e7apra\u015f\u0131k hayat\u0131n\u0131 derleyip toparlamak ad\u0131na bir umudu olur. \u00c7ocukluk travmalar\u0131, aile kavram\u0131, a\u015fk ve biraz da ka\u00e7\u0131n\u0131lmaz bir delili\u011fin kesi\u015ftirdi\u011fi yollar hem Sel\u00e7uk\u2019un hem G\u00f6ktan\u2019\u0131n hem de etraflar\u0131ndaki di\u011fer herkesin kader \u00e7izgilerini de\u011fi\u015ftirmek \u00fczeredir. Alper Ay\u2019\u0131n ilk roman\u0131 olan Bakire Tablolar okuruna yaln\u0131zca bir roman de\u011fil, bir ya\u015fanm\u0131\u015fl\u0131k vadediyor. Bakire Tablolar, \u0131\u015f\u0131lt\u0131l\u0131 bir olay \u00f6rg\u00fcs\u00fcn\u00fcn i\u00e7inden insan\u0131n gizemine, aray\u0131\u015f\u0131na, sanc\u0131l\u0131 i\u00e7 yolculu\u011funa yo\u011funla\u015f\u0131yor. Karakterlerin, i\u00e7inden ge\u00e7tikleri s\u00fcrecin hakk\u0131n\u0131 vererek, korku, par\u00e7alanma, a\u015fk, toplumsal yar\u0131lmalar i\u00e7inde hayat\u0131 geni\u015fletmeleri, asl\u0131nda bizim hayat\u0131m\u0131z\u0131 geni\u015fletmenin de bir di\u011fer ad\u0131 de\u011fil midir?   Alper Ay, m\u00fczikal t\u0131n\u0131lara benzeyen hassasl\u0131klar\u0131 ayr\u0131nt\u0131ya d\u00f6kt\u00fc\u011f\u00fc bu ilk kitab\u0131yla, roman\u0131n zengin d\u00fcnyas\u0131na, kendi zenginli\u011fini kat\u0131yor. Kendisinden bahsettirecek yeni bir yazar\u0131n ve kitab\u0131n mu\u015ftusu ile kar\u015f\u0131la\u015fmak her zaman i\u00e7in rast geldi\u011fimiz bir talih de\u011fildir. Bakire Tablolar, biz okurlari\u00e7in g\u00fc\u00e7l\u00fc ve incelikli bir talihtir. (Hayati S\u00f6nmez, \u00f6yk\u00fcc\u00fc) <\/p>\n","protected":false},"excerpt":{"rendered":"<p>Alan\u0131nda ba\u015far\u0131l\u0131 olan psikiyatrist Sel\u00e7uk\u2019un kart\u0131n\u0131 bir \u015fekilde edinen G\u00f6ktan\u2019\u0131n \u00e7apra\u015f\u0131k hayat\u0131n\u0131 derleyip toparlamak ad\u0131na bir umudu olur. \u00c7ocukluk travmalar\u0131, aile kavram\u0131, a\u015fk ve biraz da<span class=\"excerpt-hellip\"> [\u2026]<\/span><\/p>\n","protected":false},"featured_media":0,"template":"","meta":{"_monsterinsights_skip_tracking":false,"_monsterinsights_sitenote_active":false,"_monsterinsights_sitenote_note":"","_monsterinsights_sitenote_category":0},"product_brand":[],"product_cat":[12291,12711],"product_tag":[],"class_list":{"0":"post-744877","1":"product","2":"type-product","3":"status-publish","5":"product_cat-edebiyat","6":"product_cat-roman-oyku","7":"pa_cilt-ciltsiz","8":"pa_tur-kitap","9":"pa_yayinevi-perseus","10":"pa_yazar-alper-ay","12":"first","13":"instock","14":"sale","15":"shipping-taxable","16":"purchasable","17":"product-type-simple"},"_links":{"self":[{"href":"https:\/\/roveyayinevi.com.tr\/index.php\/wp-json\/wp\/v2\/product\/744877","targetHints":{"allow":["GET"]}}],"collection":[{"href":"https:\/\/roveyayinevi.com.tr\/index.php\/wp-json\/wp\/v2\/product"}],"about":[{"href":"https:\/\/roveyayinevi.com.tr\/index.php\/wp-json\/wp\/v2\/types\/product"}],"wp:attachment":[{"href":"https:\/\/roveyayinevi.com.tr\/index.php\/wp-json\/wp\/v2\/media?parent=744877"}],"wp:term":[{"taxonomy":"product_brand","embeddable":true,"href":"https:\/\/roveyayinevi.com.tr\/index.php\/wp-json\/wp\/v2\/product_brand?post=744877"},{"taxonomy":"product_cat","embeddable":true,"href":"https:\/\/roveyayinevi.com.tr\/index.php\/wp-json\/wp\/v2\/product_cat?post=744877"},{"taxonomy":"product_tag","embeddable":true,"href":"https:\/\/roveyayinevi.com.tr\/index.php\/wp-json\/wp\/v2\/product_tag?post=744877"}],"curies":[{"name":"wp","href":"https:\/\/api.w.org\/{rel}","templated":true}]}}