{"id":744868,"date":"2025-08-28T02:06:36","date_gmt":"2025-08-27T23:06:36","guid":{"rendered":"https:\/\/roveyayinevi.com.tr\/index.php\/urun\/semsa\/"},"modified":"2026-04-16T02:56:45","modified_gmt":"2026-04-15T23:56:45","slug":"semsa","status":"publish","type":"product","link":"https:\/\/roveyayinevi.com.tr\/index.php\/urun\/semsa\/","title":{"rendered":"\u015eemsa"},"content":{"rendered":"<p>Recaizade Mahmut Ekrem Kitapl\u0131\u011f\u0131 &#8211; 3 Minik bedenlere y\u00fcklenir hayat\u0131n t\u00fcm a\u011f\u0131rl\u0131\u011f\u0131. Bazen ezmekten zevk al\u0131r kader. Verem denen illet, en \u00e7ok da \u00e7ocuklara yak\u0131\u015fmaz. Topra\u011f\u0131n i\u00e7inde a\u00e7\u0131lan k\u00fc\u00e7\u00fcc\u00fck bir be\u015fi\u011fe bebek b\u0131rakmaya hi\u00e7bir vicdan dayanmaz. \u015eemsa, bir ac\u0131n\u0131n hik\u00e2yesi. Realizmi can yakan cinsten. \u015eiirle sarmalanm\u0131\u015f bir par\u00e7a \u00f6yk\u00fc. Recaizade Mahmut Ekrem&#8217;in her zamanki yetkin kaleminden&#8230; <\/p>\n","protected":false},"excerpt":{"rendered":"<p>Recaizade Mahmut Ekrem Kitapl\u0131\u011f\u0131 &#8211; 3 Minik bedenlere y\u00fcklenir hayat\u0131n t\u00fcm a\u011f\u0131rl\u0131\u011f\u0131. Bazen ezmekten zevk al\u0131r kader. Verem denen illet, en \u00e7ok da \u00e7ocuklara yak\u0131\u015fmaz. Topra\u011f\u0131n<span class=\"excerpt-hellip\"> [\u2026]<\/span><\/p>\n","protected":false},"featured_media":0,"template":"","meta":{"_monsterinsights_skip_tracking":false,"_monsterinsights_sitenote_active":false,"_monsterinsights_sitenote_note":"","_monsterinsights_sitenote_category":0},"product_brand":[],"product_cat":[12291,12509],"product_tag":[],"class_list":{"0":"post-744868","1":"product","2":"type-product","3":"status-publish","5":"product_cat-edebiyat","6":"product_cat-siir","7":"pa_cilt-ciltsiz","8":"pa_tur-kitap","9":"pa_yayinevi-sapiens-yayinlari","10":"pa_yazar-recaizade-mahmut-ekrem","12":"first","13":"instock","14":"sale","15":"shipping-taxable","16":"purchasable","17":"product-type-simple"},"_links":{"self":[{"href":"https:\/\/roveyayinevi.com.tr\/index.php\/wp-json\/wp\/v2\/product\/744868","targetHints":{"allow":["GET"]}}],"collection":[{"href":"https:\/\/roveyayinevi.com.tr\/index.php\/wp-json\/wp\/v2\/product"}],"about":[{"href":"https:\/\/roveyayinevi.com.tr\/index.php\/wp-json\/wp\/v2\/types\/product"}],"wp:attachment":[{"href":"https:\/\/roveyayinevi.com.tr\/index.php\/wp-json\/wp\/v2\/media?parent=744868"}],"wp:term":[{"taxonomy":"product_brand","embeddable":true,"href":"https:\/\/roveyayinevi.com.tr\/index.php\/wp-json\/wp\/v2\/product_brand?post=744868"},{"taxonomy":"product_cat","embeddable":true,"href":"https:\/\/roveyayinevi.com.tr\/index.php\/wp-json\/wp\/v2\/product_cat?post=744868"},{"taxonomy":"product_tag","embeddable":true,"href":"https:\/\/roveyayinevi.com.tr\/index.php\/wp-json\/wp\/v2\/product_tag?post=744868"}],"curies":[{"name":"wp","href":"https:\/\/api.w.org\/{rel}","templated":true}]}}