{"id":744867,"date":"2025-08-28T02:06:35","date_gmt":"2025-08-27T23:06:35","guid":{"rendered":"https:\/\/roveyayinevi.com.tr\/index.php\/urun\/kimlik-cagdas-tartismalar\/"},"modified":"2026-04-16T02:56:45","modified_gmt":"2026-04-15T23:56:45","slug":"kimlik-cagdas-tartismalar","status":"publish","type":"product","link":"https:\/\/roveyayinevi.com.tr\/index.php\/urun\/kimlik-cagdas-tartismalar\/","title":{"rendered":"Kimlik :\u00c7a\u011fda\u015f Tart\u0131\u015fmalar"},"content":{"rendered":"<p>\u0130\u00c7ER\u0130K TANITIMI: \u201cKimlik\u201d kavram\u0131, g\u00fcn\u00fcm\u00fczde felsefi ve toplumsal tart\u0131\u015fmalar\u0131n en karma\u015f\u0131k meselelerinden biri haline d\u00f6n\u00fc\u015fm\u00fc\u015ft\u00fcr.  Modernli\u011fin erken d\u00f6nemlerinde \u00f6zellikle yerle\u015fik ulus devletlerin in\u015fa etti\u011fi merkezi, kurumsalla\u015fm\u0131\u015f ve kolektif kimlikler bulunmaktayd\u0131. Bunlar\u0131n g\u00fcven vadeden kat\u0131 ve sabit aidiyet ba\u011flar\u0131 art\u0131k giderek daha bireysel \u00f6zg\u00fcrle\u015fme bi\u00e7imleriyle yer de\u011fi\u015ftirmektedir. Bireyler art\u0131k \u00e7o\u011funlukla zay\u0131f ba\u011flar geli\u015ftirdikleri, \u00e7ok boyutlu, k\u0131r\u0131lgan, ba\u011flamsal ve ge\u00e7ici kimliklerle ya\u015famlar\u0131n\u0131 s\u00fcrd\u00fcrmektedirler. Bu de\u011fi\u015fimin bir nedeni de egemen piyasa ko\u015fullar\u0131n\u0131n herkesi farkl\u0131la\u015ft\u0131rma iddias\u0131yla daha fazla ki\u015fiselle\u015ftiren \u00e7e\u015fitli kimlik yarat\u0131c\u0131 ara\u00e7lar sunmas\u0131yla a\u00e7\u0131klanabilir. S\u00f6z konusu tabloda, par\u00e7alanm\u0131\u015f \u00f6zneleri bekleyen en b\u00fcy\u00fck tehlike ise, farkl\u0131l\u0131klar\u0131n bir birlik olu\u015fturmaya y\u00f6nelik aray\u0131\u015flardan vazge\u00e7ip; birbirine has\u0131m ve uzla\u015f\u0131msal olmayan kabilelere d\u00f6n\u00fc\u015fme ihtimalidir. Bu a\u00e7\u0131dan kimli\u011fin bir \u00f6zg\u00fcrle\u015fme bi\u00e7imi oldu\u011fu kadar d\u0131\u015flay\u0131c\u0131 bir siyaset malzemesi olarak yorumlanabilece\u011fi de s\u00f6ylenebilir. \u0130\u015fte bu \u00e7al\u0131\u015fma, g\u00f6nderimleri kimlik kavram\u0131na dayal\u0131 olmakla birlikte, ilgi \u00e7ekici ba\u015fl\u0131klar alt\u0131nda onun farkl\u0131 boyutlar\u0131n\u0131 zenginle\u015ftirmeye y\u00f6nelik bir te\u015febb\u00fcs\u00fcn \u00fcr\u00fcn\u00fcd\u00fcr.  <\/p>\n","protected":false},"excerpt":{"rendered":"<p>\u0130\u00c7ER\u0130K TANITIMI: \u201cKimlik\u201d kavram\u0131, g\u00fcn\u00fcm\u00fczde felsefi ve toplumsal tart\u0131\u015fmalar\u0131n en karma\u015f\u0131k meselelerinden biri haline d\u00f6n\u00fc\u015fm\u00fc\u015ft\u00fcr. Modernli\u011fin erken d\u00f6nemlerinde \u00f6zellikle yerle\u015fik ulus devletlerin in\u015fa etti\u011fi merkezi, kurumsalla\u015fm\u0131\u015f<span class=\"excerpt-hellip\"> [\u2026]<\/span><\/p>\n","protected":false},"featured_media":0,"template":"","meta":{"_monsterinsights_skip_tracking":false,"_monsterinsights_sitenote_active":false,"_monsterinsights_sitenote_note":"","_monsterinsights_sitenote_category":0},"product_brand":[],"product_cat":[12325,12324],"product_tag":[],"class_list":{"0":"post-744867","1":"product","2":"type-product","3":"status-publish","5":"product_cat-diger-sosyoloji","6":"product_cat-sosyoloji","7":"pa_cilt-ciltsiz","8":"pa_tur-kitap","9":"pa_yayinevi-nika-yayinevi","10":"pa_yazar-deniz-kundakci","12":"first","13":"instock","14":"sale","15":"shipping-taxable","16":"purchasable","17":"product-type-simple"},"_links":{"self":[{"href":"https:\/\/roveyayinevi.com.tr\/index.php\/wp-json\/wp\/v2\/product\/744867","targetHints":{"allow":["GET"]}}],"collection":[{"href":"https:\/\/roveyayinevi.com.tr\/index.php\/wp-json\/wp\/v2\/product"}],"about":[{"href":"https:\/\/roveyayinevi.com.tr\/index.php\/wp-json\/wp\/v2\/types\/product"}],"wp:attachment":[{"href":"https:\/\/roveyayinevi.com.tr\/index.php\/wp-json\/wp\/v2\/media?parent=744867"}],"wp:term":[{"taxonomy":"product_brand","embeddable":true,"href":"https:\/\/roveyayinevi.com.tr\/index.php\/wp-json\/wp\/v2\/product_brand?post=744867"},{"taxonomy":"product_cat","embeddable":true,"href":"https:\/\/roveyayinevi.com.tr\/index.php\/wp-json\/wp\/v2\/product_cat?post=744867"},{"taxonomy":"product_tag","embeddable":true,"href":"https:\/\/roveyayinevi.com.tr\/index.php\/wp-json\/wp\/v2\/product_tag?post=744867"}],"curies":[{"name":"wp","href":"https:\/\/api.w.org\/{rel}","templated":true}]}}