{"id":744865,"date":"2025-08-28T02:06:33","date_gmt":"2025-08-27T23:06:33","guid":{"rendered":"https:\/\/roveyayinevi.com.tr\/index.php\/urun\/klinik-sosyal-hizmet-tanimi-uygulamasi-ve-vizyonu\/"},"modified":"2026-04-16T02:56:45","modified_gmt":"2026-04-15T23:56:45","slug":"klinik-sosyal-hizmet-tanimi-uygulamasi-ve-vizyonu","status":"publish","type":"product","link":"https:\/\/roveyayinevi.com.tr\/index.php\/urun\/klinik-sosyal-hizmet-tanimi-uygulamasi-ve-vizyonu\/","title":{"rendered":"Klinik Sosyal Hizmet  :Tan\u0131m\u0131 Uygulamas\u0131 ve Vizyonu"},"content":{"rendered":"<p>\u0130\u00c7ER\u0130K TANITIMI: Dr. Dorfman bir kez daha sosyal hizmetin mesleki literat\u00fcr\u00fcne olduk\u00e7a faydal\u0131 bir katk\u0131 sa\u011flam\u0131\u015ft\u0131r. \u00d6ncelikli hedefi sosyal hizmet \u00f6\u011frencileri olmas\u0131na kar\u015f\u0131n, kitap, genel olarak klinik uygulay\u0131c\u0131lar i\u00e7in olduk\u00e7a faydal\u0131 olmas\u0131n\u0131n yan\u0131nda \u201cUygulay\u0131c\u0131lar\u0131n El Kitab\u0131\u201d olarak da iyi hizmet edebilecektir.FRANCIS J. TURNER, D.S.W.Wilfred Laurier \u00dcniversitesiKlinik Sosyal Hizmet, mevcut durumda alanda olanlar\u0131n yan\u0131 s\u0131ra sosyal hizmeti meslek olarak d\u00fc\u015f\u00fcnen herkes i\u00e7in \u201cokunmas\u0131 gereken\u201d bir kitapt\u0131r. \u00c7\u00fcnk\u00fc kitap uygulay\u0131c\u0131lar\u0131 bekleyen zorluklar ve olas\u0131l\u0131klar hakk\u0131nda bir fikir veriyor. Bu \u00e7ok boyutlu bak\u0131\u015f a\u00e7\u0131s\u0131, ilkelerin etkili ve tatmin edici uygulamalara d\u00f6n\u00fc\u015ft\u00fcr\u00fclmesine yard\u0131mc\u0131 olmas\u0131 a\u00e7\u0131s\u0131ndan da olduk\u00e7a de\u011ferlidir.Rachelle A. Dorfman, Los Angeles California \u00dcniversitesi, Kamu Politikas\u0131 ve Sosyal Hizmet Okulu, Sosyal Refah B\u00f6l\u00fcm\u00fc&#8217;nde profes\u00f6r. Son zamanlarda Hong Kong \u00dcniversitesi&#8217;nde sosyal hizmet alan\u0131nda Misafir Profes\u00f6r olarak g\u00f6rev yapt\u0131. Dr. Dorfman, di\u011fer iki sayg\u0131n kitab\u0131n yazarl\u0131\u011f\u0131n\u0131\/edit\u00f6rl\u00fc\u011f\u00fcn\u00fc de ger\u00e7ekle\u015ftirdi: Aging into the 21st Century: The Exploration of Aspirations and Values ve Paradigms of Clinical Social Work. <\/p>\n","protected":false},"excerpt":{"rendered":"<p>\u0130\u00c7ER\u0130K TANITIMI: Dr. Dorfman bir kez daha sosyal hizmetin mesleki literat\u00fcr\u00fcne olduk\u00e7a faydal\u0131 bir katk\u0131 sa\u011flam\u0131\u015ft\u0131r. \u00d6ncelikli hedefi sosyal hizmet \u00f6\u011frencileri olmas\u0131na kar\u015f\u0131n, kitap, genel olarak<span class=\"excerpt-hellip\"> [\u2026]<\/span><\/p>\n","protected":false},"featured_media":0,"template":"","meta":{"_monsterinsights_skip_tracking":false,"_monsterinsights_sitenote_active":false,"_monsterinsights_sitenote_note":"","_monsterinsights_sitenote_category":0},"product_brand":[],"product_cat":[12573,12566],"product_tag":[],"class_list":{"0":"post-744865","1":"product","2":"type-product","3":"status-publish","5":"product_cat-akademik-kitaplar","6":"product_cat-egitim","7":"pa_cilt-ciltsiz","8":"pa_tur-kitap","9":"pa_yayinevi-nika-yayinevi","10":"pa_yazar-rachelle-a-dorfman","12":"first","13":"instock","14":"sale","15":"shipping-taxable","16":"purchasable","17":"product-type-simple"},"_links":{"self":[{"href":"https:\/\/roveyayinevi.com.tr\/index.php\/wp-json\/wp\/v2\/product\/744865","targetHints":{"allow":["GET"]}}],"collection":[{"href":"https:\/\/roveyayinevi.com.tr\/index.php\/wp-json\/wp\/v2\/product"}],"about":[{"href":"https:\/\/roveyayinevi.com.tr\/index.php\/wp-json\/wp\/v2\/types\/product"}],"wp:attachment":[{"href":"https:\/\/roveyayinevi.com.tr\/index.php\/wp-json\/wp\/v2\/media?parent=744865"}],"wp:term":[{"taxonomy":"product_brand","embeddable":true,"href":"https:\/\/roveyayinevi.com.tr\/index.php\/wp-json\/wp\/v2\/product_brand?post=744865"},{"taxonomy":"product_cat","embeddable":true,"href":"https:\/\/roveyayinevi.com.tr\/index.php\/wp-json\/wp\/v2\/product_cat?post=744865"},{"taxonomy":"product_tag","embeddable":true,"href":"https:\/\/roveyayinevi.com.tr\/index.php\/wp-json\/wp\/v2\/product_tag?post=744865"}],"curies":[{"name":"wp","href":"https:\/\/api.w.org\/{rel}","templated":true}]}}