{"id":744864,"date":"2025-08-28T02:06:32","date_gmt":"2025-08-27T23:06:32","guid":{"rendered":"https:\/\/roveyayinevi.com.tr\/index.php\/urun\/islamin-istilasi\/"},"modified":"2026-04-16T02:56:45","modified_gmt":"2026-04-15T23:56:45","slug":"islamin-istilasi","status":"publish","type":"product","link":"https:\/\/roveyayinevi.com.tr\/index.php\/urun\/islamin-istilasi\/","title":{"rendered":"\u0130slam\u2019\u0131n \u0130stilas\u0131"},"content":{"rendered":"<p>Son d\u00f6nem Osmanl\u0131 ayd\u0131nlar\u0131, dalgalarla d\u00f6v\u00fclen bir sahilde ya\u015fad\u0131lar. Gelenek, onlar i\u00e7in g\u00fcvenli olan tek limand\u0131. Bo\u011fulmamak i\u00e7in de\u011ferlerine sar\u0131ld\u0131lar. Fatma Aliye Han\u0131m da onlardan biriydi. Ahmet Cevdet Pa\u015fa&#8217;n\u0131n biyolojik, Ahmet Mithat Efendi&#8217;nin manev\u00ee k\u0131z\u0131 olarak, Hristiyan d\u00fcnyan\u0131n t\u00fcm taarruzlar\u0131na kar\u015f\u0131 kalemine sar\u0131ld\u0131 ve d\u00f6neminde \u0130slam&#8217;\u0131n yay\u0131lmas\u0131yla ilgili etkili bir ka\u00e7 olay\u0131 kaleme ald\u0131. \u0130slam&#8217;\u0131n \u0130stilas\u0131&#8217;s\u0131 savunma hatlar\u0131 birer birer y\u0131k\u0131lan bir d\u00fcnyan\u0131n son direni\u015f hatlar\u0131n\u0131 kay\u0131t alt\u0131na ald\u0131. <\/p>\n","protected":false},"excerpt":{"rendered":"<p>Son d\u00f6nem Osmanl\u0131 ayd\u0131nlar\u0131, dalgalarla d\u00f6v\u00fclen bir sahilde ya\u015fad\u0131lar. Gelenek, onlar i\u00e7in g\u00fcvenli olan tek limand\u0131. Bo\u011fulmamak i\u00e7in de\u011ferlerine sar\u0131ld\u0131lar. Fatma Aliye Han\u0131m da onlardan biriydi.<span class=\"excerpt-hellip\"> [\u2026]<\/span><\/p>\n","protected":false},"featured_media":0,"template":"","meta":{"_monsterinsights_skip_tracking":false,"_monsterinsights_sitenote_active":false,"_monsterinsights_sitenote_note":"","_monsterinsights_sitenote_category":0},"product_brand":[],"product_cat":[12312,12304],"product_tag":[],"class_list":{"0":"post-744864","1":"product","2":"type-product","3":"status-publish","5":"product_cat-diger","6":"product_cat-tarih","7":"pa_cilt-ciltsiz","8":"pa_tur-kitap","9":"pa_yayinevi-sapiens-yayinlari","10":"pa_yazar-fatma-aliye-hanim","12":"first","13":"instock","14":"sale","15":"shipping-taxable","16":"purchasable","17":"product-type-simple"},"_links":{"self":[{"href":"https:\/\/roveyayinevi.com.tr\/index.php\/wp-json\/wp\/v2\/product\/744864","targetHints":{"allow":["GET"]}}],"collection":[{"href":"https:\/\/roveyayinevi.com.tr\/index.php\/wp-json\/wp\/v2\/product"}],"about":[{"href":"https:\/\/roveyayinevi.com.tr\/index.php\/wp-json\/wp\/v2\/types\/product"}],"wp:attachment":[{"href":"https:\/\/roveyayinevi.com.tr\/index.php\/wp-json\/wp\/v2\/media?parent=744864"}],"wp:term":[{"taxonomy":"product_brand","embeddable":true,"href":"https:\/\/roveyayinevi.com.tr\/index.php\/wp-json\/wp\/v2\/product_brand?post=744864"},{"taxonomy":"product_cat","embeddable":true,"href":"https:\/\/roveyayinevi.com.tr\/index.php\/wp-json\/wp\/v2\/product_cat?post=744864"},{"taxonomy":"product_tag","embeddable":true,"href":"https:\/\/roveyayinevi.com.tr\/index.php\/wp-json\/wp\/v2\/product_tag?post=744864"}],"curies":[{"name":"wp","href":"https:\/\/api.w.org\/{rel}","templated":true}]}}