{"id":744863,"date":"2025-08-28T02:06:31","date_gmt":"2025-08-27T23:06:31","guid":{"rendered":"https:\/\/roveyayinevi.com.tr\/index.php\/urun\/ayestefanos-anlasmasi\/"},"modified":"2026-04-16T02:56:44","modified_gmt":"2026-04-15T23:56:44","slug":"ayestefanos-anlasmasi","status":"publish","type":"product","link":"https:\/\/roveyayinevi.com.tr\/index.php\/urun\/ayestefanos-anlasmasi\/","title":{"rendered":"Ayestefanos Anla\u015fmas\u0131"},"content":{"rendered":"<p>\u0130stanbul&#8217;un e\u015fi\u011finde duruyor Rus ordular\u0131. Ayastefanos&#8217;ta k\u00e2bus gibi bir anla\u015fma imzalan\u0131yor. Topraklar kaybediliyor, ilk kez Ermeniler lehine reformlar yapmay\u0131 kabul ediyor Osmanl\u0131. T\u00fcrk tarihinin kopu\u015f mevsimindeki Ayastefanos Anla\u015fmas\u0131 orijinal metni ve g\u00fcn\u00fcm\u00fcz T\u00fcrk\u00e7esiyle ilk kez kitaba d\u00f6n\u00fc\u015f\u00fcyor. <\/p>\n","protected":false},"excerpt":{"rendered":"<p>\u0130stanbul&#8217;un e\u015fi\u011finde duruyor Rus ordular\u0131. Ayastefanos&#8217;ta k\u00e2bus gibi bir anla\u015fma imzalan\u0131yor. Topraklar kaybediliyor, ilk kez Ermeniler lehine reformlar yapmay\u0131 kabul ediyor Osmanl\u0131. T\u00fcrk tarihinin kopu\u015f mevsimindeki<span class=\"excerpt-hellip\"> [\u2026]<\/span><\/p>\n","protected":false},"featured_media":0,"template":"","meta":{"_monsterinsights_skip_tracking":false,"_monsterinsights_sitenote_active":false,"_monsterinsights_sitenote_note":"","_monsterinsights_sitenote_category":0},"product_brand":[],"product_cat":[12312,12304],"product_tag":[],"class_list":{"0":"post-744863","1":"product","2":"type-product","3":"status-publish","5":"product_cat-diger","6":"product_cat-tarih","7":"pa_cilt-ciltsiz","8":"pa_tur-kitap","9":"pa_yayinevi-sapiens-yayinlari","10":"pa_yazar-semih-dogan","12":"first","13":"instock","14":"sale","15":"shipping-taxable","16":"purchasable","17":"product-type-simple"},"_links":{"self":[{"href":"https:\/\/roveyayinevi.com.tr\/index.php\/wp-json\/wp\/v2\/product\/744863","targetHints":{"allow":["GET"]}}],"collection":[{"href":"https:\/\/roveyayinevi.com.tr\/index.php\/wp-json\/wp\/v2\/product"}],"about":[{"href":"https:\/\/roveyayinevi.com.tr\/index.php\/wp-json\/wp\/v2\/types\/product"}],"wp:attachment":[{"href":"https:\/\/roveyayinevi.com.tr\/index.php\/wp-json\/wp\/v2\/media?parent=744863"}],"wp:term":[{"taxonomy":"product_brand","embeddable":true,"href":"https:\/\/roveyayinevi.com.tr\/index.php\/wp-json\/wp\/v2\/product_brand?post=744863"},{"taxonomy":"product_cat","embeddable":true,"href":"https:\/\/roveyayinevi.com.tr\/index.php\/wp-json\/wp\/v2\/product_cat?post=744863"},{"taxonomy":"product_tag","embeddable":true,"href":"https:\/\/roveyayinevi.com.tr\/index.php\/wp-json\/wp\/v2\/product_tag?post=744863"}],"curies":[{"name":"wp","href":"https:\/\/api.w.org\/{rel}","templated":true}]}}