{"id":744861,"date":"2025-08-28T02:06:28","date_gmt":"2025-08-27T23:06:28","guid":{"rendered":"https:\/\/roveyayinevi.com.tr\/index.php\/urun\/bir-duskunun-mektuplari\/"},"modified":"2026-04-16T02:56:44","modified_gmt":"2026-04-15T23:56:44","slug":"bir-duskunun-mektuplari","status":"publish","type":"product","link":"https:\/\/roveyayinevi.com.tr\/index.php\/urun\/bir-duskunun-mektuplari\/","title":{"rendered":"Bir D\u00fc\u015fk\u00fcn\u00fcn Mektuplar\u0131"},"content":{"rendered":"<p>T\u00fcrk edebiyat\u0131n\u0131n renkli kalemi, ac\u0131l\u0131 bir y\u00fcre\u011fin \u00e7arp\u0131nt\u0131s\u0131n\u0131 anlat\u0131yor bu kez. Hayat\u0131 parampar\u00e7a olmu\u015f bir sefilin duygu d\u00fcnyas\u0131n\u0131 seriyor \u00f6n\u00fcm\u00fcze Ahmet Rasim, her zamanki samimi \u00fcslubuyla Bir D\u00fc\u015fk\u00fcn\u00fcn Mektuplar\u0131&#8217;n\u0131 sunuyor okura. Zarflar\u0131ndan \u00e7\u0131kar\u0131lm\u0131\u015f mektuplar, g\u00fcn\u00fcm\u00fcz T\u00fcrk\u00e7esiyle can buluyor. <\/p>\n","protected":false},"excerpt":{"rendered":"<p>T\u00fcrk edebiyat\u0131n\u0131n renkli kalemi, ac\u0131l\u0131 bir y\u00fcre\u011fin \u00e7arp\u0131nt\u0131s\u0131n\u0131 anlat\u0131yor bu kez. Hayat\u0131 parampar\u00e7a olmu\u015f bir sefilin duygu d\u00fcnyas\u0131n\u0131 seriyor \u00f6n\u00fcm\u00fcze Ahmet Rasim, her zamanki samimi \u00fcslubuyla<span class=\"excerpt-hellip\"> [\u2026]<\/span><\/p>\n","protected":false},"featured_media":0,"template":"","meta":{"_monsterinsights_skip_tracking":false,"_monsterinsights_sitenote_active":false,"_monsterinsights_sitenote_note":"","_monsterinsights_sitenote_category":0},"product_brand":[],"product_cat":[13701,12291],"product_tag":[],"class_list":{"0":"post-744861","1":"product","2":"type-product","3":"status-publish","5":"product_cat-ani-mektup-gunluk","6":"product_cat-edebiyat","7":"pa_cilt-ciltsiz","8":"pa_tur-kitap","9":"pa_yayinevi-sapiens-yayinlari","10":"pa_yazar-ahmet-rasim","12":"first","13":"instock","14":"sale","15":"shipping-taxable","16":"purchasable","17":"product-type-simple"},"_links":{"self":[{"href":"https:\/\/roveyayinevi.com.tr\/index.php\/wp-json\/wp\/v2\/product\/744861","targetHints":{"allow":["GET"]}}],"collection":[{"href":"https:\/\/roveyayinevi.com.tr\/index.php\/wp-json\/wp\/v2\/product"}],"about":[{"href":"https:\/\/roveyayinevi.com.tr\/index.php\/wp-json\/wp\/v2\/types\/product"}],"wp:attachment":[{"href":"https:\/\/roveyayinevi.com.tr\/index.php\/wp-json\/wp\/v2\/media?parent=744861"}],"wp:term":[{"taxonomy":"product_brand","embeddable":true,"href":"https:\/\/roveyayinevi.com.tr\/index.php\/wp-json\/wp\/v2\/product_brand?post=744861"},{"taxonomy":"product_cat","embeddable":true,"href":"https:\/\/roveyayinevi.com.tr\/index.php\/wp-json\/wp\/v2\/product_cat?post=744861"},{"taxonomy":"product_tag","embeddable":true,"href":"https:\/\/roveyayinevi.com.tr\/index.php\/wp-json\/wp\/v2\/product_tag?post=744861"}],"curies":[{"name":"wp","href":"https:\/\/api.w.org\/{rel}","templated":true}]}}