{"id":744857,"date":"2025-08-28T02:06:22","date_gmt":"2025-08-27T23:06:22","guid":{"rendered":"https:\/\/roveyayinevi.com.tr\/index.php\/urun\/kosova-zaferi-ankara-hezimeti\/"},"modified":"2026-04-16T02:56:44","modified_gmt":"2026-04-15T23:56:44","slug":"kosova-zaferi-ankara-hezimeti","status":"publish","type":"product","link":"https:\/\/roveyayinevi.com.tr\/index.php\/urun\/kosova-zaferi-ankara-hezimeti\/","title":{"rendered":"Kosova Zaferi Ankara Hezimeti"},"content":{"rendered":"<p>Fatma Aliye Han\u0131m Kitapl\u0131\u011f\u0131- 2 Y\u0131k\u0131l\u0131\u015f\u0131n e\u015fi\u011findeki Osmanl\u0131lar i\u00e7in, kurulu\u015f devrinin zaferleri yar\u0131nlar i\u00e7in bir tesellidir. Kosova&#8217;da, Ni\u011fbolu&#8217;da elde edilen ba\u015far\u0131lar umut sunar onlara. Aradaki yenilgiler ise y\u00f6neticilerin t\u00fcm\u00fcn\u00fc ele\u015ftirmek i\u00e7in bir f\u0131rsat sunar. B\u00fcy\u00fck tarih\u00e7i Cevdet Pa\u015fa&#8217;n\u0131n hem k\u0131z\u0131 hem de talebesi olan Fatma Aliye Han\u0131m, bir devrin tablosunu kaleme al\u0131r. Kosova Zaferi Ankara Hezimeti, yaz\u0131l\u0131\u015f\u0131ndan bir as\u0131r sonra g\u00fcn\u00fcm\u00fcz T\u00fcrk\u00e7esiyle ilk kez okuyucuyla bulu\u015fur. <\/p>\n","protected":false},"excerpt":{"rendered":"<p>Fatma Aliye Han\u0131m Kitapl\u0131\u011f\u0131- 2 Y\u0131k\u0131l\u0131\u015f\u0131n e\u015fi\u011findeki Osmanl\u0131lar i\u00e7in, kurulu\u015f devrinin zaferleri yar\u0131nlar i\u00e7in bir tesellidir. Kosova&#8217;da, Ni\u011fbolu&#8217;da elde edilen ba\u015far\u0131lar umut sunar onlara. Aradaki yenilgiler<span class=\"excerpt-hellip\"> [\u2026]<\/span><\/p>\n","protected":false},"featured_media":0,"template":"","meta":{"_monsterinsights_skip_tracking":false,"_monsterinsights_sitenote_active":false,"_monsterinsights_sitenote_note":"","_monsterinsights_sitenote_category":0},"product_brand":[],"product_cat":[12312,12304],"product_tag":[],"class_list":{"0":"post-744857","1":"product","2":"type-product","3":"status-publish","5":"product_cat-diger","6":"product_cat-tarih","7":"pa_cilt-ciltsiz","8":"pa_tur-kitap","9":"pa_yayinevi-sapiens-yayinlari","10":"pa_yazar-fatma-aliye-hanim","12":"first","13":"instock","14":"sale","15":"shipping-taxable","16":"purchasable","17":"product-type-simple"},"_links":{"self":[{"href":"https:\/\/roveyayinevi.com.tr\/index.php\/wp-json\/wp\/v2\/product\/744857","targetHints":{"allow":["GET"]}}],"collection":[{"href":"https:\/\/roveyayinevi.com.tr\/index.php\/wp-json\/wp\/v2\/product"}],"about":[{"href":"https:\/\/roveyayinevi.com.tr\/index.php\/wp-json\/wp\/v2\/types\/product"}],"wp:attachment":[{"href":"https:\/\/roveyayinevi.com.tr\/index.php\/wp-json\/wp\/v2\/media?parent=744857"}],"wp:term":[{"taxonomy":"product_brand","embeddable":true,"href":"https:\/\/roveyayinevi.com.tr\/index.php\/wp-json\/wp\/v2\/product_brand?post=744857"},{"taxonomy":"product_cat","embeddable":true,"href":"https:\/\/roveyayinevi.com.tr\/index.php\/wp-json\/wp\/v2\/product_cat?post=744857"},{"taxonomy":"product_tag","embeddable":true,"href":"https:\/\/roveyayinevi.com.tr\/index.php\/wp-json\/wp\/v2\/product_tag?post=744857"}],"curies":[{"name":"wp","href":"https:\/\/api.w.org\/{rel}","templated":true}]}}