{"id":744855,"date":"2025-08-28T02:06:19","date_gmt":"2025-08-27T23:06:19","guid":{"rendered":"https:\/\/roveyayinevi.com.tr\/index.php\/urun\/der-prozess\/"},"modified":"2026-04-08T03:04:37","modified_gmt":"2026-04-08T00:04:37","slug":"der-prozess","status":"publish","type":"product","link":"https:\/\/roveyayinevi.com.tr\/index.php\/urun\/der-prozess\/","title":{"rendered":"Der Prozess"},"content":{"rendered":"<p>\u201cJemand mu\u00dfte Josef K. verleumdet haben, denn ohne da\u00df er etwas B\u00f6ses getan h\u00e4tte, wurde er eines Morgens verhaftet. Die K\u00f6chin der Frau Grubach, seiner Zimmervermieterin, die ihm jeden Tag gegen acht Uhr fr\u00fch das Fr\u00fchst\u00fcck brachte, kam diesmal nicht. Das war noch niemals geschehen. K. wartete noch ein Weilchen, sah von seinem Kopfkissen aus die alte Frau, die ihm gegen\u00fcber wohnte und die ihn mit einer an ihr ganz ungew\u00f6hnlichen Neugierde beobachtete, dann aber, gleichzeitig befremdet und hungrig, l\u00e4utete er.\u201d Franz Kafka&#8217;s zeitloses Werk Der Prozess in der Originalsprache&#8230; <\/p>\n","protected":false},"excerpt":{"rendered":"<p>\u201cJemand mu\u00dfte Josef K. verleumdet haben, denn ohne da\u00df er etwas B\u00f6ses getan h\u00e4tte, wurde er eines Morgens verhaftet. Die K\u00f6chin der Frau Grubach, seiner Zimmervermieterin,<span class=\"excerpt-hellip\"> [\u2026]<\/span><\/p>\n","protected":false},"featured_media":0,"template":"","meta":{"_monsterinsights_skip_tracking":false,"_monsterinsights_sitenote_active":false,"_monsterinsights_sitenote_note":"","_monsterinsights_sitenote_category":0},"product_brand":[],"product_cat":[12291,12711],"product_tag":[],"class_list":{"0":"post-744855","1":"product","2":"type-product","3":"status-publish","5":"product_cat-edebiyat","6":"product_cat-roman-oyku","7":"pa_cilt-ciltsiz","8":"pa_tur-kitap","9":"pa_yayinevi-sapiens-yayinlari","10":"pa_yazar-franz-kafka","12":"first","13":"instock","14":"sale","15":"shipping-taxable","16":"purchasable","17":"product-type-simple"},"_links":{"self":[{"href":"https:\/\/roveyayinevi.com.tr\/index.php\/wp-json\/wp\/v2\/product\/744855","targetHints":{"allow":["GET"]}}],"collection":[{"href":"https:\/\/roveyayinevi.com.tr\/index.php\/wp-json\/wp\/v2\/product"}],"about":[{"href":"https:\/\/roveyayinevi.com.tr\/index.php\/wp-json\/wp\/v2\/types\/product"}],"wp:attachment":[{"href":"https:\/\/roveyayinevi.com.tr\/index.php\/wp-json\/wp\/v2\/media?parent=744855"}],"wp:term":[{"taxonomy":"product_brand","embeddable":true,"href":"https:\/\/roveyayinevi.com.tr\/index.php\/wp-json\/wp\/v2\/product_brand?post=744855"},{"taxonomy":"product_cat","embeddable":true,"href":"https:\/\/roveyayinevi.com.tr\/index.php\/wp-json\/wp\/v2\/product_cat?post=744855"},{"taxonomy":"product_tag","embeddable":true,"href":"https:\/\/roveyayinevi.com.tr\/index.php\/wp-json\/wp\/v2\/product_tag?post=744855"}],"curies":[{"name":"wp","href":"https:\/\/api.w.org\/{rel}","templated":true}]}}