{"id":744851,"date":"2025-08-28T02:06:15","date_gmt":"2025-08-27T23:06:15","guid":{"rendered":"https:\/\/roveyayinevi.com.tr\/index.php\/urun\/gri-sistemler-teorisi\/"},"modified":"2026-04-16T02:56:44","modified_gmt":"2026-04-15T23:56:44","slug":"gri-sistemler-teorisi","status":"publish","type":"product","link":"https:\/\/roveyayinevi.com.tr\/index.php\/urun\/gri-sistemler-teorisi\/","title":{"rendered":"Gri Sistemler Teorisi"},"content":{"rendered":"<p>B\u0130R\u0130NC\u0130 B\u00d6L\u00dcM GR\u0130 S\u0130STEMLER TEOR\u0130S\u0130   \u0130K\u0130NC\u0130 B\u00d6L\u00dcM GR\u0130 \u0130L\u0130\u015eK\u0130SEL ANAL\u0130Z Y\u00d6NTEM\u0130   \u00dc\u00c7\u00dcNC\u00dc B\u00d6L\u00dcM \u00c7\u0130FT\u00c7\u0130LER\u0130N \u00dcR\u00dcN EK\u0130M TERC\u0130HLER\u0130NDE GR\u0130 \u0130L\u0130\u015eK\u0130SEL ANAL\u0130Z UYGULAMASI <\/p>\n","protected":false},"excerpt":{"rendered":"<p>B\u0130R\u0130NC\u0130 B\u00d6L\u00dcM GR\u0130 S\u0130STEMLER TEOR\u0130S\u0130 \u0130K\u0130NC\u0130 B\u00d6L\u00dcM GR\u0130 \u0130L\u0130\u015eK\u0130SEL ANAL\u0130Z Y\u00d6NTEM\u0130 \u00dc\u00c7\u00dcNC\u00dc B\u00d6L\u00dcM \u00c7\u0130FT\u00c7\u0130LER\u0130N \u00dcR\u00dcN EK\u0130M TERC\u0130HLER\u0130NDE GR\u0130 \u0130L\u0130\u015eK\u0130SEL ANAL\u0130Z UYGULAMASI<\/p>\n","protected":false},"featured_media":0,"template":"","meta":{"_monsterinsights_skip_tracking":false,"_monsterinsights_sitenote_active":false,"_monsterinsights_sitenote_note":"","_monsterinsights_sitenote_category":0},"product_brand":[],"product_cat":[12573,12566],"product_tag":[],"class_list":{"0":"post-744851","1":"product","2":"type-product","3":"status-publish","5":"product_cat-akademik-kitaplar","6":"product_cat-egitim","7":"pa_cilt-ciltsiz","8":"pa_tur-kitap","9":"pa_yayinevi-gazi-kitabevi","10":"pa_yazar-fatma-feyza-gunduz-huseyin-atas","12":"first","13":"instock","14":"sale","15":"shipping-taxable","16":"purchasable","17":"product-type-simple"},"_links":{"self":[{"href":"https:\/\/roveyayinevi.com.tr\/index.php\/wp-json\/wp\/v2\/product\/744851","targetHints":{"allow":["GET"]}}],"collection":[{"href":"https:\/\/roveyayinevi.com.tr\/index.php\/wp-json\/wp\/v2\/product"}],"about":[{"href":"https:\/\/roveyayinevi.com.tr\/index.php\/wp-json\/wp\/v2\/types\/product"}],"wp:attachment":[{"href":"https:\/\/roveyayinevi.com.tr\/index.php\/wp-json\/wp\/v2\/media?parent=744851"}],"wp:term":[{"taxonomy":"product_brand","embeddable":true,"href":"https:\/\/roveyayinevi.com.tr\/index.php\/wp-json\/wp\/v2\/product_brand?post=744851"},{"taxonomy":"product_cat","embeddable":true,"href":"https:\/\/roveyayinevi.com.tr\/index.php\/wp-json\/wp\/v2\/product_cat?post=744851"},{"taxonomy":"product_tag","embeddable":true,"href":"https:\/\/roveyayinevi.com.tr\/index.php\/wp-json\/wp\/v2\/product_tag?post=744851"}],"curies":[{"name":"wp","href":"https:\/\/api.w.org\/{rel}","templated":true}]}}