{"id":744850,"date":"2025-08-28T02:06:13","date_gmt":"2025-08-27T23:06:13","guid":{"rendered":"https:\/\/roveyayinevi.com.tr\/index.php\/urun\/global-yalanlar\/"},"modified":"2026-04-16T02:56:44","modified_gmt":"2026-04-15T23:56:44","slug":"global-yalanlar","status":"publish","type":"product","link":"https:\/\/roveyayinevi.com.tr\/index.php\/urun\/global-yalanlar\/","title":{"rendered":"Global Yalanlar"},"content":{"rendered":"<p>Global Yalanlar asl\u0131nda \u00fclkemizin yerelden evrensele son \u00e7eyrek y\u00fczy\u0131l\u0131n\u0131 anlatan yaz\u0131lar dizgisidir. \u0130\u00e7inde yerelde siyasi yap\u0131lar, bombal\u0131 kaoslu se\u00e7imler, kavgalar, karambolleri bol olan ve Sovyetlerin \u00e7\u00f6z\u00fcl\u00fc\u015f\u00fcyle zincirlerinden bo\u015falan emperyalist barbarl\u0131\u011f\u0131n Yeni D\u00fcnya D\u00fczeni ad\u0131 alt\u0131nda D\u00fcnyay\u0131 yeniden dizayn atma amac\u0131yla bir yandan Balt\u0131klar, Adriyatik \u00c7in Hindi\u2019ne uzanan emperyalist ku\u015fatma harekat\u0131 di\u011fer yandan b\u00f6lgemiz Kuzey Afrika, Ortado\u011fu, Kafkaslar, BOP gibi sonradan GOP (B\u00fcy\u00fck veya Geni\u015fletilmi\u015f Ortado\u011fu Projesi) olarak geni\u015fletilen sald\u0131r\u0131lar\u0131 Rusya, \u00c7in seddine ula\u015fan hesapla\u015fmalar, yerelde L\u0130BO\u015eLAR (Liberal sol destek\u00e7iler),  FET\u00d6 darbe tezgah kar\u0131\u015f\u0131m\u0131 projeler, SI\u011eINMACI ad\u0131 alt\u0131nda \u00fclkeyi i\u015fgale varan, demografik, mezhepsel ve etnik geni\u015fletme oyunlar\u0131, dinci i\u00e7 sava\u015f naralar\u0131, kapitalist,  L\u0130BERAL emperyal hoyratl\u0131\u011f\u0131n b\u00f6lgemize dayatt\u0131\u011f\u0131 bu KARANLI\u011eIN hem yerelde hemde evrenselde emperyalist hikayesidir. \u0130\u00e7inde Balkanlar bo\u011fazla\u015fmas\u0131ndan, Venezuella hesapla\u015fmas\u0131na, 2001 11Eyl\u00fcl ABD irisi emperyalin kendine vuru\u015f TEZGAHIYLA  Afganistan, Irak ve Suriye kan g\u00f6l\u00fcne varan bir KARANLI\u011eIN \u00e7irkin y\u00fcz\u00fcn\u00fc iki kitap halinde Global Yalanlar ve Karanl\u0131\u011f\u0131n Dibi\u2019ni  Tarihe Not d\u00fc\u015fen yaz\u0131lar\u0131yla okuyacaks\u0131n\u0131z..<\/p>\n","protected":false},"excerpt":{"rendered":"<p>Global Yalanlar asl\u0131nda \u00fclkemizin yerelden evrensele son \u00e7eyrek y\u00fczy\u0131l\u0131n\u0131 anlatan yaz\u0131lar dizgisidir. \u0130\u00e7inde yerelde siyasi yap\u0131lar, bombal\u0131 kaoslu se\u00e7imler, kavgalar, karambolleri bol olan ve Sovyetlerin \u00e7\u00f6z\u00fcl\u00fc\u015f\u00fcyle<span class=\"excerpt-hellip\"> [\u2026]<\/span><\/p>\n","protected":false},"featured_media":0,"template":"","meta":{"_monsterinsights_skip_tracking":false,"_monsterinsights_sitenote_active":false,"_monsterinsights_sitenote_note":"","_monsterinsights_sitenote_category":0},"product_brand":[],"product_cat":[12777,12291],"product_tag":[],"class_list":{"0":"post-744850","1":"product","2":"type-product","3":"status-publish","5":"product_cat-deneme","6":"product_cat-edebiyat","7":"pa_cilt-ciltsiz","8":"pa_tur-kitap","9":"pa_yayinevi-platanus-publishing","10":"pa_yazar-ramazan-oncel","12":"first","13":"instock","14":"sale","15":"shipping-taxable","16":"purchasable","17":"product-type-simple"},"_links":{"self":[{"href":"https:\/\/roveyayinevi.com.tr\/index.php\/wp-json\/wp\/v2\/product\/744850","targetHints":{"allow":["GET"]}}],"collection":[{"href":"https:\/\/roveyayinevi.com.tr\/index.php\/wp-json\/wp\/v2\/product"}],"about":[{"href":"https:\/\/roveyayinevi.com.tr\/index.php\/wp-json\/wp\/v2\/types\/product"}],"wp:attachment":[{"href":"https:\/\/roveyayinevi.com.tr\/index.php\/wp-json\/wp\/v2\/media?parent=744850"}],"wp:term":[{"taxonomy":"product_brand","embeddable":true,"href":"https:\/\/roveyayinevi.com.tr\/index.php\/wp-json\/wp\/v2\/product_brand?post=744850"},{"taxonomy":"product_cat","embeddable":true,"href":"https:\/\/roveyayinevi.com.tr\/index.php\/wp-json\/wp\/v2\/product_cat?post=744850"},{"taxonomy":"product_tag","embeddable":true,"href":"https:\/\/roveyayinevi.com.tr\/index.php\/wp-json\/wp\/v2\/product_tag?post=744850"}],"curies":[{"name":"wp","href":"https:\/\/api.w.org\/{rel}","templated":true}]}}