{"id":744849,"date":"2025-08-28T02:06:12","date_gmt":"2025-08-27T23:06:12","guid":{"rendered":"https:\/\/roveyayinevi.com.tr\/index.php\/urun\/ozgur-dusuncelerin-mucadelesi\/"},"modified":"2026-04-16T02:56:44","modified_gmt":"2026-04-15T23:56:44","slug":"ozgur-dusuncelerin-mucadelesi","status":"publish","type":"product","link":"https:\/\/roveyayinevi.com.tr\/index.php\/urun\/ozgur-dusuncelerin-mucadelesi\/","title":{"rendered":"\u00d6zg\u00fcr D\u00fc\u015f\u00fcncelerin M\u00fccadelesi"},"content":{"rendered":"<p>Kurtulu\u015f sava\u015f\u0131n\u0131n ard\u0131ndan kazand\u0131\u011f\u0131m\u0131z \u00f6zg\u00fcrl\u00fc\u011f\u00fcm\u00fcz, Gazi Mustafa Kemal Atat\u00fcrk\u2019\u00fcn demokrasi ad\u0131na istedi\u011fi \u00e7ok partili rejime ge\u00e7me fikri, 1945 tarihinde \u00e7oklu partili rejime ge\u00e7ilmesi ile sonu\u00e7lanm\u0131\u015ft\u0131. Ancak bu d\u00fc\u015f\u00fcnce iyimser olarak g\u00f6r\u00fcnse de yeni kurulmu\u015f Cumhuriyet ve T\u00fcrk halk\u0131 buna haz\u0131r de\u011fildi. T\u00fcrk halk\u0131n\u0131n y\u00fcz y\u0131llard\u0131r padi\u015fah bask\u0131s\u0131 ile ya\u015fam\u0131\u015f bir toplum olmas\u0131n\u0131n d\u0131\u015f\u0131nda o d\u00f6nemlerde g\u00fcn\u00fcm\u00fczde oldu\u011fu gibi insanlar\u0131n dini duygular\u0131n\u0131n s\u00f6m\u00fcr\u00fcld\u00fc\u011f\u00fc y\u0131llard\u0131. Asl\u0131nda o \u00e7a\u011flarda g\u00fc\u00e7l\u00fc \u0130mparatorluklar\u0131n krallar\u0131 veya padi\u015fahlar\u0131n tek bir s\u00f6z\u00fcyle kendinden g\u00fc\u00e7s\u00fcz g\u00f6rd\u00fc\u011f\u00fc \u00fclkeler i\u015fgal edip, s\u00f6m\u00fcrgecilik anlay\u0131\u015f\u0131na sahipti. Osmanl\u0131 \u0130mparatorlu\u011fu ise, bu anlay\u0131\u015f\u0131 din ad\u0131 alt\u0131nda yap\u0131yordu. O \u00e7a\u011flar\u0131n Anayasas\u0131 maalesef buydu. Bu ba\u011flamda T\u00fcrk toplumunun \u00f6zg\u00fcrl\u00fck, insan haklar\u0131, e\u015fitlik, kendi ifade etme \u00f6zg\u00fcrl\u00fc\u011f\u00fc, demokrasi gibi kavramlar\u0131 benimsemesi kolay olmayacakt\u0131. Bu nedenle \u00e7ok partili rejime ge\u00e7me fikri, Atat\u00fcrk\u2019\u00fcn en b\u00fcy\u00fck yan\u0131lg\u0131s\u0131 oldu. \u00c7\u00fcnk\u00fc bu durum emperyalizmin ekme\u011fine ya\u011f s\u00fcrm\u00fc\u015f olmas\u0131n\u0131n d\u0131\u015f\u0131nda, kurtulu\u015f sava\u015f\u0131 sonras\u0131 devrimlerle in\u015fa edilen bir cumhuriyetin ard\u0131ndan 1945\u2019den sonraki d\u00f6nemlerde demokrasi ve ifade \u00f6zg\u00fcrl\u00fckleri gibi \u00f6zg\u00fcrl\u00fckler fa\u015fizme ve monar\u015fi y\u00f6netimlere ad\u0131m ad\u0131m teslim olmak zorunda kal\u0131yordu.  Evet, herkesin korktu\u011fu bir \u015fey oldu\u011fu s\u00f6ylenir. Fa\u015fistlerin en korktu\u011fu \u015fey ise, daima \u00f6zg\u00fcr iradeler olmu\u015ftur <\/p>\n","protected":false},"excerpt":{"rendered":"<p>Kurtulu\u015f sava\u015f\u0131n\u0131n ard\u0131ndan kazand\u0131\u011f\u0131m\u0131z \u00f6zg\u00fcrl\u00fc\u011f\u00fcm\u00fcz, Gazi Mustafa Kemal Atat\u00fcrk\u2019\u00fcn demokrasi ad\u0131na istedi\u011fi \u00e7ok partili rejime ge\u00e7me fikri, 1945 tarihinde \u00e7oklu partili rejime ge\u00e7ilmesi ile sonu\u00e7lanm\u0131\u015ft\u0131. Ancak<span class=\"excerpt-hellip\"> [\u2026]<\/span><\/p>\n","protected":false},"featured_media":0,"template":"","meta":{"_monsterinsights_skip_tracking":false,"_monsterinsights_sitenote_active":false,"_monsterinsights_sitenote_note":"","_monsterinsights_sitenote_category":0},"product_brand":[],"product_cat":[12777,12291],"product_tag":[],"class_list":{"0":"post-744849","1":"product","2":"type-product","3":"status-publish","5":"product_cat-deneme","6":"product_cat-edebiyat","7":"pa_cilt-ciltsiz","8":"pa_tur-kitap","9":"pa_yayinevi-platanus-publishing","10":"pa_yazar-serkan-dagli","12":"first","13":"instock","14":"sale","15":"shipping-taxable","16":"purchasable","17":"product-type-simple"},"_links":{"self":[{"href":"https:\/\/roveyayinevi.com.tr\/index.php\/wp-json\/wp\/v2\/product\/744849","targetHints":{"allow":["GET"]}}],"collection":[{"href":"https:\/\/roveyayinevi.com.tr\/index.php\/wp-json\/wp\/v2\/product"}],"about":[{"href":"https:\/\/roveyayinevi.com.tr\/index.php\/wp-json\/wp\/v2\/types\/product"}],"wp:attachment":[{"href":"https:\/\/roveyayinevi.com.tr\/index.php\/wp-json\/wp\/v2\/media?parent=744849"}],"wp:term":[{"taxonomy":"product_brand","embeddable":true,"href":"https:\/\/roveyayinevi.com.tr\/index.php\/wp-json\/wp\/v2\/product_brand?post=744849"},{"taxonomy":"product_cat","embeddable":true,"href":"https:\/\/roveyayinevi.com.tr\/index.php\/wp-json\/wp\/v2\/product_cat?post=744849"},{"taxonomy":"product_tag","embeddable":true,"href":"https:\/\/roveyayinevi.com.tr\/index.php\/wp-json\/wp\/v2\/product_tag?post=744849"}],"curies":[{"name":"wp","href":"https:\/\/api.w.org\/{rel}","templated":true}]}}