{"id":744847,"date":"2025-08-28T02:06:09","date_gmt":"2025-08-27T23:06:09","guid":{"rendered":"https:\/\/roveyayinevi.com.tr\/index.php\/urun\/sohbeti-rahman-cilt-1\/"},"modified":"2026-04-16T02:56:44","modified_gmt":"2026-04-15T23:56:44","slug":"sohbeti-rahman-cilt-1","status":"publish","type":"product","link":"https:\/\/roveyayinevi.com.tr\/index.php\/urun\/sohbeti-rahman-cilt-1\/","title":{"rendered":"Sohbeti Rahman Cilt 1"},"content":{"rendered":"<p>Okumaya doyamayaca\u011f\u0131n\u0131z, her okudu\u011funuzda ba\u015fka ba\u015fka   \u015feyler \u00f6\u011frenece\u011finiz muhte\u015fem bir eser. Bu g\u00fczel eserin   g\u00f6n\u00fcllere \u015fifa, arafta kalan kullar\u0131n hidayetine vesile,   s\u00f6zle \u201cElhamd\u00fclillah M\u00fcsl\u00fcman\u2019\u0131m.\u201d Deyip, ya\u015fant\u0131s\u0131yla   \u0130slam\u2019la alakas\u0131 olmayan gafletteki kullar\u0131n uyanmas\u0131   i\u00e7in bir ba\u015flang\u0131\u00e7, A\u015fk\u0131n Yolculu\u011funa talip olup   dervi\u015flik r\u00fctbesini tak\u0131nmak isteyenlere de   rehber olmas\u0131n\u0131  Allah\u2019tan niyaz ederim.<\/p>\n","protected":false},"excerpt":{"rendered":"<p>Okumaya doyamayaca\u011f\u0131n\u0131z, her okudu\u011funuzda ba\u015fka ba\u015fka \u015feyler \u00f6\u011frenece\u011finiz muhte\u015fem bir eser. Bu g\u00fczel eserin g\u00f6n\u00fcllere \u015fifa, arafta kalan kullar\u0131n hidayetine vesile, s\u00f6zle \u201cElhamd\u00fclillah M\u00fcsl\u00fcman\u2019\u0131m.\u201d Deyip, ya\u015fant\u0131s\u0131yla<span class=\"excerpt-hellip\"> [\u2026]<\/span><\/p>\n","protected":false},"featured_media":0,"template":"","meta":{"_monsterinsights_skip_tracking":false,"_monsterinsights_sitenote_active":false,"_monsterinsights_sitenote_note":"","_monsterinsights_sitenote_category":0},"product_brand":[],"product_cat":[12718,12719],"product_tag":[],"class_list":{"0":"post-744847","1":"product","2":"type-product","3":"status-publish","5":"product_cat-din","6":"product_cat-islam","7":"pa_cilt-ciltsiz","8":"pa_tur-kitap","9":"pa_yayinevi-platanus-publishing","10":"pa_yazar-secil-yilmaz-eser","12":"first","13":"instock","14":"sale","15":"shipping-taxable","16":"purchasable","17":"product-type-simple"},"_links":{"self":[{"href":"https:\/\/roveyayinevi.com.tr\/index.php\/wp-json\/wp\/v2\/product\/744847","targetHints":{"allow":["GET"]}}],"collection":[{"href":"https:\/\/roveyayinevi.com.tr\/index.php\/wp-json\/wp\/v2\/product"}],"about":[{"href":"https:\/\/roveyayinevi.com.tr\/index.php\/wp-json\/wp\/v2\/types\/product"}],"wp:attachment":[{"href":"https:\/\/roveyayinevi.com.tr\/index.php\/wp-json\/wp\/v2\/media?parent=744847"}],"wp:term":[{"taxonomy":"product_brand","embeddable":true,"href":"https:\/\/roveyayinevi.com.tr\/index.php\/wp-json\/wp\/v2\/product_brand?post=744847"},{"taxonomy":"product_cat","embeddable":true,"href":"https:\/\/roveyayinevi.com.tr\/index.php\/wp-json\/wp\/v2\/product_cat?post=744847"},{"taxonomy":"product_tag","embeddable":true,"href":"https:\/\/roveyayinevi.com.tr\/index.php\/wp-json\/wp\/v2\/product_tag?post=744847"}],"curies":[{"name":"wp","href":"https:\/\/api.w.org\/{rel}","templated":true}]}}