{"id":744846,"date":"2025-08-28T02:06:08","date_gmt":"2025-08-27T23:06:08","guid":{"rendered":"https:\/\/roveyayinevi.com.tr\/index.php\/urun\/guncelleme\/"},"modified":"2026-04-16T02:56:44","modified_gmt":"2026-04-15T23:56:44","slug":"guncelleme","status":"publish","type":"product","link":"https:\/\/roveyayinevi.com.tr\/index.php\/urun\/guncelleme\/","title":{"rendered":"G\u00fcncelleme"},"content":{"rendered":"<p>\u0130nsanl\u0131\u011f\u0131n ya\u015fad\u0131\u011f\u0131 en eski ve uzun devir olan Ta\u015f Devrinden belle\u011fimizde kalan duygular ve d\u00fc\u015f\u00fcnceler bug\u00fcn bizi nas\u0131l etkiliyor? Kitapta yer alan be\u015f \u00f6yk\u00fc ile, k\u0131rk bin y\u0131l \u00f6nce kurtlar\u0131n evcille\u015ftirilmesi, on bin y\u0131l \u00f6nce yaban kedisinin evcille\u015ftirilmesi, g\u00fcn\u00fcm\u00fczdeki insan-hayvan ili\u015fkileri ve gelecekte yapay zekan\u0131n yapabilecekleri anlat\u0131l\u0131yor. \u00d6yk\u00fcler birbirinden ba\u011f\u0131ms\u0131z olsa da birbirinin devam\u0131 niteli\u011finde. Ta\u015f Devrinden bu yana teknoloji geli\u015fse de insanlar\u0131n d\u00fcrt\u00fcleri, g\u00fcd\u00fcleri ve davran\u0131\u015flar\u0131 de\u011fi\u015fmemi\u015f. Ge\u00e7mi\u015fimiz, bir \u00f6n izleme gibi, bug\u00fcn olanlar\u0131n ve yar\u0131n olacaklar\u0131n temelini d\u00fcnden olu\u015fturmu\u015f. Vah\u015fet dolu ge\u00e7mi\u015finden kaynaklanan korkular, \u015f\u00fcpheler, endi\u015feler, insan\u0131, \u00f6tekile\u015ftirdi\u011fi canl\u0131lara kar\u015f\u0131 daima temkinli, s\u0131kl\u0131kla \u015f\u00fcpheci, ve bazen de \u015fiddetli olmaya y\u00f6neltiyor. \u0130nsan\u0131n bencilli\u011fi, benmerkezcili\u011fi ve faydac\u0131l\u0131\u011f\u0131 etik de\u011ferlerin \u00f6n\u00fcne ge\u00e7mi\u015f; insan kendi \u00e7\u0131karlar\u0131 i\u00e7in ba\u015fka insanlar\u0131n ve canl\u0131lar\u0131n ya\u015fam haklar\u0131n\u0131 hi\u00e7e saym\u0131\u015f. Medeniyet apartman\u0131, yanl\u0131\u015f temeller \u00fczerine, eksik malzemelerle in\u015fa edilmi\u015f ve hafif bir sars\u0131nt\u0131da y\u0131k\u0131lmaya mahkum. N\u00fcfusu artan ve kaynaklar\u0131 k\u0131tla\u015fan d\u00fcnyada, giderek daha mahvedici silahlar\u0131yla insan eski insandan daha m\u0131 zorba olacak? <\/p>\n","protected":false},"excerpt":{"rendered":"<p>\u0130nsanl\u0131\u011f\u0131n ya\u015fad\u0131\u011f\u0131 en eski ve uzun devir olan Ta\u015f Devrinden belle\u011fimizde kalan duygular ve d\u00fc\u015f\u00fcnceler bug\u00fcn bizi nas\u0131l etkiliyor? Kitapta yer alan be\u015f \u00f6yk\u00fc ile, k\u0131rk<span class=\"excerpt-hellip\"> [\u2026]<\/span><\/p>\n","protected":false},"featured_media":0,"template":"","meta":{"_monsterinsights_skip_tracking":false,"_monsterinsights_sitenote_active":false,"_monsterinsights_sitenote_note":"","_monsterinsights_sitenote_category":0},"product_brand":[],"product_cat":[12777,12291],"product_tag":[],"class_list":{"0":"post-744846","1":"product","2":"type-product","3":"status-publish","5":"product_cat-deneme","6":"product_cat-edebiyat","7":"pa_cilt-ciltsiz","8":"pa_tur-kitap","9":"pa_yayinevi-platanus-publishing","10":"pa_yazar-gulgun-tuna","12":"first","13":"instock","14":"sale","15":"shipping-taxable","16":"purchasable","17":"product-type-simple"},"_links":{"self":[{"href":"https:\/\/roveyayinevi.com.tr\/index.php\/wp-json\/wp\/v2\/product\/744846","targetHints":{"allow":["GET"]}}],"collection":[{"href":"https:\/\/roveyayinevi.com.tr\/index.php\/wp-json\/wp\/v2\/product"}],"about":[{"href":"https:\/\/roveyayinevi.com.tr\/index.php\/wp-json\/wp\/v2\/types\/product"}],"wp:attachment":[{"href":"https:\/\/roveyayinevi.com.tr\/index.php\/wp-json\/wp\/v2\/media?parent=744846"}],"wp:term":[{"taxonomy":"product_brand","embeddable":true,"href":"https:\/\/roveyayinevi.com.tr\/index.php\/wp-json\/wp\/v2\/product_brand?post=744846"},{"taxonomy":"product_cat","embeddable":true,"href":"https:\/\/roveyayinevi.com.tr\/index.php\/wp-json\/wp\/v2\/product_cat?post=744846"},{"taxonomy":"product_tag","embeddable":true,"href":"https:\/\/roveyayinevi.com.tr\/index.php\/wp-json\/wp\/v2\/product_tag?post=744846"}],"curies":[{"name":"wp","href":"https:\/\/api.w.org\/{rel}","templated":true}]}}